{"id":1808,"date":"2025-04-16T17:40:05","date_gmt":"2025-04-16T15:40:05","guid":{"rendered":"https:\/\/www.leclubdesaubergistes.fr\/lhotel-en\/"},"modified":"2025-07-19T12:43:49","modified_gmt":"2025-07-19T10:43:49","slug":"event-organizer","status":"publish","type":"page","link":"https:\/\/www.leclubdesaubergistes.fr\/en\/event-organizer\/","title":{"rendered":"Event organizers"},"content":{"rendered":"\n<section class=\"heading wp-elements-92acd9c1ecaca6b123408618fd275525 wp-elements-92acd9c1ecaca6b123408618fd275525 wp-block-acf-heading has-text-color has-primary-color has-background has-white-100-background-color\">\n\t<div class=\"heading__container\">\n\t\t\t\t\t<div class=\"heading__background-picture\">\n\t\t\t\t<img decoding=\"async\" width=\"1620\" height=\"1080\" src=\"https:\/\/www.leclubdesaubergistes.fr\/wp-content\/uploads\/sites\/7\/2025\/06\/evenement-a-lyon.jpg\" class=\"attachment-full size-full\" alt=\"evenement a lyon\" fetchpriority=\"high\" srcset=\"https:\/\/www.leclubdesaubergistes.fr\/wp-content\/uploads\/sites\/7\/2025\/06\/evenement-a-lyon.jpg 1620w, https:\/\/www.leclubdesaubergistes.fr\/wp-content\/uploads\/sites\/7\/2025\/06\/evenement-a-lyon-600x400.jpg 600w, https:\/\/www.leclubdesaubergistes.fr\/wp-content\/uploads\/sites\/7\/2025\/06\/evenement-a-lyon-1400x933.jpg 1400w, https:\/\/www.leclubdesaubergistes.fr\/wp-content\/uploads\/sites\/7\/2025\/06\/evenement-a-lyon-768x512.jpg 768w, https:\/\/www.leclubdesaubergistes.fr\/wp-content\/uploads\/sites\/7\/2025\/06\/evenement-a-lyon-1536x1024.jpg 1536w\" sizes=\"(max-width: 1620px) 100vw, 1620px\" \/>\t\t\t<\/div>\n\t\t\t\t<div class=\"heading__layout\">\n\t\t\t<div class=\"heading__content-wrapper has-white-100-background-color\">\n\t\t\t\t<div class=\"heading__content has-white-100-background-color\">\n\t\t\t\t\t\t\t\t\t<p id=\"breadcrumbs\"><span><span><a href=\"https:\/\/www.leclubdesaubergistes.fr\/en\/\">Home<\/a><\/span><\/span><\/p>\t\t\t\t\t\t\t\t\t<div class=\"acf-innerblocks-container\">\n\n<div class=\"wp-block-group heading-content-group is-layout-grid wp-container-core-group-is-layout-96b258e4 wp-block-group-is-layout-grid\">\n<h1 class=\"wp-block-heading has-text-align-left heading__title has-primary-color has-text-color has-xx-large-font-size wp-container-content-32a3e683\">Your complete event<\/h1>\n\n\n\n<p class=\"heading__chapo has-primary-color has-text-color\">From contact to reception<\/p>\n<\/div>\n\n<\/div>\n\t\t\t\t<\/div>\n\t\t\t\t\t\t\t\t<div class=\"heading__illustration illustration-with-parallax desktop-only\">\n\t\t\t\t\t<img decoding=\"async\" width=\"512\" height=\"512\" src=\"https:\/\/www.leclubdesaubergistes.fr\/wp-content\/uploads\/sites\/7\/2025\/04\/cropped-cecile-dame.png\" class=\"attachment-full size-full\" alt=\"cropped cecile dame\" fetchpriority=\"high\" srcset=\"https:\/\/www.leclubdesaubergistes.fr\/wp-content\/uploads\/sites\/7\/2025\/04\/cropped-cecile-dame.png 512w, https:\/\/www.leclubdesaubergistes.fr\/wp-content\/uploads\/sites\/7\/2025\/04\/cropped-cecile-dame-300x300.png 300w, https:\/\/www.leclubdesaubergistes.fr\/wp-content\/uploads\/sites\/7\/2025\/04\/cropped-cecile-dame-270x270.png 270w, https:\/\/www.leclubdesaubergistes.fr\/wp-content\/uploads\/sites\/7\/2025\/04\/cropped-cecile-dame-192x192.png 192w, https:\/\/www.leclubdesaubergistes.fr\/wp-content\/uploads\/sites\/7\/2025\/04\/cropped-cecile-dame-180x180.png 180w, https:\/\/www.leclubdesaubergistes.fr\/wp-content\/uploads\/sites\/7\/2025\/04\/cropped-cecile-dame-32x32.png 32w\" sizes=\"(max-width: 512px) 100vw, 512px\" \/>\t\t\t\t<\/div>\n\t\t\t\t\t\t\t<\/div>\n\t\t<\/div>\n\t<\/div>\n<\/section>\n\n\n\t<section\n\t\tstyle=\"padding-top:var(--wp--preset--spacing--theme-default);padding-bottom:var(--wp--preset--spacing--theme-default);\" class=\"block-container align wp-block-acf-block-container has-background has-white-background-color is-layout-flow wp-block-acf-block-container-is-layout-flow\"\t>\n\n\t\n\n<div class=\"wp-block-group has-global-padding is-layout-constrained wp-block-group-is-layout-constrained\">\n<p>Are you looking for an event organizer in Lyon who can turn your project into a smooth, memorable experience? More than just a room rental, we offer you a tailor-made service, almost like a concierge service, so that all you have to do is enjoy yourself. <\/p>\n\n\n\n<p><strong>Because we are Aubergistes, Lyonnais&#8230; and we would be delighted to welcome you to our home.<\/strong><\/p>\n<\/div>\n\n\n\n<\/section>\n\n\t<section\n\t\tstyle=\"padding-top:var(--wp--preset--spacing--theme-default);padding-bottom:var(--wp--preset--spacing--theme-default);\" class=\"double-columns double-columns-reverse_colums_mobile image-is-animate wp-block-acf-double-columns has-background has-white-100-background-color has-global-padding is-layout-constrained wp-container-acf-double-columns-is-layout-a22d0bdd wp-block-acf-double-columns-is-layout-constrained\"\t>\n\n<div class=\"double-columns__innerblocks\">\n\n<div class=\"wp-block-group is-layout-flow wp-block-group-is-layout-flow\">\n<figure class=\"wp-block-image size-full image-is-animate\"><img decoding=\"async\" width=\"720\" height=\"1080\" src=\"https:\/\/www.leclubdesaubergistes.fr\/wp-content\/uploads\/sites\/7\/2025\/06\/les-aubergistes-lyonnais-presse-1.jpg\" alt=\"les aubergistes lyonnais press 1\" class=\"wp-image-5361\" style=\"aspect-ratio:3\/4;object-fit:cover\" srcset=\"https:\/\/www.leclubdesaubergistes.fr\/wp-content\/uploads\/sites\/7\/2025\/06\/les-aubergistes-lyonnais-presse-1.jpg 720w, https:\/\/www.leclubdesaubergistes.fr\/wp-content\/uploads\/sites\/7\/2025\/06\/les-aubergistes-lyonnais-presse-1-400x600.jpg 400w\" sizes=\"(max-width: 720px) 100vw, 720px\" \/><\/figure>\n<\/div>\n\n\n\n<div class=\"wp-block-group is-vertical is-content-justification-stretch is-layout-flex wp-container-core-group-is-layout-a67fda00 wp-block-group-is-layout-flex\">\n<h2 class=\"wp-block-heading has-text-align-center\">Tailor-made support<\/h2>\n\n\n\n<p>Our dedicated team is with you every step of the way to organize your event in Lyon. From our very first meeting, we&#8217;ll define your project together and do everything we can to bring it to fruition with fluidity and precision. One contact, one follow-up, one voice for your event from A to Z.  <\/p>\n<\/div>\n\n<\/div>\n\n<\/section>\n\n\t<section\n\t\tstyle=\"padding-top:var(--wp--preset--spacing--theme-default);padding-bottom:var(--wp--preset--spacing--theme-default);\" class=\"block-container align wp-block-acf-block-container has-background has-white-background-color has-global-padding is-layout-constrained wp-container-acf-block-container-is-layout-ecaf6ffa wp-block-acf-block-container-is-layout-constrained\"\t>\n\n\t\n\n<div class=\"wp-block-group is-layout-flow wp-container-core-group-is-layout-6438c6a4 wp-block-group-is-layout-flow\">\n<figure class=\"wp-block-image aligncenter size-full is-resized\"><img decoding=\"async\" width=\"350\" height=\"350\" src=\"https:\/\/www.leclubdesaubergistes.fr\/wp-content\/uploads\/sites\/7\/2025\/04\/PLATEAU.png\" alt=\"PLATEAU\" class=\"wp-image-2306\" style=\"width:146px;height:auto\" srcset=\"https:\/\/www.leclubdesaubergistes.fr\/wp-content\/uploads\/sites\/7\/2025\/04\/PLATEAU.png 350w, https:\/\/www.leclubdesaubergistes.fr\/wp-content\/uploads\/sites\/7\/2025\/04\/PLATEAU-300x300.png 300w\" sizes=\"(max-width: 350px) 100vw, 350px\" \/><\/figure>\n\n\n\n<h2 class=\"wp-block-heading has-text-align-center\">Our event organization services in Lyon<\/h2>\n\n\n\n<ul class=\"wp-block-list\">\n<li><strong>Tailor-made planning<\/strong>: a program designed with you in mind.<\/li>\n\n\n\n<li><strong>Selection of service providers <\/strong>: decoration, ambience, entertainment &#8211; we work with the best.<\/li>\n\n\n\n<li><strong>Personalized gastronomy<\/strong>: menus created with our chefs to suit your tastes.  <\/li>\n\n\n\n<li><strong>Logistics management <\/strong>: set-up, reception, coordination, everything is handled by our team.  <\/li>\n\n\n\n<li><strong>A discreet but effective presence <\/strong>: we ensure the success of your event without ever being intrusive.<\/li>\n<\/ul>\n<\/div>\n\n\n\n<\/section>\n\n\t<section\n\t\tstyle=\"padding-top:var(--wp--preset--spacing--theme-default);padding-bottom:var(--wp--preset--spacing--theme-default);\" class=\"double-columns double-columns-reverse_colums_mobile image-is-animate wp-block-acf-double-columns has-background has-white-100-background-color has-global-padding is-layout-constrained wp-container-acf-double-columns-is-layout-a22d0bdd wp-block-acf-double-columns-is-layout-constrained\"\t>\n\n<div class=\"double-columns__innerblocks\">\n\n<div class=\"wp-block-group is-layout-flow wp-block-group-is-layout-flow\">\n<figure class=\"wp-block-image size-full image-is-animate\"><img decoding=\"async\" width=\"779\" height=\"1080\" src=\"https:\/\/www.leclubdesaubergistes.fr\/wp-content\/uploads\/sites\/7\/2025\/06\/evenement-cle-en-main-lyon.jpg\" alt=\"turnkey event lyon\" class=\"wp-image-5733\" style=\"aspect-ratio:3\/4;object-fit:cover\" srcset=\"https:\/\/www.leclubdesaubergistes.fr\/wp-content\/uploads\/sites\/7\/2025\/06\/evenement-cle-en-main-lyon.jpg 779w, https:\/\/www.leclubdesaubergistes.fr\/wp-content\/uploads\/sites\/7\/2025\/06\/evenement-cle-en-main-lyon-433x600.jpg 433w, https:\/\/www.leclubdesaubergistes.fr\/wp-content\/uploads\/sites\/7\/2025\/06\/evenement-cle-en-main-lyon-768x1065.jpg 768w\" sizes=\"(max-width: 779px) 100vw, 779px\" \/><\/figure>\n<\/div>\n\n\n\n<div class=\"wp-block-group is-vertical is-content-justification-stretch is-layout-flex wp-container-core-group-is-layout-a67fda00 wp-block-group-is-layout-flex\">\n<h2 class=\"wp-block-heading has-text-align-center\"><mark class=\"has-inline-color has-secondary-color\">Turnkey<\/mark> organization<\/h2>\n\n\n\n<p>Whether it&#8217;s a seminar, a product launch, a business dinner or a networking cocktail party, we put our expertise to work for you. As organizers of networking events in Lyon, we create inspiring encounters in exceptional settings. <\/p>\n<\/div>\n\n<\/div>\n\n<\/section>\n\n\t<section\n\t\tstyle=\"padding-top:var(--wp--preset--spacing--theme-default);padding-bottom:var(--wp--preset--spacing--theme-default);\" class=\"block-container align wp-block-acf-block-container has-background has-white-background-color has-global-padding is-layout-constrained wp-container-acf-block-container-is-layout-2c8b3134 wp-block-acf-block-container-is-layout-constrained\"\t>\n\n\t\n\n<div class=\"wp-block-group has-global-padding is-layout-constrained wp-block-group-is-layout-constrained\">\n<h3 class=\"wp-block-heading has-text-align-center\">Let&#8217;s design your event together!<\/h3>\n\n\n\n<p class=\"has-text-align-center\">Leave nothing to chance and let us organize your event at<strong> <\/strong>Lyon for a stress-free experience.<\/p>\n\n\n\n<div\n\tstyle=\"padding-bottom:var(--wp--preset--spacing--theme-s);\" class=\"text-on-images text-on-images align wp-block-acf-text-on-images\">\n\t\t<figure class=\"text-on-images__images text-on-images__images--white-overlay\">\n\t\t<img decoding=\"async\" width=\"200\" height=\"300\" src=\"https:\/\/www.leclubdesaubergistes.fr\/wp-content\/uploads\/sites\/7\/2025\/03\/seminaire_lyon_centre-200x300.jpg\" class=\"attachment-medium size-medium\" alt=\"seminaire lyon centre scaled\" srcset=\"https:\/\/www.leclubdesaubergistes.fr\/wp-content\/uploads\/sites\/7\/2025\/03\/seminaire_lyon_centre-200x300.jpg 200w, https:\/\/www.leclubdesaubergistes.fr\/wp-content\/uploads\/sites\/7\/2025\/03\/seminaire_lyon_centre-682x1024.jpg 682w, https:\/\/www.leclubdesaubergistes.fr\/wp-content\/uploads\/sites\/7\/2025\/03\/seminaire_lyon_centre-768x1152.jpg 768w, https:\/\/www.leclubdesaubergistes.fr\/wp-content\/uploads\/sites\/7\/2025\/03\/seminaire_lyon_centre-1024x1536.jpg 1024w, https:\/\/www.leclubdesaubergistes.fr\/wp-content\/uploads\/sites\/7\/2025\/03\/seminaire_lyon_centre-1365x2048.jpg 1365w, https:\/\/www.leclubdesaubergistes.fr\/wp-content\/uploads\/sites\/7\/2025\/03\/seminaire_lyon_centre-scaled.jpg 1706w\" sizes=\"(max-width: 200px) 100vw, 200px\" \/><img decoding=\"async\" width=\"200\" height=\"300\" src=\"https:\/\/www.leclubdesaubergistes.fr\/wp-content\/uploads\/sites\/7\/2025\/03\/seminaire_lyon_centre1-200x300.jpg\" class=\"attachment-medium size-medium\" alt=\"seminaire lyon centre1\" srcset=\"https:\/\/www.leclubdesaubergistes.fr\/wp-content\/uploads\/sites\/7\/2025\/03\/seminaire_lyon_centre1-200x300.jpg 200w, https:\/\/www.leclubdesaubergistes.fr\/wp-content\/uploads\/sites\/7\/2025\/03\/seminaire_lyon_centre1-683x1024.jpg 683w, https:\/\/www.leclubdesaubergistes.fr\/wp-content\/uploads\/sites\/7\/2025\/03\/seminaire_lyon_centre1.jpg 720w\" sizes=\"(max-width: 200px) 100vw, 200px\" \/><img decoding=\"async\" width=\"200\" height=\"300\" src=\"https:\/\/www.leclubdesaubergistes.fr\/wp-content\/uploads\/sites\/7\/2025\/03\/seminaire_lyon_centre3-200x300.jpeg\" class=\"attachment-medium size-medium\" alt=\"seminaire lyon centre3\" srcset=\"https:\/\/www.leclubdesaubergistes.fr\/wp-content\/uploads\/sites\/7\/2025\/03\/seminaire_lyon_centre3-200x300.jpeg 200w, https:\/\/www.leclubdesaubergistes.fr\/wp-content\/uploads\/sites\/7\/2025\/03\/seminaire_lyon_centre3-683x1024.jpeg 683w, https:\/\/www.leclubdesaubergistes.fr\/wp-content\/uploads\/sites\/7\/2025\/03\/seminaire_lyon_centre3.jpeg 720w\" sizes=\"(max-width: 200px) 100vw, 200px\" \/><img decoding=\"async\" width=\"200\" height=\"300\" src=\"https:\/\/www.leclubdesaubergistes.fr\/wp-content\/uploads\/sites\/7\/2025\/03\/seminaire_lyon_centre2-200x300.jpg\" class=\"attachment-medium size-medium\" alt=\"seminaire lyon centre2 scaled\" srcset=\"https:\/\/www.leclubdesaubergistes.fr\/wp-content\/uploads\/sites\/7\/2025\/03\/seminaire_lyon_centre2-200x300.jpg 200w, https:\/\/www.leclubdesaubergistes.fr\/wp-content\/uploads\/sites\/7\/2025\/03\/seminaire_lyon_centre2-682x1024.jpg 682w, https:\/\/www.leclubdesaubergistes.fr\/wp-content\/uploads\/sites\/7\/2025\/03\/seminaire_lyon_centre2-768x1152.jpg 768w, https:\/\/www.leclubdesaubergistes.fr\/wp-content\/uploads\/sites\/7\/2025\/03\/seminaire_lyon_centre2-1024x1536.jpg 1024w, https:\/\/www.leclubdesaubergistes.fr\/wp-content\/uploads\/sites\/7\/2025\/03\/seminaire_lyon_centre2-1365x2048.jpg 1365w, https:\/\/www.leclubdesaubergistes.fr\/wp-content\/uploads\/sites\/7\/2025\/03\/seminaire_lyon_centre2-scaled.jpg 1706w\" sizes=\"(max-width: 200px) 100vw, 200px\" \/>\t<\/figure>\n\t\t\n\n<h4 class=\"wp-block-heading has-text-align-center text-on-images__title has-secondary-color has-text-color has-link-color wp-elements-c8085a73848573059ce93b033b44818f\">Candice \u00e0 votre service<\/h4>\n\n\n<\/div>\n\n\n\n<section id=\"\"\n\tclass=\"contact-button align wp-block-acf-contact-button\">\n\t<div class=\"contact-button__wrapper\">\n\t\t<a class=\"contact-button__link\" href=\"tel:+33618735844\" target=\"_blank\"><\/a>\n\t\t<h4 class=\"contact-button__title\">Mobile<\/h4>\n\t\t<span class=\"contact-button__phone\">\n\t\t\t+33 6 18 73 58 44\t\t<\/span>\n\t\t<svg xmlns=\"http:\/\/www.w3.org\/2000\/svg\" width=\"24\" height=\"24\" viewBox=\"0 0 24 24\" fill=\"none\">\n\t\t\t<path\n\t\t\t\td=\"M2.91401 2.35785C0.000100602 5.40464 1.73444 12.1696 6.78666 17.462C11.8389 22.7544 18.2915 24.5712 21.2054 21.5188C22.0887 20.5934 22.4873 18.4945 22.4873 18.4945C22.5519 18.1504 22.3634 17.7611 22.0618 17.6369L16.7726 15.4252C16.471 15.3011 16.0239 15.4026 15.7815 15.6622L14.2519 17.2645C13.961 17.5692 13.5355 17.6482 13.207 17.4902C13.18 17.479 13.1531 17.462 13.1262 17.4507C13.1154 17.4451 13.1046 17.4395 13.0939 17.4282C11.9304 16.7624 10.697 15.7976 9.53899 14.5845C8.38096 13.3714 7.45454 12.0794 6.82436 10.8606C6.81898 10.8494 6.81359 10.8381 6.80821 10.8268C6.79205 10.7986 6.78127 10.7704 6.76512 10.7422C6.6143 10.3923 6.68432 9.95225 6.98056 9.64193L8.51562 8.0339C8.75799 7.78 8.86033 7.3117 8.74184 6.99574L6.63046 1.46074C6.51197 1.14477 6.14032 0.941653 5.81177 1.015C5.81177 1.015 3.80811 1.43252 2.92478 2.35785H2.91401Z\"\n\t\t\t\tstroke=\"#3C3B3A\" stroke-width=\"2\" stroke-miterlimit=\"10\" \/>\n\t\t<\/svg>\n\t<\/button>\n\t<\/section>\n\n\n\n<div class=\"wp-block-buttons is-content-justification-center is-layout-flex wp-container-core-buttons-is-layout-a89b3969 wp-block-buttons-is-layout-flex\">\n<div class=\"wp-block-button is-style-label-button is-style-label-button--1\"><a class=\"wp-block-button__link wp-element-button\" href=\"https:\/\/www.leclubdesaubergistes.fr\/en\/free-quotation\/\">free quotation<\/a><\/div>\n<\/div>\n<\/div>\n\n\n\n<\/section>\n","protected":false},"excerpt":{"rendered":"","protected":false},"author":1,"featured_media":4359,"parent":0,"menu_order":0,"comment_status":"closed","ping_status":"closed","template":"","meta":{"_acf_changed":false,"inline_featured_image":false,"footnotes":""},"class_list":["post-1808","page","type-page","status-publish","has-post-thumbnail","hentry"],"acf":[],"yoast_head":"<!-- This site is optimized with the Yoast SEO plugin v27.4 - https:\/\/yoast.com\/product\/yoast-seo-wordpress\/ -->\n<title>Tailor-made event organizer in Lyon Centre<\/title>\n<meta name=\"description\" content=\"Le Club des Aubergistes Lyonnais - A turnkey service to organize your tailor-made event in Lyon.\" \/>\n<meta name=\"robots\" content=\"index, follow, max-snippet:-1, max-image-preview:large, max-video-preview:-1\" \/>\n<link rel=\"canonical\" href=\"https:\/\/www.leclubdesaubergistes.fr\/en\/event-organizer\/\" \/>\n<meta property=\"og:locale\" content=\"en_US\" \/>\n<meta property=\"og:type\" content=\"article\" \/>\n<meta property=\"og:title\" content=\"Tailor-made event organizer in Lyon Centre\" \/>\n<meta property=\"og:description\" content=\"Le Club des Aubergistes Lyonnais - A turnkey service to organize your tailor-made event in Lyon.\" \/>\n<meta property=\"og:url\" content=\"https:\/\/www.leclubdesaubergistes.fr\/en\/event-organizer\/\" \/>\n<meta property=\"og:site_name\" content=\"Le Club des Aubergistes\" \/>\n<meta property=\"article:modified_time\" content=\"2025-07-19T10:43:49+00:00\" \/>\n<meta property=\"og:image\" content=\"https:\/\/www.leclubdesaubergistes.fr\/wp-content\/uploads\/sites\/7\/2025\/03\/hotel_lyon_centre_bellecour29.jpg\" \/>\n\t<meta property=\"og:image:width\" content=\"1620\" \/>\n\t<meta property=\"og:image:height\" content=\"1080\" \/>\n\t<meta property=\"og:image:type\" content=\"image\/jpeg\" \/>\n<meta name=\"twitter:card\" content=\"summary_large_image\" \/>\n<meta name=\"twitter:label1\" content=\"Est. reading time\" \/>\n\t<meta name=\"twitter:data1\" content=\"3 minutes\" \/>\n<script type=\"application\/ld+json\" class=\"yoast-schema-graph\">{\"@context\":\"https:\\\/\\\/schema.org\",\"@graph\":[{\"@type\":\"WebPage\",\"@id\":\"https:\\\/\\\/www.leclubdesaubergistes.fr\\\/en\\\/event-organizer\\\/\",\"url\":\"https:\\\/\\\/www.leclubdesaubergistes.fr\\\/en\\\/event-organizer\\\/\",\"name\":\"Tailor-made event organizer in Lyon Centre\",\"isPartOf\":{\"@id\":\"https:\\\/\\\/www.leclubdesaubergistes.fr\\\/en\\\/#website\"},\"primaryImageOfPage\":{\"@id\":\"https:\\\/\\\/www.leclubdesaubergistes.fr\\\/en\\\/event-organizer\\\/#primaryimage\"},\"image\":{\"@id\":\"https:\\\/\\\/www.leclubdesaubergistes.fr\\\/en\\\/event-organizer\\\/#primaryimage\"},\"thumbnailUrl\":\"https:\\\/\\\/www.leclubdesaubergistes.fr\\\/wp-content\\\/uploads\\\/sites\\\/7\\\/2025\\\/03\\\/hotel_lyon_centre_bellecour29.jpg\",\"datePublished\":\"2025-04-16T15:40:05+00:00\",\"dateModified\":\"2025-07-19T10:43:49+00:00\",\"description\":\"Le Club des Aubergistes Lyonnais - A turnkey service to organize your tailor-made event in Lyon.\",\"breadcrumb\":{\"@id\":\"https:\\\/\\\/www.leclubdesaubergistes.fr\\\/en\\\/event-organizer\\\/#breadcrumb\"},\"inLanguage\":\"en-US\",\"potentialAction\":[{\"@type\":\"ReadAction\",\"target\":[\"https:\\\/\\\/www.leclubdesaubergistes.fr\\\/en\\\/event-organizer\\\/\"]}]},{\"@type\":\"ImageObject\",\"inLanguage\":\"en-US\",\"@id\":\"https:\\\/\\\/www.leclubdesaubergistes.fr\\\/en\\\/event-organizer\\\/#primaryimage\",\"url\":\"https:\\\/\\\/www.leclubdesaubergistes.fr\\\/wp-content\\\/uploads\\\/sites\\\/7\\\/2025\\\/03\\\/hotel_lyon_centre_bellecour29.jpg\",\"contentUrl\":\"https:\\\/\\\/www.leclubdesaubergistes.fr\\\/wp-content\\\/uploads\\\/sites\\\/7\\\/2025\\\/03\\\/hotel_lyon_centre_bellecour29.jpg\",\"width\":1620,\"height\":1080,\"caption\":\"hotel lyon centre bellecour29\"},{\"@type\":\"BreadcrumbList\",\"@id\":\"https:\\\/\\\/www.leclubdesaubergistes.fr\\\/en\\\/event-organizer\\\/#breadcrumb\",\"itemListElement\":[{\"@type\":\"ListItem\",\"position\":1,\"name\":\"Home\",\"item\":\"https:\\\/\\\/www.leclubdesaubergistes.fr\\\/en\\\/\"},{\"@type\":\"ListItem\",\"position\":2,\"name\":\"Event organizers\"}]},{\"@type\":\"WebSite\",\"@id\":\"https:\\\/\\\/www.leclubdesaubergistes.fr\\\/en\\\/#website\",\"url\":\"https:\\\/\\\/www.leclubdesaubergistes.fr\\\/en\\\/\",\"name\":\"Globe Cecil\",\"description\":\"H\u00f4tel 4 \u00e9toiles \u00e0 Lyon\",\"publisher\":{\"@id\":\"https:\\\/\\\/www.leclubdesaubergistes.fr\\\/en\\\/#organization\"},\"potentialAction\":[{\"@type\":\"SearchAction\",\"target\":{\"@type\":\"EntryPoint\",\"urlTemplate\":\"https:\\\/\\\/www.leclubdesaubergistes.fr\\\/en\\\/?s={search_term_string}\"},\"query-input\":{\"@type\":\"PropertyValueSpecification\",\"valueRequired\":true,\"valueName\":\"search_term_string\"}}],\"inLanguage\":\"en-US\"},{\"@type\":\"Organization\",\"@id\":\"https:\\\/\\\/www.leclubdesaubergistes.fr\\\/en\\\/#organization\",\"name\":\"Globe Cecil\",\"url\":\"https:\\\/\\\/www.leclubdesaubergistes.fr\\\/en\\\/\",\"logo\":{\"@type\":\"ImageObject\",\"inLanguage\":\"en-US\",\"@id\":\"https:\\\/\\\/www.leclubdesaubergistes.fr\\\/en\\\/#\\\/schema\\\/logo\\\/image\\\/\",\"url\":\"https:\\\/\\\/www.leclubdesaubergistes.fr\\\/wp-content\\\/uploads\\\/sites\\\/7\\\/2025\\\/05\\\/LOGO-Club-des-Aubergistes-White.svg\",\"contentUrl\":\"https:\\\/\\\/www.leclubdesaubergistes.fr\\\/wp-content\\\/uploads\\\/sites\\\/7\\\/2025\\\/05\\\/LOGO-Club-des-Aubergistes-White.svg\",\"width\":459,\"height\":128,\"caption\":\"Globe Cecil\"},\"image\":{\"@id\":\"https:\\\/\\\/www.leclubdesaubergistes.fr\\\/en\\\/#\\\/schema\\\/logo\\\/image\\\/\"}}]}<\/script>\n<!-- \/ Yoast SEO plugin. -->","yoast_head_json":{"title":"Tailor-made event organizer in Lyon Centre","description":"Le Club des Aubergistes Lyonnais - A turnkey service to organize your tailor-made event in Lyon.","robots":{"index":"index","follow":"follow","max-snippet":"max-snippet:-1","max-image-preview":"max-image-preview:large","max-video-preview":"max-video-preview:-1"},"canonical":"https:\/\/www.leclubdesaubergistes.fr\/en\/event-organizer\/","og_locale":"en_US","og_type":"article","og_title":"Tailor-made event organizer in Lyon Centre","og_description":"Le Club des Aubergistes Lyonnais - A turnkey service to organize your tailor-made event in Lyon.","og_url":"https:\/\/www.leclubdesaubergistes.fr\/en\/event-organizer\/","og_site_name":"Le Club des Aubergistes","article_modified_time":"2025-07-19T10:43:49+00:00","og_image":[{"width":1620,"height":1080,"url":"https:\/\/www.leclubdesaubergistes.fr\/wp-content\/uploads\/sites\/7\/2025\/03\/hotel_lyon_centre_bellecour29.jpg","type":"image\/jpeg"}],"twitter_card":"summary_large_image","twitter_misc":{"Est. reading time":"3 minutes"},"schema":{"@context":"https:\/\/schema.org","@graph":[{"@type":"WebPage","@id":"https:\/\/www.leclubdesaubergistes.fr\/en\/event-organizer\/","url":"https:\/\/www.leclubdesaubergistes.fr\/en\/event-organizer\/","name":"Tailor-made event organizer in Lyon Centre","isPartOf":{"@id":"https:\/\/www.leclubdesaubergistes.fr\/en\/#website"},"primaryImageOfPage":{"@id":"https:\/\/www.leclubdesaubergistes.fr\/en\/event-organizer\/#primaryimage"},"image":{"@id":"https:\/\/www.leclubdesaubergistes.fr\/en\/event-organizer\/#primaryimage"},"thumbnailUrl":"https:\/\/www.leclubdesaubergistes.fr\/wp-content\/uploads\/sites\/7\/2025\/03\/hotel_lyon_centre_bellecour29.jpg","datePublished":"2025-04-16T15:40:05+00:00","dateModified":"2025-07-19T10:43:49+00:00","description":"Le Club des Aubergistes Lyonnais - A turnkey service to organize your tailor-made event in Lyon.","breadcrumb":{"@id":"https:\/\/www.leclubdesaubergistes.fr\/en\/event-organizer\/#breadcrumb"},"inLanguage":"en-US","potentialAction":[{"@type":"ReadAction","target":["https:\/\/www.leclubdesaubergistes.fr\/en\/event-organizer\/"]}]},{"@type":"ImageObject","inLanguage":"en-US","@id":"https:\/\/www.leclubdesaubergistes.fr\/en\/event-organizer\/#primaryimage","url":"https:\/\/www.leclubdesaubergistes.fr\/wp-content\/uploads\/sites\/7\/2025\/03\/hotel_lyon_centre_bellecour29.jpg","contentUrl":"https:\/\/www.leclubdesaubergistes.fr\/wp-content\/uploads\/sites\/7\/2025\/03\/hotel_lyon_centre_bellecour29.jpg","width":1620,"height":1080,"caption":"hotel lyon centre bellecour29"},{"@type":"BreadcrumbList","@id":"https:\/\/www.leclubdesaubergistes.fr\/en\/event-organizer\/#breadcrumb","itemListElement":[{"@type":"ListItem","position":1,"name":"Home","item":"https:\/\/www.leclubdesaubergistes.fr\/en\/"},{"@type":"ListItem","position":2,"name":"Event organizers"}]},{"@type":"WebSite","@id":"https:\/\/www.leclubdesaubergistes.fr\/en\/#website","url":"https:\/\/www.leclubdesaubergistes.fr\/en\/","name":"Globe Cecil","description":"H\u00f4tel 4 \u00e9toiles \u00e0 Lyon","publisher":{"@id":"https:\/\/www.leclubdesaubergistes.fr\/en\/#organization"},"potentialAction":[{"@type":"SearchAction","target":{"@type":"EntryPoint","urlTemplate":"https:\/\/www.leclubdesaubergistes.fr\/en\/?s={search_term_string}"},"query-input":{"@type":"PropertyValueSpecification","valueRequired":true,"valueName":"search_term_string"}}],"inLanguage":"en-US"},{"@type":"Organization","@id":"https:\/\/www.leclubdesaubergistes.fr\/en\/#organization","name":"Globe Cecil","url":"https:\/\/www.leclubdesaubergistes.fr\/en\/","logo":{"@type":"ImageObject","inLanguage":"en-US","@id":"https:\/\/www.leclubdesaubergistes.fr\/en\/#\/schema\/logo\/image\/","url":"https:\/\/www.leclubdesaubergistes.fr\/wp-content\/uploads\/sites\/7\/2025\/05\/LOGO-Club-des-Aubergistes-White.svg","contentUrl":"https:\/\/www.leclubdesaubergistes.fr\/wp-content\/uploads\/sites\/7\/2025\/05\/LOGO-Club-des-Aubergistes-White.svg","width":459,"height":128,"caption":"Globe Cecil"},"image":{"@id":"https:\/\/www.leclubdesaubergistes.fr\/en\/#\/schema\/logo\/image\/"}}]}},"_links":{"self":[{"href":"https:\/\/www.leclubdesaubergistes.fr\/en\/wp-json\/wp\/v2\/pages\/1808","targetHints":{"allow":["GET"]}}],"collection":[{"href":"https:\/\/www.leclubdesaubergistes.fr\/en\/wp-json\/wp\/v2\/pages"}],"about":[{"href":"https:\/\/www.leclubdesaubergistes.fr\/en\/wp-json\/wp\/v2\/types\/page"}],"author":[{"embeddable":true,"href":"https:\/\/www.leclubdesaubergistes.fr\/en\/wp-json\/wp\/v2\/users\/1"}],"replies":[{"embeddable":true,"href":"https:\/\/www.leclubdesaubergistes.fr\/en\/wp-json\/wp\/v2\/comments?post=1808"}],"version-history":[{"count":26,"href":"https:\/\/www.leclubdesaubergistes.fr\/en\/wp-json\/wp\/v2\/pages\/1808\/revisions"}],"predecessor-version":[{"id":7917,"href":"https:\/\/www.leclubdesaubergistes.fr\/en\/wp-json\/wp\/v2\/pages\/1808\/revisions\/7917"}],"wp:featuredmedia":[{"embeddable":true,"href":"https:\/\/www.leclubdesaubergistes.fr\/en\/wp-json\/wp\/v2\/media\/4359"}],"wp:attachment":[{"href":"https:\/\/www.leclubdesaubergistes.fr\/en\/wp-json\/wp\/v2\/media?parent=1808"}],"curies":[{"name":"wp","href":"https:\/\/api.w.org\/{rel}","templated":true}]}}