{"id":1837,"date":"2025-04-16T17:40:08","date_gmt":"2025-04-16T15:40:08","guid":{"rendered":"https:\/\/www.leclubdesaubergistes.fr\/offres-du-moment-en\/"},"modified":"2026-02-16T17:31:54","modified_gmt":"2026-02-16T16:31:54","slug":"our-current-formulas","status":"publish","type":"page","link":"https:\/\/www.leclubdesaubergistes.fr\/en\/our-current-formulas\/","title":{"rendered":"Our current formulas"},"content":{"rendered":"\n<section class=\"heading wp-elements-b1ffb7088bf34f2a3197032de72a441f wp-elements-b1ffb7088bf34f2a3197032de72a441f wp-block-acf-heading has-text-color has-primary-color has-background has-white-100-background-color\">\n\t<div class=\"heading__container\">\n\t\t\t\t\t<div class=\"heading__background-picture\">\n\t\t\t\t<img decoding=\"async\" width=\"1024\" height=\"683\" src=\"https:\/\/www.leclubdesaubergistes.fr\/wp-content\/uploads\/sites\/7\/2025\/06\/cocktail-entreprise-lyon3.jpg\" class=\"attachment-full size-full\" alt=\"cocktail entreprise lyon3\" fetchpriority=\"high\" srcset=\"https:\/\/www.leclubdesaubergistes.fr\/wp-content\/uploads\/sites\/7\/2025\/06\/cocktail-entreprise-lyon3.jpg 1024w, https:\/\/www.leclubdesaubergistes.fr\/wp-content\/uploads\/sites\/7\/2025\/06\/cocktail-entreprise-lyon3-600x400.jpg 600w, https:\/\/www.leclubdesaubergistes.fr\/wp-content\/uploads\/sites\/7\/2025\/06\/cocktail-entreprise-lyon3-768x512.jpg 768w\" sizes=\"(max-width: 1024px) 100vw, 1024px\" \/>\t\t\t<\/div>\n\t\t\t\t<div class=\"heading__layout\">\n\t\t\t<div class=\"heading__content-wrapper has-white-100-background-color\">\n\t\t\t\t<div class=\"heading__content has-white-100-background-color\">\n\t\t\t\t\t\t\t\t\t<p id=\"breadcrumbs\"><span><span><a href=\"https:\/\/www.leclubdesaubergistes.fr\/en\/\">Home<\/a><\/span><\/span><\/p>\t\t\t\t\t\t\t\t\t<div class=\"acf-innerblocks-container\">\n\n<div class=\"wp-block-group heading-content-group is-layout-grid wp-container-core-group-is-layout-96b258e4 wp-block-group-is-layout-grid\">\n<h1 class=\"wp-block-heading has-text-align-left heading__title has-primary-color has-text-color has-xx-large-font-size\">Right now, we&#8217;re offering&#8230;<\/h1>\n<\/div>\n\n<\/div>\n\t\t\t\t<\/div>\n\t\t\t\t\t\t\t<\/div>\n\t\t<\/div>\n\t<\/div>\n<\/section>\n\n\n\t<section\n\t\tstyle=\"padding-top:var(--wp--preset--spacing--theme-default);padding-bottom:var(--wp--preset--spacing--theme-m);\" class=\"block-illustration block-illustration--bottom-right alignfull wp-block-acf-block-illustration has-background has-white-background-color has-global-padding is-layout-constrained wp-block-acf-block-illustration-is-layout-constrained\"\t>\n\n\t<div class=\"block-illustration__wrapper alignwide\">\n\t<img decoding=\"async\" width=\"350\" height=\"350\" src=\"https:\/\/www.leclubdesaubergistes.fr\/wp-content\/uploads\/sites\/7\/2025\/04\/MAIN.png\" class=\"block-illustration__image illustration-with-parallax\" alt=\"MAIN\" srcset=\"https:\/\/www.leclubdesaubergistes.fr\/wp-content\/uploads\/sites\/7\/2025\/04\/MAIN.png 350w, https:\/\/www.leclubdesaubergistes.fr\/wp-content\/uploads\/sites\/7\/2025\/04\/MAIN-300x300.png 300w\" sizes=\"(max-width: 350px) 100vw, 350px\" \/>\t\t<div class=\"block-illustration__innerblocks\">\n\n<div class=\"wp-block-group is-layout-flow wp-container-core-group-is-layout-dce2e9c8 wp-block-group-is-layout-flow\" style=\"padding-top:0;padding-right:0;padding-bottom:0;padding-left:0\">\n<h2 class=\"wp-block-heading has-text-align-center\">Right now&#8230;<\/h2>\n\n\n\n<div class=\"stacked-card-grid align wp-block-acf-stacked-card-grid\">\n\n<div\n\tclass=\"stacked-card wp-block-acf-stacked-card\"\tstyle = \"--stacked-card-hover-bg-color: #e5c800;\"\n\t>\n\t\t\t\n\n<figure class=\"wp-block-image size-full stacked-card__image\"><img decoding=\"async\" width=\"2048\" height=\"1536\" src=\"https:\/\/www.leclubdesaubergistes.fr\/wp-content\/uploads\/sites\/7\/2026\/02\/pexels-gabby-k-20419201-edited-2-scaled.jpg\" alt=\"Teambuilding perfume creation\" class=\"wp-image-8727\" style=\"aspect-ratio:16\/9;object-fit:cover\" srcset=\"https:\/\/www.leclubdesaubergistes.fr\/wp-content\/uploads\/sites\/7\/2026\/02\/pexels-gabby-k-20419201-edited-2-scaled.jpg 2048w, https:\/\/www.leclubdesaubergistes.fr\/wp-content\/uploads\/sites\/7\/2026\/02\/pexels-gabby-k-20419201-edited-2-600x450.jpg 600w, https:\/\/www.leclubdesaubergistes.fr\/wp-content\/uploads\/sites\/7\/2026\/02\/pexels-gabby-k-20419201-edited-2-1400x1050.jpg 1400w, https:\/\/www.leclubdesaubergistes.fr\/wp-content\/uploads\/sites\/7\/2026\/02\/pexels-gabby-k-20419201-edited-2-768x576.jpg 768w, https:\/\/www.leclubdesaubergistes.fr\/wp-content\/uploads\/sites\/7\/2026\/02\/pexels-gabby-k-20419201-edited-2-1536x1152.jpg 1536w\" sizes=\"(max-width: 2048px) 100vw, 2048px\" \/><\/figure>\n\n\n\n<h3 class=\"wp-block-heading stacked-card__title\">1.teambuilding perfume creation<\/h3>\n\n\n\n<p class=\"stacked-card__text has-large-font-size\">Imagine, compose, embody.<br\/>From \u20ac70 excl. tax\/person.<\/p>\n\n\n\t<\/div>\n\n\n\n<div\n\tclass=\"stacked-card wp-block-acf-stacked-card\"\tstyle = \"--stacked-card-hover-bg-color: #e5c800;\"\n\t>\n\t\t\t\n\n<figure class=\"wp-block-image size-full stacked-card__image\"><img decoding=\"async\" width=\"1500\" height=\"1000\" src=\"https:\/\/www.leclubdesaubergistes.fr\/wp-content\/uploads\/sites\/7\/2026\/01\/offre-site.jpg\" alt=\"offer site\" class=\"wp-image-8687\" style=\"aspect-ratio:16\/9;object-fit:cover\" srcset=\"https:\/\/www.leclubdesaubergistes.fr\/wp-content\/uploads\/sites\/7\/2026\/01\/offre-site.jpg 1500w, https:\/\/www.leclubdesaubergistes.fr\/wp-content\/uploads\/sites\/7\/2026\/01\/offre-site-600x400.jpg 600w, https:\/\/www.leclubdesaubergistes.fr\/wp-content\/uploads\/sites\/7\/2026\/01\/offre-site-1400x933.jpg 1400w, https:\/\/www.leclubdesaubergistes.fr\/wp-content\/uploads\/sites\/7\/2026\/01\/offre-site-768x512.jpg 768w\" sizes=\"(max-width: 1500px) 100vw, 1500px\" \/><\/figure>\n\n\n\n<h3 class=\"wp-block-heading stacked-card__title\">2. &#8220;The workshop as an aside<\/h3>\n\n\n\n<p class=\"stacked-card__text has-large-font-size\">Your turnkey study day &#8211; from \u20ac65\/person*.<\/p>\n\n\n\t<\/div>\n\n<\/div>\n<\/div>\n\n<\/div>\n\t<\/div>\n<\/section>\n\n\t<section\n\t\tstyle=\"padding-top:var(--wp--preset--spacing--theme-default);padding-bottom:var(--wp--preset--spacing--theme-default);\" class=\"block-container align wp-block-acf-block-container has-background has-white-100-background-color has-global-padding is-layout-constrained wp-container-acf-block-container-is-layout-afcd3024 wp-block-acf-block-container-is-layout-constrained\"\t>\n\n\t\n\n<h3 class=\"wp-block-heading has-text-align-center\">1. Imagine and create your own perfume with <mark class=\"has-inline-color has-secondary-color\">Le Sourceur<\/mark><\/h3>\n\n\n\n<p class=\"has-text-align-left\">Alongside Le <strong>Sourceur<\/strong>, sourceors of raw materials for perfumery for over 25 years and creators of 100% pure, natural essential oils, invite your teams to explore the world of perfume and compose their own perfume together or individually!<\/p>\n\n\n\n<p class=\"has-text-align-left\">Guided step by step, discover the different olfactory families, experiment with chords and assemble your own notes to give birth to a unique creation that reflects your personality.<\/p>\n\n\n\n<p class=\"has-text-align-left\">A sensory and unifying activity, ideal for concluding a day of study, enriching a seminar or punctuating an event in one of our Lyonnais houses.<\/p>\n\n\n\n<p><strong>From \u20ac70 excl. tax \/ person*.<\/strong><\/p>\n\n\n\n<p><em>*excluding privatized spaces and catering services<\/em><\/p>\n\n\n\n<div class=\"wp-block-buttons is-content-justification-center is-layout-flex wp-container-core-buttons-is-layout-a89b3969 wp-block-buttons-is-layout-flex\">\n<div class=\"wp-block-button is-style-label-button is-style-label-button--1\"><a class=\"wp-block-button__link wp-element-button\" href=\"https:\/\/www.leclubdesaubergistes.fr\/en\/free-quotation\/\">Contact us<\/a><\/div>\n<\/div>\n\n\n\n<\/section>\n\n\t<section\n\t\tstyle=\"padding-top:var(--wp--preset--spacing--theme-default);padding-bottom:var(--wp--preset--spacing--theme-default);\" class=\"block-container align wp-block-acf-block-container has-background has-white-background-color has-global-padding is-layout-constrained wp-container-acf-block-container-is-layout-afcd3024 wp-block-acf-block-container-is-layout-constrained\"\t>\n\n\t\n\n<h3 class=\"wp-block-heading has-text-align-center\">2. Offer: <mark class=\"has-inline-color has-secondary-color\">L&#8217;atelier en appart\u00e9<\/mark><\/h3>\n\n\n\n<p><strong>Your meeting. Our know-how. Zero logistics for you.  <\/strong><\/p>\n\n\n\n<p>L&#8217;Atelier en Apart\u00e9 is a turnkey venue rental service designed for professionals who want to get straight to the point, without sacrificing comfort or quality of welcome.<\/p>\n\n\n\n<p><strong>THE OFFER INCLUDES :<\/strong><\/p>\n\n\n\n<ul class=\"wp-block-list\">\n<li><strong>Private room <\/strong>(15m2 &#8211; capacity 6 people)<\/li>\n\n\n\n<li><strong>Gourmet breaks <\/strong>(1 half-day, 2 full-day: coffee, tea, fruit juice + Chef&#8217;s delicacies)<\/li>\n\n\n\n<li><strong>Access to our professional equipment<\/strong> (flat-screen TV, overhead projector, sound system, wide-angle camera, etc.)<\/li>\n\n\n\n<li><strong>Lunch at the Comptoir Ph\u00e9nix<\/strong> (main course, dessert, water,<br\/>coffee)<\/li>\n\n\n\n<li><strong>Professionals at your service<\/strong><\/li>\n<\/ul>\n\n\n\n<p><\/p>\n\n\n\n<p><strong>65\u20ac \/ person (half-day)  <\/strong><\/p>\n\n\n\n<p><strong>72\u20ac \/ person (day)<\/strong><\/p>\n\n\n\n<div class=\"wp-block-buttons is-content-justification-center is-layout-flex wp-container-core-buttons-is-layout-a89b3969 wp-block-buttons-is-layout-flex\">\n<div class=\"wp-block-button is-style-label-button is-style-label-button--2\"><a class=\"wp-block-button__link wp-element-button\" href=\"https:\/\/www.leclubdesaubergistes.fr\/en\/free-quotation\/\">Contact us<\/a><\/div>\n<\/div>\n\n\n\n<\/section>\n","protected":false},"excerpt":{"rendered":"","protected":false},"author":2,"featured_media":0,"parent":0,"menu_order":0,"comment_status":"closed","ping_status":"closed","template":"","meta":{"_acf_changed":false,"inline_featured_image":false,"footnotes":""},"class_list":["post-1837","page","type-page","status-publish","hentry"],"acf":[],"yoast_head":"<!-- This site is optimized with the Yoast SEO plugin v27.4 - https:\/\/yoast.com\/product\/yoast-seo-wordpress\/ -->\n<title>Special events in Lyon - Ideas for companies and individuals<\/title>\n<meta name=\"description\" content=\"Le Club des Aubergistes - Looking for an event idea for a company or just between friends...? Our current formulas.\" \/>\n<meta name=\"robots\" content=\"index, follow, max-snippet:-1, max-image-preview:large, max-video-preview:-1\" \/>\n<link rel=\"canonical\" href=\"https:\/\/www.leclubdesaubergistes.fr\/en\/our-current-formulas\/\" \/>\n<meta property=\"og:locale\" content=\"en_US\" \/>\n<meta property=\"og:type\" content=\"article\" \/>\n<meta property=\"og:title\" content=\"Special events in Lyon - Ideas for companies and individuals\" \/>\n<meta property=\"og:description\" content=\"Le Club des Aubergistes - Looking for an event idea for a company or just between friends...? Our current formulas.\" \/>\n<meta property=\"og:url\" content=\"https:\/\/www.leclubdesaubergistes.fr\/en\/our-current-formulas\/\" \/>\n<meta property=\"og:site_name\" content=\"Le Club des Aubergistes\" \/>\n<meta property=\"article:modified_time\" content=\"2026-02-16T16:31:54+00:00\" \/>\n<meta property=\"og:image\" content=\"https:\/\/www.leclubdesaubergistes.fr\/wp-content\/uploads\/sites\/7\/2026\/02\/pexels-gabby-k-20419201-edited-2-scaled.jpg\" \/>\n<meta name=\"twitter:card\" content=\"summary_large_image\" \/>\n<meta name=\"twitter:label1\" content=\"Est. reading time\" \/>\n\t<meta name=\"twitter:data1\" content=\"1 minute\" \/>\n<script type=\"application\/ld+json\" class=\"yoast-schema-graph\">{\"@context\":\"https:\\\/\\\/schema.org\",\"@graph\":[{\"@type\":\"WebPage\",\"@id\":\"https:\\\/\\\/www.leclubdesaubergistes.fr\\\/en\\\/our-current-formulas\\\/\",\"url\":\"https:\\\/\\\/www.leclubdesaubergistes.fr\\\/en\\\/our-current-formulas\\\/\",\"name\":\"Special events in Lyon - Ideas for companies and individuals\",\"isPartOf\":{\"@id\":\"https:\\\/\\\/www.leclubdesaubergistes.fr\\\/en\\\/#website\"},\"primaryImageOfPage\":{\"@id\":\"https:\\\/\\\/www.leclubdesaubergistes.fr\\\/en\\\/our-current-formulas\\\/#primaryimage\"},\"image\":{\"@id\":\"https:\\\/\\\/www.leclubdesaubergistes.fr\\\/en\\\/our-current-formulas\\\/#primaryimage\"},\"thumbnailUrl\":\"https:\\\/\\\/www.leclubdesaubergistes.fr\\\/wp-content\\\/uploads\\\/sites\\\/7\\\/2026\\\/02\\\/pexels-gabby-k-20419201-edited-2-scaled.jpg\",\"datePublished\":\"2025-04-16T15:40:08+00:00\",\"dateModified\":\"2026-02-16T16:31:54+00:00\",\"description\":\"Le Club des Aubergistes - Looking for an event idea for a company or just between friends...? Our current formulas.\",\"breadcrumb\":{\"@id\":\"https:\\\/\\\/www.leclubdesaubergistes.fr\\\/en\\\/our-current-formulas\\\/#breadcrumb\"},\"inLanguage\":\"en-US\",\"potentialAction\":[{\"@type\":\"ReadAction\",\"target\":[\"https:\\\/\\\/www.leclubdesaubergistes.fr\\\/en\\\/our-current-formulas\\\/\"]}]},{\"@type\":\"ImageObject\",\"inLanguage\":\"en-US\",\"@id\":\"https:\\\/\\\/www.leclubdesaubergistes.fr\\\/en\\\/our-current-formulas\\\/#primaryimage\",\"url\":\"https:\\\/\\\/www.leclubdesaubergistes.fr\\\/wp-content\\\/uploads\\\/sites\\\/7\\\/2026\\\/02\\\/pexels-gabby-k-20419201-edited-2-scaled.jpg\",\"contentUrl\":\"https:\\\/\\\/www.leclubdesaubergistes.fr\\\/wp-content\\\/uploads\\\/sites\\\/7\\\/2026\\\/02\\\/pexels-gabby-k-20419201-edited-2-scaled.jpg\"},{\"@type\":\"BreadcrumbList\",\"@id\":\"https:\\\/\\\/www.leclubdesaubergistes.fr\\\/en\\\/our-current-formulas\\\/#breadcrumb\",\"itemListElement\":[{\"@type\":\"ListItem\",\"position\":1,\"name\":\"Home\",\"item\":\"https:\\\/\\\/www.leclubdesaubergistes.fr\\\/en\\\/\"},{\"@type\":\"ListItem\",\"position\":2,\"name\":\"Our current formulas\"}]},{\"@type\":\"WebSite\",\"@id\":\"https:\\\/\\\/www.leclubdesaubergistes.fr\\\/en\\\/#website\",\"url\":\"https:\\\/\\\/www.leclubdesaubergistes.fr\\\/en\\\/\",\"name\":\"Globe Cecil\",\"description\":\"H\u00f4tel 4 \u00e9toiles \u00e0 Lyon\",\"publisher\":{\"@id\":\"https:\\\/\\\/www.leclubdesaubergistes.fr\\\/en\\\/#organization\"},\"potentialAction\":[{\"@type\":\"SearchAction\",\"target\":{\"@type\":\"EntryPoint\",\"urlTemplate\":\"https:\\\/\\\/www.leclubdesaubergistes.fr\\\/en\\\/?s={search_term_string}\"},\"query-input\":{\"@type\":\"PropertyValueSpecification\",\"valueRequired\":true,\"valueName\":\"search_term_string\"}}],\"inLanguage\":\"en-US\"},{\"@type\":\"Organization\",\"@id\":\"https:\\\/\\\/www.leclubdesaubergistes.fr\\\/en\\\/#organization\",\"name\":\"Globe Cecil\",\"url\":\"https:\\\/\\\/www.leclubdesaubergistes.fr\\\/en\\\/\",\"logo\":{\"@type\":\"ImageObject\",\"inLanguage\":\"en-US\",\"@id\":\"https:\\\/\\\/www.leclubdesaubergistes.fr\\\/en\\\/#\\\/schema\\\/logo\\\/image\\\/\",\"url\":\"https:\\\/\\\/www.leclubdesaubergistes.fr\\\/wp-content\\\/uploads\\\/sites\\\/7\\\/2025\\\/05\\\/LOGO-Club-des-Aubergistes-White.svg\",\"contentUrl\":\"https:\\\/\\\/www.leclubdesaubergistes.fr\\\/wp-content\\\/uploads\\\/sites\\\/7\\\/2025\\\/05\\\/LOGO-Club-des-Aubergistes-White.svg\",\"width\":459,\"height\":128,\"caption\":\"Globe Cecil\"},\"image\":{\"@id\":\"https:\\\/\\\/www.leclubdesaubergistes.fr\\\/en\\\/#\\\/schema\\\/logo\\\/image\\\/\"}}]}<\/script>\n<!-- \/ Yoast SEO plugin. -->","yoast_head_json":{"title":"Special events in Lyon - Ideas for companies and individuals","description":"Le Club des Aubergistes - Looking for an event idea for a company or just between friends...? Our current formulas.","robots":{"index":"index","follow":"follow","max-snippet":"max-snippet:-1","max-image-preview":"max-image-preview:large","max-video-preview":"max-video-preview:-1"},"canonical":"https:\/\/www.leclubdesaubergistes.fr\/en\/our-current-formulas\/","og_locale":"en_US","og_type":"article","og_title":"Special events in Lyon - Ideas for companies and individuals","og_description":"Le Club des Aubergistes - Looking for an event idea for a company or just between friends...? Our current formulas.","og_url":"https:\/\/www.leclubdesaubergistes.fr\/en\/our-current-formulas\/","og_site_name":"Le Club des Aubergistes","article_modified_time":"2026-02-16T16:31:54+00:00","og_image":[{"url":"https:\/\/www.leclubdesaubergistes.fr\/wp-content\/uploads\/sites\/7\/2026\/02\/pexels-gabby-k-20419201-edited-2-scaled.jpg","type":"","width":"","height":""}],"twitter_card":"summary_large_image","twitter_misc":{"Est. reading time":"1 minute"},"schema":{"@context":"https:\/\/schema.org","@graph":[{"@type":"WebPage","@id":"https:\/\/www.leclubdesaubergistes.fr\/en\/our-current-formulas\/","url":"https:\/\/www.leclubdesaubergistes.fr\/en\/our-current-formulas\/","name":"Special events in Lyon - Ideas for companies and individuals","isPartOf":{"@id":"https:\/\/www.leclubdesaubergistes.fr\/en\/#website"},"primaryImageOfPage":{"@id":"https:\/\/www.leclubdesaubergistes.fr\/en\/our-current-formulas\/#primaryimage"},"image":{"@id":"https:\/\/www.leclubdesaubergistes.fr\/en\/our-current-formulas\/#primaryimage"},"thumbnailUrl":"https:\/\/www.leclubdesaubergistes.fr\/wp-content\/uploads\/sites\/7\/2026\/02\/pexels-gabby-k-20419201-edited-2-scaled.jpg","datePublished":"2025-04-16T15:40:08+00:00","dateModified":"2026-02-16T16:31:54+00:00","description":"Le Club des Aubergistes - Looking for an event idea for a company or just between friends...? Our current formulas.","breadcrumb":{"@id":"https:\/\/www.leclubdesaubergistes.fr\/en\/our-current-formulas\/#breadcrumb"},"inLanguage":"en-US","potentialAction":[{"@type":"ReadAction","target":["https:\/\/www.leclubdesaubergistes.fr\/en\/our-current-formulas\/"]}]},{"@type":"ImageObject","inLanguage":"en-US","@id":"https:\/\/www.leclubdesaubergistes.fr\/en\/our-current-formulas\/#primaryimage","url":"https:\/\/www.leclubdesaubergistes.fr\/wp-content\/uploads\/sites\/7\/2026\/02\/pexels-gabby-k-20419201-edited-2-scaled.jpg","contentUrl":"https:\/\/www.leclubdesaubergistes.fr\/wp-content\/uploads\/sites\/7\/2026\/02\/pexels-gabby-k-20419201-edited-2-scaled.jpg"},{"@type":"BreadcrumbList","@id":"https:\/\/www.leclubdesaubergistes.fr\/en\/our-current-formulas\/#breadcrumb","itemListElement":[{"@type":"ListItem","position":1,"name":"Home","item":"https:\/\/www.leclubdesaubergistes.fr\/en\/"},{"@type":"ListItem","position":2,"name":"Our current formulas"}]},{"@type":"WebSite","@id":"https:\/\/www.leclubdesaubergistes.fr\/en\/#website","url":"https:\/\/www.leclubdesaubergistes.fr\/en\/","name":"Globe Cecil","description":"H\u00f4tel 4 \u00e9toiles \u00e0 Lyon","publisher":{"@id":"https:\/\/www.leclubdesaubergistes.fr\/en\/#organization"},"potentialAction":[{"@type":"SearchAction","target":{"@type":"EntryPoint","urlTemplate":"https:\/\/www.leclubdesaubergistes.fr\/en\/?s={search_term_string}"},"query-input":{"@type":"PropertyValueSpecification","valueRequired":true,"valueName":"search_term_string"}}],"inLanguage":"en-US"},{"@type":"Organization","@id":"https:\/\/www.leclubdesaubergistes.fr\/en\/#organization","name":"Globe Cecil","url":"https:\/\/www.leclubdesaubergistes.fr\/en\/","logo":{"@type":"ImageObject","inLanguage":"en-US","@id":"https:\/\/www.leclubdesaubergistes.fr\/en\/#\/schema\/logo\/image\/","url":"https:\/\/www.leclubdesaubergistes.fr\/wp-content\/uploads\/sites\/7\/2025\/05\/LOGO-Club-des-Aubergistes-White.svg","contentUrl":"https:\/\/www.leclubdesaubergistes.fr\/wp-content\/uploads\/sites\/7\/2025\/05\/LOGO-Club-des-Aubergistes-White.svg","width":459,"height":128,"caption":"Globe Cecil"},"image":{"@id":"https:\/\/www.leclubdesaubergistes.fr\/en\/#\/schema\/logo\/image\/"}}]}},"_links":{"self":[{"href":"https:\/\/www.leclubdesaubergistes.fr\/en\/wp-json\/wp\/v2\/pages\/1837","targetHints":{"allow":["GET"]}}],"collection":[{"href":"https:\/\/www.leclubdesaubergistes.fr\/en\/wp-json\/wp\/v2\/pages"}],"about":[{"href":"https:\/\/www.leclubdesaubergistes.fr\/en\/wp-json\/wp\/v2\/types\/page"}],"author":[{"embeddable":true,"href":"https:\/\/www.leclubdesaubergistes.fr\/en\/wp-json\/wp\/v2\/users\/2"}],"replies":[{"embeddable":true,"href":"https:\/\/www.leclubdesaubergistes.fr\/en\/wp-json\/wp\/v2\/comments?post=1837"}],"version-history":[{"count":25,"href":"https:\/\/www.leclubdesaubergistes.fr\/en\/wp-json\/wp\/v2\/pages\/1837\/revisions"}],"predecessor-version":[{"id":8736,"href":"https:\/\/www.leclubdesaubergistes.fr\/en\/wp-json\/wp\/v2\/pages\/1837\/revisions\/8736"}],"wp:attachment":[{"href":"https:\/\/www.leclubdesaubergistes.fr\/en\/wp-json\/wp\/v2\/media?parent=1837"}],"curies":[{"name":"wp","href":"https:\/\/api.w.org\/{rel}","templated":true}]}}