{"id":6724,"date":"2025-06-16T16:40:35","date_gmt":"2025-06-16T14:40:35","guid":{"rendered":"https:\/\/www.leclubdesaubergistes.fr\/4-star-hotel-rooms\/wedding\/"},"modified":"2025-10-21T15:09:57","modified_gmt":"2025-10-21T13:09:57","slug":"wedding","status":"publish","type":"page","link":"https:\/\/www.leclubdesaubergistes.fr\/en\/private-events\/wedding\/","title":{"rendered":"Wedding"},"content":{"rendered":"\n<section class=\"heading wp-elements-ab6e254a2240b7ce62cb13ba6e417fcc wp-elements-ab6e254a2240b7ce62cb13ba6e417fcc wp-block-acf-heading has-text-color has-primary-color has-background has-white-100-background-color\">\n\t<div class=\"heading__container\">\n\t\t\t\t\t<div class=\"heading__background-picture\">\n\t\t\t\t<img decoding=\"async\" width=\"1500\" height=\"1000\" src=\"https:\/\/www.leclubdesaubergistes.fr\/wp-content\/uploads\/sites\/7\/2025\/06\/mariage-a-lyon-lieu7.jpg\" class=\"attachment-full size-full\" alt=\"mariage a lyon lieu7\" fetchpriority=\"high\" srcset=\"https:\/\/www.leclubdesaubergistes.fr\/wp-content\/uploads\/sites\/7\/2025\/06\/mariage-a-lyon-lieu7.jpg 1500w, https:\/\/www.leclubdesaubergistes.fr\/wp-content\/uploads\/sites\/7\/2025\/06\/mariage-a-lyon-lieu7-600x400.jpg 600w, https:\/\/www.leclubdesaubergistes.fr\/wp-content\/uploads\/sites\/7\/2025\/06\/mariage-a-lyon-lieu7-1400x933.jpg 1400w, https:\/\/www.leclubdesaubergistes.fr\/wp-content\/uploads\/sites\/7\/2025\/06\/mariage-a-lyon-lieu7-768x512.jpg 768w\" sizes=\"(max-width: 1500px) 100vw, 1500px\" \/>\t\t\t<\/div>\n\t\t\t\t<div class=\"heading__layout\">\n\t\t\t<div class=\"heading__content-wrapper has-white-100-background-color\">\n\t\t\t\t<div class=\"heading__content has-white-100-background-color\">\n\t\t\t\t\t\t\t\t\t<p id=\"breadcrumbs\"><span><span><a href=\"https:\/\/www.leclubdesaubergistes.fr\/en\/\">Home<\/a><\/span><\/span><\/p>\t\t\t\t\t\t\t\t\t<div class=\"acf-innerblocks-container\">\n\n<div class=\"wp-block-group heading-content-group is-layout-grid wp-container-core-group-is-layout-96b258e4 wp-block-group-is-layout-grid\">\n<h1 class=\"wp-block-heading has-text-align-left heading__title has-primary-color has-text-color has-xx-large-font-size wp-container-content-32a3e683\">Your wedding in Lyon<\/h1>\n<\/div>\n\n<\/div>\n\t\t\t\t<\/div>\n\t\t\t\t\t\t\t<\/div>\n\t\t<\/div>\n\t<\/div>\n<\/section>\n\n\n\t<section\n\t\tstyle=\"padding-top:var(--wp--preset--spacing--theme-default);padding-bottom:var(--wp--preset--spacing--theme-default);\" class=\"block-container align wp-block-acf-block-container has-background has-white-background-color is-layout-flow wp-block-acf-block-container-is-layout-flow\"\t>\n\n\t\n\n<div class=\"wp-block-group has-global-padding is-layout-constrained wp-block-group-is-layout-constrained\">\n<h2 class=\"wp-block-heading has-text-align-left\">Getting married in Lyon? Yes. <\/h2>\n\n\n\n<p>We know how unique this moment is. And so must your venue. Ch\u00e2teaux are too big, estates too far away, party halls too impersonal&#8230; In short, you want your wedding to be simple but beautiful, and small-scale. We offer you intimate, elegant spaces.    <\/p>\n<\/div>\n\n\n\n<\/section>\n\n\t<section\n\t\tstyle=\"padding-top:var(--wp--preset--spacing--theme-default);padding-bottom:0;\" class=\"block-container align wp-block-acf-block-container has-background has-white-100-background-color has-global-padding is-layout-constrained wp-container-acf-block-container-is-layout-5cc36a5e wp-block-acf-block-container-is-layout-constrained\"\t>\n\n\t\n\n<div class=\"wp-block-group has-global-padding is-layout-constrained wp-container-core-group-is-layout-30cbf03a wp-block-group-is-layout-constrained\">\n<h2 class=\"wp-block-heading has-text-align-center\">Privatize the Comptoir Ph\u00e9nix<\/h2>\n\n\n\n<p class=\"has-text-align-left\">Finding the perfect wedding reception venue in Lyon can be a challenge. We offer a unique space to suit every mood: classic elegance, atypical decor, bohemian wedding or chic reception in the heart of Lyon. Need an affordable wedding venue in Lyon? We have options to suit different budgets, with tailor-made services to meet all your expectations.   <\/p>\n<\/div>\n\n\n\n<div\n\tstyle=\"padding-top:var(--wp--preset--spacing--theme-s);padding-bottom:0;\" class=\"key-figures aligncenter wp-block-acf-key-figures\">\n\t\n\t\t\t\t<div class=\"key-figure\">\n\t\t\t\t\t<span class=\"key-figure__number\" number=\"50\">\n\t\t\t\t\t\t0\n\t\t\t\t\t<\/span>\n\t\t\t\t\t<span class=\"key-figure__text\">\n\t\t\t\t\t\tm2\t\t\t\t\t<\/span>\n\t\t\t\t<\/div>\n\t\t\t\t<div class=\"separator\"><\/div>\t\t\t\n\t\t\t\t<div class=\"key-figure\">\n\t\t\t\t\t<span class=\"key-figure__number\" number=\"70\">\n\t\t\t\t\t\t0\n\t\t\t\t\t<\/span>\n\t\t\t\t\t<span class=\"key-figure__text\">\n\t\t\t\t\t\tpeople\t\t\t\t\t<\/span>\n\t\t\t\t<\/div>\n\t\t\t\t<div class=\"separator\"><\/div>\t\t\t\n\t\t\t\t<div class=\"key-figure\">\n\t\t\t\t\t<span class=\"key-figure__number\" number=\"1\">\n\t\t\t\t\t\t0\n\t\t\t\t\t<\/span>\n\t\t\t\t\t<span class=\"key-figure__text\">\n\t\t\t\t\t\tterrace\t\t\t\t\t<\/span>\n\t\t\t\t<\/div>\n\t\t\t\t\t\t\t<\/div>\n\n\n\n<\/section>\n\n\t<section\n\t\tstyle=\"padding-top:var(--wp--preset--spacing--theme-default);padding-bottom:var(--wp--preset--spacing--theme-default);\" class=\"block-container align wp-block-acf-block-container has-background has-white-100-background-color has-global-padding is-layout-constrained wp-container-acf-block-container-is-layout-470cc8b1 wp-block-acf-block-container-is-layout-constrained\"\t>\n\n\t\n\n<div\nclass=\"slider slider__is-gallery alignfull wp-block-acf-slider\" id=\"slider-id-1\" data-gallery-id=\"gallery-slider-id-1\">\n\t<div class=\"wp-block-group\n\t\t\tswiper\">\n\t\t<div class=\"swiper-wrapper slider__innerblocks\">\n\n\n\t\t\t<div\n\t\tclass=\"card swiper-slide wp-block-acf-card\" id=\"card-id--2\"\t\t>\n\t\n\t\t\t\t\t\t<a href=\"https:\/\/www.leclubdesaubergistes.fr\/wp-content\/uploads\/sites\/7\/2025\/06\/cocktail-dentreprise-lyon-centre-ville1.jpg\" data-fancybox=\"gallery\" data-caption=\"cocktail dentreprise lyon centre ville1\"\n\t\t\t>\n\t\t\t\t<img decoding=\"async\" width=\"683\" height=\"1024\" src=\"https:\/\/www.leclubdesaubergistes.fr\/wp-content\/uploads\/sites\/7\/2025\/06\/cocktail-dentreprise-lyon-centre-ville1.jpg\" class=\"card__image\" alt=\"cocktail dentreprise lyon centre ville1\" srcset=\"https:\/\/www.leclubdesaubergistes.fr\/wp-content\/uploads\/sites\/7\/2025\/06\/cocktail-dentreprise-lyon-centre-ville1.jpg 683w, https:\/\/www.leclubdesaubergistes.fr\/wp-content\/uploads\/sites\/7\/2025\/06\/cocktail-dentreprise-lyon-centre-ville1-400x600.jpg 400w\" sizes=\"(max-width: 683px) 100vw, 683px\" \/>\t\t\t\t\t<\/a>\n\t\t\t\n\t\t<\/div>\n\t\n\n\t\t\t<div\n\t\tclass=\"card swiper-slide wp-block-acf-card\" id=\"card-id--3\"\t\t>\n\t\n\t\t\t\t\t\t<a href=\"https:\/\/www.leclubdesaubergistes.fr\/wp-content\/uploads\/sites\/7\/2025\/06\/mariage-a-lyon-lieu8.jpg\" data-fancybox=\"gallery\" data-caption=\"mariage a lyon lieu8\"\n\t\t\t>\n\t\t\t\t<img decoding=\"async\" width=\"426\" height=\"640\" src=\"https:\/\/www.leclubdesaubergistes.fr\/wp-content\/uploads\/sites\/7\/2025\/06\/mariage-a-lyon-lieu8.jpg\" class=\"card__image\" alt=\"mariage a lyon lieu8\" srcset=\"https:\/\/www.leclubdesaubergistes.fr\/wp-content\/uploads\/sites\/7\/2025\/06\/mariage-a-lyon-lieu8.jpg 426w, https:\/\/www.leclubdesaubergistes.fr\/wp-content\/uploads\/sites\/7\/2025\/06\/mariage-a-lyon-lieu8-399x600.jpg 399w\" sizes=\"(max-width: 426px) 100vw, 426px\" \/>\t\t\t\t\t<\/a>\n\t\t\t\n\t\t<\/div>\n\t\n\n\t\t\t<div\n\t\tclass=\"card swiper-slide wp-block-acf-card\" id=\"card-id--4\"\t\t>\n\t\n\t\t\t\t\t\t<a href=\"https:\/\/www.leclubdesaubergistes.fr\/wp-content\/uploads\/sites\/7\/2025\/06\/mariage-a-lyon-lieu2.jpg\" data-fancybox=\"gallery\" data-caption=\"mariage a lyon lieu2\"\n\t\t\t>\n\t\t\t\t<img decoding=\"async\" width=\"503\" height=\"756\" src=\"https:\/\/www.leclubdesaubergistes.fr\/wp-content\/uploads\/sites\/7\/2025\/06\/mariage-a-lyon-lieu2.jpg\" class=\"card__image\" alt=\"mariage a lyon lieu2\" srcset=\"https:\/\/www.leclubdesaubergistes.fr\/wp-content\/uploads\/sites\/7\/2025\/06\/mariage-a-lyon-lieu2.jpg 503w, https:\/\/www.leclubdesaubergistes.fr\/wp-content\/uploads\/sites\/7\/2025\/06\/mariage-a-lyon-lieu2-399x600.jpg 399w\" sizes=\"(max-width: 503px) 100vw, 503px\" \/>\t\t\t\t\t<\/a>\n\t\t\t\n\t\t<\/div>\n\t\n\n\t\t\t<div\n\t\tclass=\"card swiper-slide wp-block-acf-card\" id=\"card-id--5\"\t\t>\n\t\n\t\t\t\t\t\t<a href=\"https:\/\/www.leclubdesaubergistes.fr\/wp-content\/uploads\/sites\/7\/2025\/10\/mariage-a-lyon.jpg\" data-fancybox=\"gallery\" data-caption=\"Oph\u00e9lie &amp; Guillaume\"\n\t\t\t>\n\t\t\t\t<img decoding=\"async\" width=\"720\" height=\"1080\" src=\"https:\/\/www.leclubdesaubergistes.fr\/wp-content\/uploads\/sites\/7\/2025\/10\/mariage-a-lyon.jpg\" class=\"card__image\" alt=\"Oph\u00e9lie &amp; Guillaume\" srcset=\"https:\/\/www.leclubdesaubergistes.fr\/wp-content\/uploads\/sites\/7\/2025\/10\/mariage-a-lyon.jpg 720w, https:\/\/www.leclubdesaubergistes.fr\/wp-content\/uploads\/sites\/7\/2025\/10\/mariage-a-lyon-400x600.jpg 400w\" sizes=\"(max-width: 720px) 100vw, 720px\" \/>\t\t\t\t\t<\/a>\n\t\t\t\n\t\t<\/div>\n\t\n\n\t\t\t<div\n\t\tclass=\"card swiper-slide wp-block-acf-card\" id=\"card-id--6\"\t\t>\n\t\n\t\t\t\t\t\t<a href=\"https:\/\/www.leclubdesaubergistes.fr\/wp-content\/uploads\/sites\/7\/2025\/06\/mariage-a-lyon-lieu3.jpg\" data-fancybox=\"gallery\" data-caption=\"mariage a lyon lieu3\"\n\t\t\t>\n\t\t\t\t<img decoding=\"async\" width=\"493\" height=\"741\" src=\"https:\/\/www.leclubdesaubergistes.fr\/wp-content\/uploads\/sites\/7\/2025\/06\/mariage-a-lyon-lieu3.jpg\" class=\"card__image\" alt=\"mariage a lyon lieu3\" srcset=\"https:\/\/www.leclubdesaubergistes.fr\/wp-content\/uploads\/sites\/7\/2025\/06\/mariage-a-lyon-lieu3.jpg 493w, https:\/\/www.leclubdesaubergistes.fr\/wp-content\/uploads\/sites\/7\/2025\/06\/mariage-a-lyon-lieu3-399x600.jpg 399w\" sizes=\"(max-width: 493px) 100vw, 493px\" \/>\t\t\t\t\t<\/a>\n\t\t\t\n\t\t<\/div>\n\t\n\n\t\t\t<div\n\t\tclass=\"card swiper-slide wp-block-acf-card\" id=\"card-id--7\"\t\t>\n\t\n\t\t\t\t\t\t<a href=\"https:\/\/www.leclubdesaubergistes.fr\/wp-content\/uploads\/sites\/7\/2025\/06\/mariage-a-lyon-lieu1.jpg\" data-fancybox=\"gallery\" data-caption=\"mariage a lyon lieu1\"\n\t\t\t>\n\t\t\t\t<img decoding=\"async\" width=\"432\" height=\"649\" src=\"https:\/\/www.leclubdesaubergistes.fr\/wp-content\/uploads\/sites\/7\/2025\/06\/mariage-a-lyon-lieu1.jpg\" class=\"card__image\" alt=\"mariage a lyon lieu1\" srcset=\"https:\/\/www.leclubdesaubergistes.fr\/wp-content\/uploads\/sites\/7\/2025\/06\/mariage-a-lyon-lieu1.jpg 432w, https:\/\/www.leclubdesaubergistes.fr\/wp-content\/uploads\/sites\/7\/2025\/06\/mariage-a-lyon-lieu1-399x600.jpg 399w\" sizes=\"(max-width: 432px) 100vw, 432px\" \/>\t\t\t\t\t<\/a>\n\t\t\t\n\t\t<\/div>\n\t\n<\/div>\n\t\t\t\t<div class=\"button-prev\">\n\t\t\t<svg xmlns=\"http:\/\/www.w3.org\/2000\/svg\" viewBox=\"0 0 448 512\">\n\t\t\t\t<path\n\t\t\t\t\td=\"M12.7 244.7L1.4 256l11.3 11.3 168 168L192 446.6 214.6 424l-11.3-11.3L62.6 272 432 272l16 0 0-32-16 0L62.6 240 203.3 99.3 214.6 88 192 65.4 180.7 76.7l-168 168z\" \/>\n\t\t\t<\/svg>\n\t\t<\/div>\n\t\t<div class=\"button-next\">\n\t\t\t<svg xmlns=\"http:\/\/www.w3.org\/2000\/svg\" viewBox=\"0 0 448 512\">\n\t\t\t\t<path\n\t\t\t\t\td=\"M435.3 267.3L446.6 256l-11.3-11.3-168-168L256 65.4 233.4 88l11.3 11.3L385.4 240 16 240 0 240l0 32 16 0 369.4 0L244.7 412.7 233.4 424 256 446.6l11.3-11.3 168-168z\" \/>\n\t\t\t<\/svg>\n\t\t<\/div>\n\t\t\t<\/div><!-- .swiper -->\n\n\t\t<div id=\"slider__gallery-button--slider-id-1\"\n\t\tclass=\"slider__gallery-button wp-block-button is-style-label-button is-style-label-button--5\"\n\t\tdata-gallery-trigger=\"gallery-slider-id-1\">\n\t\t<a class=\"wp-block-button__link wp-element-button\">Open photo gallery<\/a>\n\t<\/div>\n\t<\/div>\n\n\n\n<\/section>\n\n\t<section\n\t\tstyle=\"padding-top:var(--wp--preset--spacing--theme-default);padding-bottom:var(--wp--preset--spacing--theme-default);\" class=\"block-container align wp-block-acf-block-container has-background has-white-background-color has-global-padding is-content-justification-center is-layout-constrained wp-container-acf-block-container-is-layout-f593cb3c wp-block-acf-block-container-is-layout-constrained\"\t>\n\n\t\n\n<div class=\"wp-block-group has-global-padding is-layout-constrained wp-container-core-group-is-layout-30cbf03a wp-block-group-is-layout-constrained\">\n<h3 class=\"wp-block-heading has-text-align-left\">Need a catering offer?<\/h3>\n\n\n\n<p class=\"has-text-align-left\">Your guests deserve the very best on your wedding day? Le Comptoir Ph\u00e9nix offers you a warm setting, refined cuisine and attentive service. No pre-selection, we build your menu together.  <\/p>\n\n\n\n<p class=\"has-text-align-left\">Many people are looking for a<strong> <\/strong>hotel-restaurant for their wedding in Lyon. Les Aubergistes Lyonnais promises an experience far from the norm. <\/p>\n<\/div>\n\n\n\n<\/section>\n\n\t<section\n\t\tstyle=\"padding-top:0%;padding-bottom:0%;\" class=\"block-container align wp-block-acf-block-container has-background has-white-100-background-color has-global-padding is-layout-constrained wp-container-acf-block-container-is-layout-4eed1cba wp-block-acf-block-container-is-layout-constrained\"\t>\n\n\t\n\n<div class=\"wp-block-group has-global-padding is-layout-constrained wp-container-core-group-is-layout-2dcfafcc wp-block-group-is-layout-constrained\" style=\"padding-top:var(--wp--preset--spacing--theme-default);padding-right:0;padding-bottom:var(--wp--preset--spacing--theme-default);padding-left:0\">\n<h3 class=\"wp-block-heading has-text-align-center\">Contact us for a Lyon wedding that will leave a lasting impression!<\/h3>\n\n\n\n<div class=\"wp-block-buttons is-content-justification-center is-layout-flex wp-container-core-buttons-is-layout-a89b3969 wp-block-buttons-is-layout-flex\">\n<div class=\"wp-block-button is-style-label-button is-style-label-button--1\"><a class=\"wp-block-button__link wp-element-button\" href=\"https:\/\/www.leclubdesaubergistes.fr\/en\/free-quotation\/\">free quotation<\/a><\/div>\n<\/div>\n<\/div>\n\n\n\n<div\nclass=\"slider alignfull wp-block-acf-slider\" id=\"slider-id-2\" data-gallery-id=\"gallery-slider-id-2\">\n\t<div class=\"wp-block-group\n\t\t\tswiper\">\n\t\t<div class=\"swiper-wrapper slider__innerblocks\">\n\n<\/div>\n\t\t\t\t<div class=\"button-prev\">\n\t\t\t<svg xmlns=\"http:\/\/www.w3.org\/2000\/svg\" viewBox=\"0 0 448 512\">\n\t\t\t\t<path\n\t\t\t\t\td=\"M12.7 244.7L1.4 256l11.3 11.3 168 168L192 446.6 214.6 424l-11.3-11.3L62.6 272 432 272l16 0 0-32-16 0L62.6 240 203.3 99.3 214.6 88 192 65.4 180.7 76.7l-168 168z\" \/>\n\t\t\t<\/svg>\n\t\t<\/div>\n\t\t<div class=\"button-next\">\n\t\t\t<svg xmlns=\"http:\/\/www.w3.org\/2000\/svg\" viewBox=\"0 0 448 512\">\n\t\t\t\t<path\n\t\t\t\t\td=\"M435.3 267.3L446.6 256l-11.3-11.3-168-168L256 65.4 233.4 88l11.3 11.3L385.4 240 16 240 0 240l0 32 16 0 369.4 0L244.7 412.7 233.4 424 256 446.6l11.3-11.3 168-168z\" \/>\n\t\t\t<\/svg>\n\t\t<\/div>\n\t\t\t<\/div><!-- .swiper -->\n\n\t<\/div>\n\n\n\n<\/section>\n","protected":false},"excerpt":{"rendered":"","protected":false},"author":2,"featured_media":5994,"parent":1825,"menu_order":0,"comment_status":"closed","ping_status":"closed","template":"","meta":{"_acf_changed":false,"inline_featured_image":false,"footnotes":""},"class_list":["post-6724","page","type-page","status-publish","has-post-thumbnail","hentry"],"acf":[],"yoast_head":"<!-- This site is optimized with the Yoast SEO plugin v27.4 - https:\/\/yoast.com\/product\/yoast-seo-wordpress\/ -->\n<title>Rental Venue Wedding, reception + Restaurant Lyon Centre<\/title>\n<meta name=\"description\" content=\"Le Club des Aubergistes Lyonnais - An exceptional venue for your wedding and reception with restaurant in the heart of Lyon.\" \/>\n<meta name=\"robots\" content=\"index, follow, max-snippet:-1, max-image-preview:large, max-video-preview:-1\" \/>\n<link rel=\"canonical\" href=\"https:\/\/www.leclubdesaubergistes.fr\/en\/private-events\/wedding\/\" \/>\n<meta property=\"og:locale\" content=\"en_US\" \/>\n<meta property=\"og:type\" content=\"article\" \/>\n<meta property=\"og:title\" content=\"Rental Venue Wedding, reception + Restaurant Lyon Centre\" \/>\n<meta property=\"og:description\" content=\"Le Club des Aubergistes Lyonnais - An exceptional venue for your wedding and reception with restaurant in the heart of Lyon.\" \/>\n<meta property=\"og:url\" content=\"https:\/\/www.leclubdesaubergistes.fr\/en\/private-events\/wedding\/\" \/>\n<meta property=\"og:site_name\" content=\"Le Club des Aubergistes\" \/>\n<meta property=\"article:modified_time\" content=\"2025-10-21T13:09:57+00:00\" \/>\n<meta property=\"og:image\" content=\"https:\/\/www.leclubdesaubergistes.fr\/wp-content\/uploads\/sites\/7\/2025\/06\/mariage-a-lyon-lieu7.jpg\" \/>\n\t<meta property=\"og:image:width\" content=\"1500\" \/>\n\t<meta property=\"og:image:height\" content=\"1000\" \/>\n\t<meta property=\"og:image:type\" content=\"image\/jpeg\" \/>\n<meta name=\"twitter:card\" content=\"summary_large_image\" \/>\n<meta name=\"twitter:label1\" content=\"Est. reading time\" \/>\n\t<meta name=\"twitter:data1\" content=\"2 minutes\" \/>\n<script type=\"application\/ld+json\" class=\"yoast-schema-graph\">{\"@context\":\"https:\\\/\\\/schema.org\",\"@graph\":[{\"@type\":\"WebPage\",\"@id\":\"https:\\\/\\\/www.leclubdesaubergistes.fr\\\/en\\\/private-events\\\/wedding\\\/\",\"url\":\"https:\\\/\\\/www.leclubdesaubergistes.fr\\\/en\\\/private-events\\\/wedding\\\/\",\"name\":\"Rental Venue Wedding, reception + Restaurant Lyon Centre\",\"isPartOf\":{\"@id\":\"https:\\\/\\\/www.leclubdesaubergistes.fr\\\/en\\\/#website\"},\"primaryImageOfPage\":{\"@id\":\"https:\\\/\\\/www.leclubdesaubergistes.fr\\\/en\\\/private-events\\\/wedding\\\/#primaryimage\"},\"image\":{\"@id\":\"https:\\\/\\\/www.leclubdesaubergistes.fr\\\/en\\\/private-events\\\/wedding\\\/#primaryimage\"},\"thumbnailUrl\":\"https:\\\/\\\/www.leclubdesaubergistes.fr\\\/wp-content\\\/uploads\\\/sites\\\/7\\\/2025\\\/06\\\/mariage-a-lyon-lieu7.jpg\",\"datePublished\":\"2025-06-16T14:40:35+00:00\",\"dateModified\":\"2025-10-21T13:09:57+00:00\",\"description\":\"Le Club des Aubergistes Lyonnais - An exceptional venue for your wedding and reception with restaurant in the heart of Lyon.\",\"breadcrumb\":{\"@id\":\"https:\\\/\\\/www.leclubdesaubergistes.fr\\\/en\\\/private-events\\\/wedding\\\/#breadcrumb\"},\"inLanguage\":\"en-US\",\"potentialAction\":[{\"@type\":\"ReadAction\",\"target\":[\"https:\\\/\\\/www.leclubdesaubergistes.fr\\\/en\\\/private-events\\\/wedding\\\/\"]}]},{\"@type\":\"ImageObject\",\"inLanguage\":\"en-US\",\"@id\":\"https:\\\/\\\/www.leclubdesaubergistes.fr\\\/en\\\/private-events\\\/wedding\\\/#primaryimage\",\"url\":\"https:\\\/\\\/www.leclubdesaubergistes.fr\\\/wp-content\\\/uploads\\\/sites\\\/7\\\/2025\\\/06\\\/mariage-a-lyon-lieu7.jpg\",\"contentUrl\":\"https:\\\/\\\/www.leclubdesaubergistes.fr\\\/wp-content\\\/uploads\\\/sites\\\/7\\\/2025\\\/06\\\/mariage-a-lyon-lieu7.jpg\",\"width\":1500,\"height\":1000,\"caption\":\"mariage a lyon lieu7\"},{\"@type\":\"BreadcrumbList\",\"@id\":\"https:\\\/\\\/www.leclubdesaubergistes.fr\\\/en\\\/private-events\\\/wedding\\\/#breadcrumb\",\"itemListElement\":[{\"@type\":\"ListItem\",\"position\":1,\"name\":\"Home\",\"item\":\"https:\\\/\\\/www.leclubdesaubergistes.fr\\\/en\\\/\"},{\"@type\":\"ListItem\",\"position\":2,\"name\":\"Private events\",\"item\":\"https:\\\/\\\/www.leclubdesaubergistes.fr\\\/en\\\/private-events\\\/\"},{\"@type\":\"ListItem\",\"position\":3,\"name\":\"Wedding\"}]},{\"@type\":\"WebSite\",\"@id\":\"https:\\\/\\\/www.leclubdesaubergistes.fr\\\/en\\\/#website\",\"url\":\"https:\\\/\\\/www.leclubdesaubergistes.fr\\\/en\\\/\",\"name\":\"Globe Cecil\",\"description\":\"H\u00f4tel 4 \u00e9toiles \u00e0 Lyon\",\"publisher\":{\"@id\":\"https:\\\/\\\/www.leclubdesaubergistes.fr\\\/en\\\/#organization\"},\"potentialAction\":[{\"@type\":\"SearchAction\",\"target\":{\"@type\":\"EntryPoint\",\"urlTemplate\":\"https:\\\/\\\/www.leclubdesaubergistes.fr\\\/en\\\/?s={search_term_string}\"},\"query-input\":{\"@type\":\"PropertyValueSpecification\",\"valueRequired\":true,\"valueName\":\"search_term_string\"}}],\"inLanguage\":\"en-US\"},{\"@type\":\"Organization\",\"@id\":\"https:\\\/\\\/www.leclubdesaubergistes.fr\\\/en\\\/#organization\",\"name\":\"Globe Cecil\",\"url\":\"https:\\\/\\\/www.leclubdesaubergistes.fr\\\/en\\\/\",\"logo\":{\"@type\":\"ImageObject\",\"inLanguage\":\"en-US\",\"@id\":\"https:\\\/\\\/www.leclubdesaubergistes.fr\\\/en\\\/#\\\/schema\\\/logo\\\/image\\\/\",\"url\":\"https:\\\/\\\/www.leclubdesaubergistes.fr\\\/wp-content\\\/uploads\\\/sites\\\/7\\\/2025\\\/05\\\/LOGO-Club-des-Aubergistes-White.svg\",\"contentUrl\":\"https:\\\/\\\/www.leclubdesaubergistes.fr\\\/wp-content\\\/uploads\\\/sites\\\/7\\\/2025\\\/05\\\/LOGO-Club-des-Aubergistes-White.svg\",\"width\":459,\"height\":128,\"caption\":\"Globe Cecil\"},\"image\":{\"@id\":\"https:\\\/\\\/www.leclubdesaubergistes.fr\\\/en\\\/#\\\/schema\\\/logo\\\/image\\\/\"}}]}<\/script>\n<!-- \/ Yoast SEO plugin. -->","yoast_head_json":{"title":"Rental Venue Wedding, reception + Restaurant Lyon Centre","description":"Le Club des Aubergistes Lyonnais - An exceptional venue for your wedding and reception with restaurant in the heart of Lyon.","robots":{"index":"index","follow":"follow","max-snippet":"max-snippet:-1","max-image-preview":"max-image-preview:large","max-video-preview":"max-video-preview:-1"},"canonical":"https:\/\/www.leclubdesaubergistes.fr\/en\/private-events\/wedding\/","og_locale":"en_US","og_type":"article","og_title":"Rental Venue Wedding, reception + Restaurant Lyon Centre","og_description":"Le Club des Aubergistes Lyonnais - An exceptional venue for your wedding and reception with restaurant in the heart of Lyon.","og_url":"https:\/\/www.leclubdesaubergistes.fr\/en\/private-events\/wedding\/","og_site_name":"Le Club des Aubergistes","article_modified_time":"2025-10-21T13:09:57+00:00","og_image":[{"width":1500,"height":1000,"url":"https:\/\/www.leclubdesaubergistes.fr\/wp-content\/uploads\/sites\/7\/2025\/06\/mariage-a-lyon-lieu7.jpg","type":"image\/jpeg"}],"twitter_card":"summary_large_image","twitter_misc":{"Est. reading time":"2 minutes"},"schema":{"@context":"https:\/\/schema.org","@graph":[{"@type":"WebPage","@id":"https:\/\/www.leclubdesaubergistes.fr\/en\/private-events\/wedding\/","url":"https:\/\/www.leclubdesaubergistes.fr\/en\/private-events\/wedding\/","name":"Rental Venue Wedding, reception + Restaurant Lyon Centre","isPartOf":{"@id":"https:\/\/www.leclubdesaubergistes.fr\/en\/#website"},"primaryImageOfPage":{"@id":"https:\/\/www.leclubdesaubergistes.fr\/en\/private-events\/wedding\/#primaryimage"},"image":{"@id":"https:\/\/www.leclubdesaubergistes.fr\/en\/private-events\/wedding\/#primaryimage"},"thumbnailUrl":"https:\/\/www.leclubdesaubergistes.fr\/wp-content\/uploads\/sites\/7\/2025\/06\/mariage-a-lyon-lieu7.jpg","datePublished":"2025-06-16T14:40:35+00:00","dateModified":"2025-10-21T13:09:57+00:00","description":"Le Club des Aubergistes Lyonnais - An exceptional venue for your wedding and reception with restaurant in the heart of Lyon.","breadcrumb":{"@id":"https:\/\/www.leclubdesaubergistes.fr\/en\/private-events\/wedding\/#breadcrumb"},"inLanguage":"en-US","potentialAction":[{"@type":"ReadAction","target":["https:\/\/www.leclubdesaubergistes.fr\/en\/private-events\/wedding\/"]}]},{"@type":"ImageObject","inLanguage":"en-US","@id":"https:\/\/www.leclubdesaubergistes.fr\/en\/private-events\/wedding\/#primaryimage","url":"https:\/\/www.leclubdesaubergistes.fr\/wp-content\/uploads\/sites\/7\/2025\/06\/mariage-a-lyon-lieu7.jpg","contentUrl":"https:\/\/www.leclubdesaubergistes.fr\/wp-content\/uploads\/sites\/7\/2025\/06\/mariage-a-lyon-lieu7.jpg","width":1500,"height":1000,"caption":"mariage a lyon lieu7"},{"@type":"BreadcrumbList","@id":"https:\/\/www.leclubdesaubergistes.fr\/en\/private-events\/wedding\/#breadcrumb","itemListElement":[{"@type":"ListItem","position":1,"name":"Home","item":"https:\/\/www.leclubdesaubergistes.fr\/en\/"},{"@type":"ListItem","position":2,"name":"Private events","item":"https:\/\/www.leclubdesaubergistes.fr\/en\/private-events\/"},{"@type":"ListItem","position":3,"name":"Wedding"}]},{"@type":"WebSite","@id":"https:\/\/www.leclubdesaubergistes.fr\/en\/#website","url":"https:\/\/www.leclubdesaubergistes.fr\/en\/","name":"Globe Cecil","description":"H\u00f4tel 4 \u00e9toiles \u00e0 Lyon","publisher":{"@id":"https:\/\/www.leclubdesaubergistes.fr\/en\/#organization"},"potentialAction":[{"@type":"SearchAction","target":{"@type":"EntryPoint","urlTemplate":"https:\/\/www.leclubdesaubergistes.fr\/en\/?s={search_term_string}"},"query-input":{"@type":"PropertyValueSpecification","valueRequired":true,"valueName":"search_term_string"}}],"inLanguage":"en-US"},{"@type":"Organization","@id":"https:\/\/www.leclubdesaubergistes.fr\/en\/#organization","name":"Globe Cecil","url":"https:\/\/www.leclubdesaubergistes.fr\/en\/","logo":{"@type":"ImageObject","inLanguage":"en-US","@id":"https:\/\/www.leclubdesaubergistes.fr\/en\/#\/schema\/logo\/image\/","url":"https:\/\/www.leclubdesaubergistes.fr\/wp-content\/uploads\/sites\/7\/2025\/05\/LOGO-Club-des-Aubergistes-White.svg","contentUrl":"https:\/\/www.leclubdesaubergistes.fr\/wp-content\/uploads\/sites\/7\/2025\/05\/LOGO-Club-des-Aubergistes-White.svg","width":459,"height":128,"caption":"Globe Cecil"},"image":{"@id":"https:\/\/www.leclubdesaubergistes.fr\/en\/#\/schema\/logo\/image\/"}}]}},"_links":{"self":[{"href":"https:\/\/www.leclubdesaubergistes.fr\/en\/wp-json\/wp\/v2\/pages\/6724","targetHints":{"allow":["GET"]}}],"collection":[{"href":"https:\/\/www.leclubdesaubergistes.fr\/en\/wp-json\/wp\/v2\/pages"}],"about":[{"href":"https:\/\/www.leclubdesaubergistes.fr\/en\/wp-json\/wp\/v2\/types\/page"}],"author":[{"embeddable":true,"href":"https:\/\/www.leclubdesaubergistes.fr\/en\/wp-json\/wp\/v2\/users\/2"}],"replies":[{"embeddable":true,"href":"https:\/\/www.leclubdesaubergistes.fr\/en\/wp-json\/wp\/v2\/comments?post=6724"}],"version-history":[{"count":5,"href":"https:\/\/www.leclubdesaubergistes.fr\/en\/wp-json\/wp\/v2\/pages\/6724\/revisions"}],"predecessor-version":[{"id":8486,"href":"https:\/\/www.leclubdesaubergistes.fr\/en\/wp-json\/wp\/v2\/pages\/6724\/revisions\/8486"}],"up":[{"embeddable":true,"href":"https:\/\/www.leclubdesaubergistes.fr\/en\/wp-json\/wp\/v2\/pages\/1825"}],"wp:featuredmedia":[{"embeddable":true,"href":"https:\/\/www.leclubdesaubergistes.fr\/en\/wp-json\/wp\/v2\/media\/5994"}],"wp:attachment":[{"href":"https:\/\/www.leclubdesaubergistes.fr\/en\/wp-json\/wp\/v2\/media?parent=6724"}],"curies":[{"name":"wp","href":"https:\/\/api.w.org\/{rel}","templated":true}]}}