{"id":8906,"date":"2026-05-11T17:35:51","date_gmt":"2026-05-11T15:35:51","guid":{"rendered":"https:\/\/www.leclubdesaubergistes.fr\/site-map\/"},"modified":"2026-05-11T17:36:13","modified_gmt":"2026-05-11T15:36:13","slug":"site-map","status":"publish","type":"page","link":"https:\/\/www.leclubdesaubergistes.fr\/en\/site-map\/","title":{"rendered":"Site map"},"content":{"rendered":"\n<section class=\"heading wp-elements-142c8c5377dc4be09c961ffef0250c3c wp-elements-142c8c5377dc4be09c961ffef0250c3c wp-block-acf-heading has-text-color has-primary-color has-background has-white-100-background-color\">\n\t<div class=\"heading__container\">\n\t\t\t\t\t<div class=\"heading__background-picture\">\n\t\t\t\t<img decoding=\"async\" width=\"1920\" height=\"1280\" src=\"https:\/\/www.leclubdesaubergistes.fr\/wp-content\/uploads\/sites\/7\/2025\/03\/meilleur-hotel-de-lyon-centre.jpg\" class=\"attachment-full size-full\" alt=\"meilleur hotel de lyon centre\" fetchpriority=\"high\" srcset=\"https:\/\/www.leclubdesaubergistes.fr\/wp-content\/uploads\/sites\/7\/2025\/03\/meilleur-hotel-de-lyon-centre.jpg 1920w, https:\/\/www.leclubdesaubergistes.fr\/wp-content\/uploads\/sites\/7\/2025\/03\/meilleur-hotel-de-lyon-centre-300x200.jpg 300w, https:\/\/www.leclubdesaubergistes.fr\/wp-content\/uploads\/sites\/7\/2025\/03\/meilleur-hotel-de-lyon-centre-1024x683.jpg 1024w, https:\/\/www.leclubdesaubergistes.fr\/wp-content\/uploads\/sites\/7\/2025\/03\/meilleur-hotel-de-lyon-centre-768x512.jpg 768w, https:\/\/www.leclubdesaubergistes.fr\/wp-content\/uploads\/sites\/7\/2025\/03\/meilleur-hotel-de-lyon-centre-1536x1024.jpg 1536w\" sizes=\"(max-width: 1920px) 100vw, 1920px\" \/>\t\t\t<\/div>\n\t\t\t\t<div class=\"heading__layout\">\n\t\t\t<div class=\"heading__content-wrapper has-white-100-background-color\">\n\t\t\t\t<div class=\"heading__content has-white-100-background-color\">\n\t\t\t\t\t\t\t\t\t<p id=\"breadcrumbs\"><span><span><a href=\"https:\/\/www.leclubdesaubergistes.fr\/en\/\">Home<\/a><\/span><\/span><\/p>\t\t\t\t\t\t\t\t\t<div class=\"acf-innerblocks-container\">\n\n<div class=\"wp-block-group heading-content-group is-layout-grid wp-container-core-group-is-layout-96b258e4 wp-block-group-is-layout-grid\">\n<h1 class=\"wp-block-heading has-text-align-left heading__title has-primary-color has-text-color has-xx-large-font-size wp-container-content-32a3e683\">Site map<\/h1>\n<\/div>\n\n<\/div>\n\t\t\t\t<\/div>\n\t\t\t\t\t\t\t\t<div class=\"heading__illustration illustration-with-parallax desktop-only\">\n\t\t\t\t\t<img decoding=\"async\" width=\"350\" height=\"350\" src=\"https:\/\/www.leclubdesaubergistes.fr\/wp-content\/uploads\/sites\/7\/2025\/04\/HORLOGE.png\" class=\"attachment-full size-full\" alt=\"HORLOGE\" fetchpriority=\"high\" srcset=\"https:\/\/www.leclubdesaubergistes.fr\/wp-content\/uploads\/sites\/7\/2025\/04\/HORLOGE.png 350w, https:\/\/www.leclubdesaubergistes.fr\/wp-content\/uploads\/sites\/7\/2025\/04\/HORLOGE-300x300.png 300w\" sizes=\"(max-width: 350px) 100vw, 350px\" \/>\t\t\t\t<\/div>\n\t\t\t\t\t\t\t<\/div>\n\t\t<\/div>\n\t<\/div>\n<\/section>\n\n\n\t<section\n\t\tstyle=\"padding-top:var(--wp--preset--spacing--theme-default);padding-bottom:var(--wp--preset--spacing--theme-default);\" class=\"block-container align wp-block-acf-block-container has-background has-white-background-color has-global-padding is-layout-constrained wp-block-acf-block-container-is-layout-constrained\"\t>\n\n\t\n\n<div class=\"wp-block-group is-layout-flow wp-block-group-is-layout-flow\"><div class=\"wsp-container\"><h2 class=\"wsp-pages-title\">Pages<\/h2>\n<ul class=\"wsp-pages-list\">\n<li class=\"page_item page-item-1805\"><a href=\"https:\/\/www.leclubdesaubergistes.fr\/en\/contact\/\">Contact<\/a><\/li>\n<li class=\"page_item page-item-1808 page_item_has_children\"><a href=\"https:\/\/www.leclubdesaubergistes.fr\/en\/event-organizer\/\">Event organizers<\/a>\n<ul class='children'>\n\t<li class=\"page_item page-item-1830\"><a href=\"https:\/\/www.leclubdesaubergistes.fr\/en\/event-organizer\/partner-activities-and-entertainment-lyon\/\">Activities and entertainment<\/a><\/li>\n\t<li class=\"page_item page-item-1811\"><a href=\"https:\/\/www.leclubdesaubergistes.fr\/en\/event-organizer\/private-hotel-rental-lyon\/\">Hotels<\/a><\/li>\n\t<li class=\"page_item page-item-1815\"><a href=\"https:\/\/www.leclubdesaubergistes.fr\/en\/event-organizer\/private-restaurant-rental-lyon\/\">Restaurant and caterer<\/a><\/li>\n<\/ul>\n<\/li>\n<li class=\"page_item page-item-1794\"><a href=\"https:\/\/www.leclubdesaubergistes.fr\/en\/faq\/\">FAQ<\/a><\/li>\n<li class=\"page_item page-item-6697\"><a href=\"https:\/\/www.leclubdesaubergistes.fr\/en\/free-quotation\/\">Free quotation<\/a><\/li>\n<li class=\"page_item page-item-1139\"><a href=\"https:\/\/www.leclubdesaubergistes.fr\/en\/\">Home<\/a><\/li>\n<li class=\"page_item page-item-1832\"><a href=\"https:\/\/www.leclubdesaubergistes.fr\/en\/legal-notices\/\">Legal notices<\/a><\/li>\n<li class=\"page_item page-item-1837\"><a href=\"https:\/\/www.leclubdesaubergistes.fr\/en\/our-current-formulas\/\">Our current formulas<\/a><\/li>\n<li class=\"page_item page-item-3962\"><a href=\"https:\/\/www.leclubdesaubergistes.fr\/en\/event-spaces\/\">Our spaces in Lyon<\/a><\/li>\n<li class=\"page_item page-item-7945\"><a href=\"https:\/\/www.leclubdesaubergistes.fr\/en\/privacy-policy\/\">Privacy policy<\/a><\/li>\n<li class=\"page_item page-item-1825 page_item_has_children\"><a href=\"https:\/\/www.leclubdesaubergistes.fr\/en\/private-events\/\">Private events<\/a>\n<ul class='children'>\n\t<li class=\"page_item page-item-6713\"><a href=\"https:\/\/www.leclubdesaubergistes.fr\/en\/private-events\/birthday\/\">Birthday<\/a><\/li>\n\t<li class=\"page_item page-item-7078\"><a href=\"https:\/\/www.leclubdesaubergistes.fr\/en\/private-events\/private-evening\/\">Private evening<\/a><\/li>\n\t<li class=\"page_item page-item-6709\"><a href=\"https:\/\/www.leclubdesaubergistes.fr\/en\/private-events\/reception-room\/\">Reception room<\/a><\/li>\n\t<li class=\"page_item page-item-6724\"><a href=\"https:\/\/www.leclubdesaubergistes.fr\/en\/private-events\/wedding\/\">Wedding<\/a><\/li>\n<\/ul>\n<\/li>\n<li class=\"page_item page-item-1839 page_item_has_children\"><a href=\"https:\/\/www.leclubdesaubergistes.fr\/en\/corporate-events\/\">Professional events<\/a>\n<ul class='children'>\n\t<li class=\"page_item page-item-6704\"><a href=\"https:\/\/www.leclubdesaubergistes.fr\/en\/corporate-events\/business-meals\/\">Business meals<\/a><\/li>\n\t<li class=\"page_item page-item-6960\"><a href=\"https:\/\/www.leclubdesaubergistes.fr\/en\/corporate-events\/conference-room\/\">Conference room<\/a><\/li>\n\t<li class=\"page_item page-item-7448\"><a href=\"https:\/\/www.leclubdesaubergistes.fr\/en\/corporate-events\/corporate-evening\/\">Corporate evening<\/a><\/li>\n\t<li class=\"page_item page-item-7439\"><a href=\"https:\/\/www.leclubdesaubergistes.fr\/en\/corporate-events\/meeting-room\/\">Meeting room<\/a><\/li>\n\t<li class=\"page_item page-item-7436\"><a href=\"https:\/\/www.leclubdesaubergistes.fr\/en\/corporate-events\/seminar\/\">Seminar<\/a><\/li>\n\t<li class=\"page_item page-item-6706\"><a href=\"https:\/\/www.leclubdesaubergistes.fr\/en\/corporate-events\/team-building\/\">Team building<\/a><\/li>\n\t<li class=\"page_item page-item-7451\"><a href=\"https:\/\/www.leclubdesaubergistes.fr\/en\/corporate-events\/training-room\/\">Training room<\/a><\/li>\n<\/ul>\n<\/li>\n<li class=\"page_item page-item-8906\"><a href=\"https:\/\/www.leclubdesaubergistes.fr\/en\/site-map\/\">Site map<\/a><\/li>\n<li class=\"page_item page-item-1801\"><a href=\"https:\/\/www.leclubdesaubergistes.fr\/en\/general-rental-conditions\/\">Terms and conditions of sale<\/a><\/li>\n<\/ul>\n<h2 class=\"wsp-espacess-title\">Spaces<\/h2>\n<ul class=\"wsp-espacess-list\">\n<li><a href=\"https:\/\/www.leclubdesaubergistes.fr\/en\/event-spaces\/le-gai-soleil\/\">Mountain chalet privatization<\/a><\/li>\n<li><a href=\"https:\/\/www.leclubdesaubergistes.fr\/en\/event-spaces\/lobby-lyon-center-bellecour\/\">Lobby<\/a><\/li>\n<li><a href=\"https:\/\/www.leclubdesaubergistes.fr\/en\/event-spaces\/comptoir-phenix-vieux-lyon-saint-jean\/\">Comptoir Ph\u00e9nix<\/a><\/li>\n<li><a href=\"https:\/\/www.leclubdesaubergistes.fr\/en\/event-spaces\/salon-damin-vieux-lyon-saint-jean\/\">Salon Damin<\/a><\/li>\n<li><a href=\"https:\/\/www.leclubdesaubergistes.fr\/en\/event-spaces\/atelier-vieux-lyon-saint-jean\/\">Workshop<\/a><\/li>\n<li><a href=\"https:\/\/www.leclubdesaubergistes.fr\/en\/event-spaces\/club-cecil-lyon-center-bellecour\/\">Club Cecil<\/a><\/li>\n<\/ul>\n<\/div>\n<\/div>\n\n\n\n<\/section>\n","protected":false},"excerpt":{"rendered":"","protected":false},"author":2,"featured_media":0,"parent":0,"menu_order":0,"comment_status":"closed","ping_status":"closed","template":"","meta":{"_acf_changed":false,"inline_featured_image":false,"footnotes":""},"class_list":["post-8906","page","type-page","status-publish","hentry"],"acf":[],"yoast_head":"<!-- This site is optimized with the Yoast SEO plugin v27.5 - https:\/\/yoast.com\/product\/yoast-seo-wordpress\/ -->\n<title>Site map - Le Club des Aubergistes<\/title>\n<meta name=\"robots\" content=\"index, follow, max-snippet:-1, max-image-preview:large, max-video-preview:-1\" \/>\n<link rel=\"canonical\" href=\"https:\/\/www.leclubdesaubergistes.fr\/en\/site-map\/\" \/>\n<meta property=\"og:locale\" content=\"en_US\" \/>\n<meta property=\"og:type\" content=\"article\" \/>\n<meta property=\"og:title\" content=\"Site map - Le Club des Aubergistes\" \/>\n<meta property=\"og:url\" content=\"https:\/\/www.leclubdesaubergistes.fr\/en\/site-map\/\" \/>\n<meta property=\"og:site_name\" content=\"Le Club des Aubergistes\" \/>\n<meta property=\"article:modified_time\" content=\"2026-05-11T15:36:13+00:00\" \/>\n<meta name=\"twitter:card\" content=\"summary_large_image\" \/>\n<script type=\"application\/ld+json\" class=\"yoast-schema-graph\">{\"@context\":\"https:\\\/\\\/schema.org\",\"@graph\":[{\"@type\":\"WebPage\",\"@id\":\"https:\\\/\\\/www.leclubdesaubergistes.fr\\\/en\\\/site-map\\\/\",\"url\":\"https:\\\/\\\/www.leclubdesaubergistes.fr\\\/en\\\/site-map\\\/\",\"name\":\"Site map - Le Club des Aubergistes\",\"isPartOf\":{\"@id\":\"https:\\\/\\\/www.leclubdesaubergistes.fr\\\/en\\\/#website\"},\"datePublished\":\"2026-05-11T15:35:51+00:00\",\"dateModified\":\"2026-05-11T15:36:13+00:00\",\"breadcrumb\":{\"@id\":\"https:\\\/\\\/www.leclubdesaubergistes.fr\\\/en\\\/site-map\\\/#breadcrumb\"},\"inLanguage\":\"en-US\",\"potentialAction\":[{\"@type\":\"ReadAction\",\"target\":[\"https:\\\/\\\/www.leclubdesaubergistes.fr\\\/en\\\/site-map\\\/\"]}]},{\"@type\":\"BreadcrumbList\",\"@id\":\"https:\\\/\\\/www.leclubdesaubergistes.fr\\\/en\\\/site-map\\\/#breadcrumb\",\"itemListElement\":[{\"@type\":\"ListItem\",\"position\":1,\"name\":\"Home\",\"item\":\"https:\\\/\\\/www.leclubdesaubergistes.fr\\\/en\\\/\"},{\"@type\":\"ListItem\",\"position\":2,\"name\":\"Site map\"}]},{\"@type\":\"WebSite\",\"@id\":\"https:\\\/\\\/www.leclubdesaubergistes.fr\\\/en\\\/#website\",\"url\":\"https:\\\/\\\/www.leclubdesaubergistes.fr\\\/en\\\/\",\"name\":\"Globe Cecil\",\"description\":\"H\u00f4tel 4 \u00e9toiles \u00e0 Lyon\",\"publisher\":{\"@id\":\"https:\\\/\\\/www.leclubdesaubergistes.fr\\\/en\\\/#organization\"},\"potentialAction\":[{\"@type\":\"SearchAction\",\"target\":{\"@type\":\"EntryPoint\",\"urlTemplate\":\"https:\\\/\\\/www.leclubdesaubergistes.fr\\\/en\\\/?s={search_term_string}\"},\"query-input\":{\"@type\":\"PropertyValueSpecification\",\"valueRequired\":true,\"valueName\":\"search_term_string\"}}],\"inLanguage\":\"en-US\"},{\"@type\":\"Organization\",\"@id\":\"https:\\\/\\\/www.leclubdesaubergistes.fr\\\/en\\\/#organization\",\"name\":\"Globe Cecil\",\"url\":\"https:\\\/\\\/www.leclubdesaubergistes.fr\\\/en\\\/\",\"logo\":{\"@type\":\"ImageObject\",\"inLanguage\":\"en-US\",\"@id\":\"https:\\\/\\\/www.leclubdesaubergistes.fr\\\/en\\\/#\\\/schema\\\/logo\\\/image\\\/\",\"url\":\"https:\\\/\\\/www.leclubdesaubergistes.fr\\\/wp-content\\\/uploads\\\/sites\\\/7\\\/2025\\\/05\\\/LOGO-Club-des-Aubergistes-White.svg\",\"contentUrl\":\"https:\\\/\\\/www.leclubdesaubergistes.fr\\\/wp-content\\\/uploads\\\/sites\\\/7\\\/2025\\\/05\\\/LOGO-Club-des-Aubergistes-White.svg\",\"width\":459,\"height\":128,\"caption\":\"Globe Cecil\"},\"image\":{\"@id\":\"https:\\\/\\\/www.leclubdesaubergistes.fr\\\/en\\\/#\\\/schema\\\/logo\\\/image\\\/\"}}]}<\/script>\n<!-- \/ Yoast SEO plugin. -->","yoast_head_json":{"title":"Site map - Le Club des Aubergistes","robots":{"index":"index","follow":"follow","max-snippet":"max-snippet:-1","max-image-preview":"max-image-preview:large","max-video-preview":"max-video-preview:-1"},"canonical":"https:\/\/www.leclubdesaubergistes.fr\/en\/site-map\/","og_locale":"en_US","og_type":"article","og_title":"Site map - Le Club des Aubergistes","og_url":"https:\/\/www.leclubdesaubergistes.fr\/en\/site-map\/","og_site_name":"Le Club des Aubergistes","article_modified_time":"2026-05-11T15:36:13+00:00","twitter_card":"summary_large_image","schema":{"@context":"https:\/\/schema.org","@graph":[{"@type":"WebPage","@id":"https:\/\/www.leclubdesaubergistes.fr\/en\/site-map\/","url":"https:\/\/www.leclubdesaubergistes.fr\/en\/site-map\/","name":"Site map - Le Club des Aubergistes","isPartOf":{"@id":"https:\/\/www.leclubdesaubergistes.fr\/en\/#website"},"datePublished":"2026-05-11T15:35:51+00:00","dateModified":"2026-05-11T15:36:13+00:00","breadcrumb":{"@id":"https:\/\/www.leclubdesaubergistes.fr\/en\/site-map\/#breadcrumb"},"inLanguage":"en-US","potentialAction":[{"@type":"ReadAction","target":["https:\/\/www.leclubdesaubergistes.fr\/en\/site-map\/"]}]},{"@type":"BreadcrumbList","@id":"https:\/\/www.leclubdesaubergistes.fr\/en\/site-map\/#breadcrumb","itemListElement":[{"@type":"ListItem","position":1,"name":"Home","item":"https:\/\/www.leclubdesaubergistes.fr\/en\/"},{"@type":"ListItem","position":2,"name":"Site map"}]},{"@type":"WebSite","@id":"https:\/\/www.leclubdesaubergistes.fr\/en\/#website","url":"https:\/\/www.leclubdesaubergistes.fr\/en\/","name":"Globe Cecil","description":"H\u00f4tel 4 \u00e9toiles \u00e0 Lyon","publisher":{"@id":"https:\/\/www.leclubdesaubergistes.fr\/en\/#organization"},"potentialAction":[{"@type":"SearchAction","target":{"@type":"EntryPoint","urlTemplate":"https:\/\/www.leclubdesaubergistes.fr\/en\/?s={search_term_string}"},"query-input":{"@type":"PropertyValueSpecification","valueRequired":true,"valueName":"search_term_string"}}],"inLanguage":"en-US"},{"@type":"Organization","@id":"https:\/\/www.leclubdesaubergistes.fr\/en\/#organization","name":"Globe Cecil","url":"https:\/\/www.leclubdesaubergistes.fr\/en\/","logo":{"@type":"ImageObject","inLanguage":"en-US","@id":"https:\/\/www.leclubdesaubergistes.fr\/en\/#\/schema\/logo\/image\/","url":"https:\/\/www.leclubdesaubergistes.fr\/wp-content\/uploads\/sites\/7\/2025\/05\/LOGO-Club-des-Aubergistes-White.svg","contentUrl":"https:\/\/www.leclubdesaubergistes.fr\/wp-content\/uploads\/sites\/7\/2025\/05\/LOGO-Club-des-Aubergistes-White.svg","width":459,"height":128,"caption":"Globe Cecil"},"image":{"@id":"https:\/\/www.leclubdesaubergistes.fr\/en\/#\/schema\/logo\/image\/"}}]}},"_links":{"self":[{"href":"https:\/\/www.leclubdesaubergistes.fr\/en\/wp-json\/wp\/v2\/pages\/8906","targetHints":{"allow":["GET"]}}],"collection":[{"href":"https:\/\/www.leclubdesaubergistes.fr\/en\/wp-json\/wp\/v2\/pages"}],"about":[{"href":"https:\/\/www.leclubdesaubergistes.fr\/en\/wp-json\/wp\/v2\/types\/page"}],"author":[{"embeddable":true,"href":"https:\/\/www.leclubdesaubergistes.fr\/en\/wp-json\/wp\/v2\/users\/2"}],"replies":[{"embeddable":true,"href":"https:\/\/www.leclubdesaubergistes.fr\/en\/wp-json\/wp\/v2\/comments?post=8906"}],"version-history":[{"count":1,"href":"https:\/\/www.leclubdesaubergistes.fr\/en\/wp-json\/wp\/v2\/pages\/8906\/revisions"}],"predecessor-version":[{"id":8907,"href":"https:\/\/www.leclubdesaubergistes.fr\/en\/wp-json\/wp\/v2\/pages\/8906\/revisions\/8907"}],"wp:attachment":[{"href":"https:\/\/www.leclubdesaubergistes.fr\/en\/wp-json\/wp\/v2\/media?parent=8906"}],"curies":[{"name":"wp","href":"https:\/\/api.w.org\/{rel}","templated":true}]}}