{"id":2979,"date":"2025-04-16T17:40:05","date_gmt":"2025-04-16T15:40:05","guid":{"rendered":"https:\/\/www.leclubdesaubergistes.fr\/condiciones-generales-de-alquiler\/"},"modified":"2025-09-05T16:46:42","modified_gmt":"2025-09-05T14:46:42","slug":"condiciones-generales-de-venta","status":"publish","type":"page","link":"https:\/\/www.leclubdesaubergistes.fr\/es\/condiciones-generales-de-venta\/","title":{"rendered":"Condiciones de venta"},"content":{"rendered":"\n<section class=\"heading wp-elements-8f01b6f8a445fb8d67c4357083f3a67b wp-elements-8f01b6f8a445fb8d67c4357083f3a67b wp-block-acf-heading has-text-color has-primary-color has-background has-white-100-background-color\">\n\t<div class=\"heading__container\">\n\t\t\t\t\t<div class=\"heading__background-picture\">\n\t\t\t\t<img decoding=\"async\" width=\"1920\" height=\"1280\" src=\"https:\/\/www.leclubdesaubergistes.fr\/wp-content\/uploads\/sites\/7\/2025\/03\/meilleur-hotel-de-lyon-centre.jpg\" class=\"attachment-full size-full\" alt=\"meilleur hotel de lyon centre\" fetchpriority=\"high\" srcset=\"https:\/\/www.leclubdesaubergistes.fr\/wp-content\/uploads\/sites\/7\/2025\/03\/meilleur-hotel-de-lyon-centre.jpg 1920w, https:\/\/www.leclubdesaubergistes.fr\/wp-content\/uploads\/sites\/7\/2025\/03\/meilleur-hotel-de-lyon-centre-300x200.jpg 300w, https:\/\/www.leclubdesaubergistes.fr\/wp-content\/uploads\/sites\/7\/2025\/03\/meilleur-hotel-de-lyon-centre-1024x683.jpg 1024w, https:\/\/www.leclubdesaubergistes.fr\/wp-content\/uploads\/sites\/7\/2025\/03\/meilleur-hotel-de-lyon-centre-768x512.jpg 768w, https:\/\/www.leclubdesaubergistes.fr\/wp-content\/uploads\/sites\/7\/2025\/03\/meilleur-hotel-de-lyon-centre-1536x1024.jpg 1536w\" sizes=\"(max-width: 1920px) 100vw, 1920px\" \/>\t\t\t<\/div>\n\t\t\t\t<div class=\"heading__layout\">\n\t\t\t<div class=\"heading__content-wrapper has-white-100-background-color\">\n\t\t\t\t<div class=\"heading__content has-white-100-background-color\">\n\t\t\t\t\t\t\t\t\t<p id=\"breadcrumbs\"><span><span><a href=\"https:\/\/www.leclubdesaubergistes.fr\/es\/\">Accueil<\/a><\/span><\/span><\/p>\t\t\t\t\t\t\t\t\t<div class=\"acf-innerblocks-container\">\n\n<div class=\"wp-block-group heading-content-group is-layout-grid wp-container-core-group-is-layout-96b258e4 wp-block-group-is-layout-grid\">\n<h1 class=\"wp-block-heading has-text-align-left heading__title has-primary-color has-text-color has-xx-large-font-size wp-container-content-32a3e683\">Condiciones de venta<\/h1>\n<\/div>\n\n<\/div>\n\t\t\t\t<\/div>\n\t\t\t\t\t\t\t\t<div class=\"heading__illustration illustration-with-parallax desktop-only\">\n\t\t\t\t\t<img decoding=\"async\" width=\"350\" height=\"350\" src=\"https:\/\/www.leclubdesaubergistes.fr\/wp-content\/uploads\/sites\/7\/2025\/04\/ENCRIER.png\" class=\"attachment-full size-full\" alt=\"ENCRIER\" fetchpriority=\"high\" srcset=\"https:\/\/www.leclubdesaubergistes.fr\/wp-content\/uploads\/sites\/7\/2025\/04\/ENCRIER.png 350w, https:\/\/www.leclubdesaubergistes.fr\/wp-content\/uploads\/sites\/7\/2025\/04\/ENCRIER-300x300.png 300w\" sizes=\"(max-width: 350px) 100vw, 350px\" \/>\t\t\t\t<\/div>\n\t\t\t\t\t\t\t<\/div>\n\t\t<\/div>\n\t<\/div>\n<\/section>\n\n\n\t<section\n\t\tstyle=\"padding-top:var(--wp--preset--spacing--theme-default);padding-bottom:var(--wp--preset--spacing--theme-default);\" class=\"block-container align wp-block-acf-block-container has-background has-white-background-color is-layout-flow wp-block-acf-block-container-is-layout-flow\"\t>\n\n\t\n\n<div class=\"wp-block-group has-global-padding is-layout-constrained wp-block-group-is-layout-constrained\">\n<p><strong>Condiciones de venta y anulaci\u00f3n<\/strong><\/p>\n\n\n\n<p>Se requiere un dep\u00f3sito para todas las reservas en firme.<\/p>\n\n\n\n<p>Este dep\u00f3sito debe abonarse en un plazo de diez (10) d\u00edas a partir de la fecha de firma de la propuesta comercial. Si no hemos recibido el pago del dep\u00f3sito, nos reservamos el derecho a cancelar el contrato cinco (5) d\u00edas naturales despu\u00e9s de informar al cliente por escrito. <\/p>\n\n\n\n<p><strong>Cancelaci\u00f3n total<\/strong><\/p>\n\n\n\n<p>Anulaci\u00f3n D-60 = sin penalizaci\u00f3n<\/p>\n\n\n\n<p>Anulaci\u00f3n entre D-59 y D-30 = se cobrar\u00e1 el 50% del presupuesto inicial<\/p>\n\n\n\n<p>Facturaci\u00f3n del D-29 al D-15 = Facturaci\u00f3n del dep\u00f3sito del 70%.<\/p>\n\n\n\n<p>Anulaci\u00f3n entre D-14 y D = 100% de facturaci\u00f3n<\/p>\n\n\n\n<p>No presentaci\u00f3n: 100% de facturaci\u00f3n<\/p>\n\n\n\n<p><strong>Anulaci\u00f3n parcial<\/strong><\/p>\n\n\n\n<p>Anulaci\u00f3n D-60 = sin penalizaci\u00f3n<\/p>\n\n\n\n<p>Anulaci\u00f3n entre D-59 y D-30 = Posibilidad de anular el 50% de la cotizaci\u00f3n inicial<\/p>\n\n\n\n<p>Anulaci\u00f3n entre D-29 y D-8 = Posibilidad de anular el 10% de la cotizaci\u00f3n inicial<\/p>\n\n\n\n<p>Validaci\u00f3n de los efectivos como base para la facturaci\u00f3n en D-7<\/p>\n\n\n\n<p><strong>Condiciones generales<\/strong><\/p>\n\n\n\n<p>Validez de la oferta (tarifas): 15 d\u00edas naturales (sujeto a disponibilidad en el momento de la firma) &#8211; Sistema multiopci\u00f3n<\/p>\n\n\n\n<p>Para confirmar esta reserva, env\u00edanos tu \u00abacuerdo &#8230;.\u00bb sobre esta propuesta, junto con el dep\u00f3sito.<\/p>\n\n\n\n<p>Las cantidades pueden ajustarse seg\u00fan el consumo real durante el seminario.<\/p>\n\n\n\n<p><strong>Pago del saldo al recibir la factura.<\/strong><\/p>\n\n\n\n<p>No dudes en ponerte en contacto con nosotros si necesitas m\u00e1s informaci\u00f3n.<\/p>\n\n\n\n<p>Estamos deseando trabajar contigo.<\/p>\n\n\n\n<p><strong>Confirmaci\u00f3n del presupuesto<\/strong><\/p>\n\n\n\n<p>Firma &#8211; \u00abaprobado en &#8230;..<\/p>\n<\/div>\n\n\n\n<\/section>\n","protected":false},"excerpt":{"rendered":"","protected":false},"author":2,"featured_media":0,"parent":0,"menu_order":0,"comment_status":"closed","ping_status":"closed","template":"","meta":{"_acf_changed":false,"inline_featured_image":false,"footnotes":""},"class_list":["post-2979","page","type-page","status-publish","hentry"],"acf":[],"yoast_head":"<!-- This site is optimized with the Yoast SEO plugin v27.5 - https:\/\/yoast.com\/product\/yoast-seo-wordpress\/ -->\n<title>Condiciones de venta - Le Club des Aubergistes<\/title>\n<meta name=\"robots\" content=\"noindex, follow\" \/>\n<meta property=\"og:locale\" content=\"es_ES\" \/>\n<meta property=\"og:type\" content=\"article\" \/>\n<meta property=\"og:title\" content=\"Condiciones de venta - Le Club des Aubergistes\" \/>\n<meta property=\"og:url\" content=\"https:\/\/www.leclubdesaubergistes.fr\/es\/condiciones-generales-de-venta\/\" \/>\n<meta property=\"og:site_name\" content=\"Le Club des Aubergistes\" \/>\n<meta property=\"article:modified_time\" content=\"2025-09-05T14:46:42+00:00\" \/>\n<meta name=\"twitter:card\" content=\"summary_large_image\" \/>\n<meta name=\"twitter:label1\" content=\"Tiempo de lectura\" \/>\n\t<meta name=\"twitter:data1\" content=\"1 minuto\" \/>\n<script type=\"application\/ld+json\" class=\"yoast-schema-graph\">{\"@context\":\"https:\\\/\\\/schema.org\",\"@graph\":[{\"@type\":\"WebPage\",\"@id\":\"https:\\\/\\\/www.leclubdesaubergistes.fr\\\/es\\\/condiciones-generales-de-venta\\\/\",\"url\":\"https:\\\/\\\/www.leclubdesaubergistes.fr\\\/es\\\/condiciones-generales-de-venta\\\/\",\"name\":\"Condiciones de venta - Le Club des Aubergistes\",\"isPartOf\":{\"@id\":\"https:\\\/\\\/www.leclubdesaubergistes.fr\\\/es\\\/#website\"},\"datePublished\":\"2025-04-16T15:40:05+00:00\",\"dateModified\":\"2025-09-05T14:46:42+00:00\",\"breadcrumb\":{\"@id\":\"https:\\\/\\\/www.leclubdesaubergistes.fr\\\/es\\\/condiciones-generales-de-venta\\\/#breadcrumb\"},\"inLanguage\":\"es\",\"potentialAction\":[{\"@type\":\"ReadAction\",\"target\":[\"https:\\\/\\\/www.leclubdesaubergistes.fr\\\/es\\\/condiciones-generales-de-venta\\\/\"]}]},{\"@type\":\"BreadcrumbList\",\"@id\":\"https:\\\/\\\/www.leclubdesaubergistes.fr\\\/es\\\/condiciones-generales-de-venta\\\/#breadcrumb\",\"itemListElement\":[{\"@type\":\"ListItem\",\"position\":1,\"name\":\"Accueil\",\"item\":\"https:\\\/\\\/www.leclubdesaubergistes.fr\\\/es\\\/\"},{\"@type\":\"ListItem\",\"position\":2,\"name\":\"Condiciones de venta\"}]},{\"@type\":\"WebSite\",\"@id\":\"https:\\\/\\\/www.leclubdesaubergistes.fr\\\/es\\\/#website\",\"url\":\"https:\\\/\\\/www.leclubdesaubergistes.fr\\\/es\\\/\",\"name\":\"Globe Cecil\",\"description\":\"\",\"publisher\":{\"@id\":\"https:\\\/\\\/www.leclubdesaubergistes.fr\\\/es\\\/#organization\"},\"potentialAction\":[{\"@type\":\"SearchAction\",\"target\":{\"@type\":\"EntryPoint\",\"urlTemplate\":\"https:\\\/\\\/www.leclubdesaubergistes.fr\\\/es\\\/?s={search_term_string}\"},\"query-input\":{\"@type\":\"PropertyValueSpecification\",\"valueRequired\":true,\"valueName\":\"search_term_string\"}}],\"inLanguage\":\"es\"},{\"@type\":\"Organization\",\"@id\":\"https:\\\/\\\/www.leclubdesaubergistes.fr\\\/es\\\/#organization\",\"name\":\"Globe Cecil\",\"url\":\"https:\\\/\\\/www.leclubdesaubergistes.fr\\\/es\\\/\",\"logo\":{\"@type\":\"ImageObject\",\"inLanguage\":\"es\",\"@id\":\"https:\\\/\\\/www.leclubdesaubergistes.fr\\\/es\\\/#\\\/schema\\\/logo\\\/image\\\/\",\"url\":\"https:\\\/\\\/www.leclubdesaubergistes.fr\\\/wp-content\\\/uploads\\\/sites\\\/7\\\/2025\\\/05\\\/LOGO-Club-des-Aubergistes-White.svg\",\"contentUrl\":\"https:\\\/\\\/www.leclubdesaubergistes.fr\\\/wp-content\\\/uploads\\\/sites\\\/7\\\/2025\\\/05\\\/LOGO-Club-des-Aubergistes-White.svg\",\"width\":459,\"height\":128,\"caption\":\"Globe Cecil\"},\"image\":{\"@id\":\"https:\\\/\\\/www.leclubdesaubergistes.fr\\\/es\\\/#\\\/schema\\\/logo\\\/image\\\/\"}}]}<\/script>\n<!-- \/ Yoast SEO plugin. -->","yoast_head_json":{"title":"Condiciones de venta - Le Club des Aubergistes","robots":{"index":"noindex","follow":"follow"},"og_locale":"es_ES","og_type":"article","og_title":"Condiciones de venta - Le Club des Aubergistes","og_url":"https:\/\/www.leclubdesaubergistes.fr\/es\/condiciones-generales-de-venta\/","og_site_name":"Le Club des Aubergistes","article_modified_time":"2025-09-05T14:46:42+00:00","twitter_card":"summary_large_image","twitter_misc":{"Tiempo de lectura":"1 minuto"},"schema":{"@context":"https:\/\/schema.org","@graph":[{"@type":"WebPage","@id":"https:\/\/www.leclubdesaubergistes.fr\/es\/condiciones-generales-de-venta\/","url":"https:\/\/www.leclubdesaubergistes.fr\/es\/condiciones-generales-de-venta\/","name":"Condiciones de venta - Le Club des Aubergistes","isPartOf":{"@id":"https:\/\/www.leclubdesaubergistes.fr\/es\/#website"},"datePublished":"2025-04-16T15:40:05+00:00","dateModified":"2025-09-05T14:46:42+00:00","breadcrumb":{"@id":"https:\/\/www.leclubdesaubergistes.fr\/es\/condiciones-generales-de-venta\/#breadcrumb"},"inLanguage":"es","potentialAction":[{"@type":"ReadAction","target":["https:\/\/www.leclubdesaubergistes.fr\/es\/condiciones-generales-de-venta\/"]}]},{"@type":"BreadcrumbList","@id":"https:\/\/www.leclubdesaubergistes.fr\/es\/condiciones-generales-de-venta\/#breadcrumb","itemListElement":[{"@type":"ListItem","position":1,"name":"Accueil","item":"https:\/\/www.leclubdesaubergistes.fr\/es\/"},{"@type":"ListItem","position":2,"name":"Condiciones de venta"}]},{"@type":"WebSite","@id":"https:\/\/www.leclubdesaubergistes.fr\/es\/#website","url":"https:\/\/www.leclubdesaubergistes.fr\/es\/","name":"Globe Cecil","description":"","publisher":{"@id":"https:\/\/www.leclubdesaubergistes.fr\/es\/#organization"},"potentialAction":[{"@type":"SearchAction","target":{"@type":"EntryPoint","urlTemplate":"https:\/\/www.leclubdesaubergistes.fr\/es\/?s={search_term_string}"},"query-input":{"@type":"PropertyValueSpecification","valueRequired":true,"valueName":"search_term_string"}}],"inLanguage":"es"},{"@type":"Organization","@id":"https:\/\/www.leclubdesaubergistes.fr\/es\/#organization","name":"Globe Cecil","url":"https:\/\/www.leclubdesaubergistes.fr\/es\/","logo":{"@type":"ImageObject","inLanguage":"es","@id":"https:\/\/www.leclubdesaubergistes.fr\/es\/#\/schema\/logo\/image\/","url":"https:\/\/www.leclubdesaubergistes.fr\/wp-content\/uploads\/sites\/7\/2025\/05\/LOGO-Club-des-Aubergistes-White.svg","contentUrl":"https:\/\/www.leclubdesaubergistes.fr\/wp-content\/uploads\/sites\/7\/2025\/05\/LOGO-Club-des-Aubergistes-White.svg","width":459,"height":128,"caption":"Globe Cecil"},"image":{"@id":"https:\/\/www.leclubdesaubergistes.fr\/es\/#\/schema\/logo\/image\/"}}]}},"_links":{"self":[{"href":"https:\/\/www.leclubdesaubergistes.fr\/es\/wp-json\/wp\/v2\/pages\/2979","targetHints":{"allow":["GET"]}}],"collection":[{"href":"https:\/\/www.leclubdesaubergistes.fr\/es\/wp-json\/wp\/v2\/pages"}],"about":[{"href":"https:\/\/www.leclubdesaubergistes.fr\/es\/wp-json\/wp\/v2\/types\/page"}],"author":[{"embeddable":true,"href":"https:\/\/www.leclubdesaubergistes.fr\/es\/wp-json\/wp\/v2\/users\/2"}],"replies":[{"embeddable":true,"href":"https:\/\/www.leclubdesaubergistes.fr\/es\/wp-json\/wp\/v2\/comments?post=2979"}],"version-history":[{"count":9,"href":"https:\/\/www.leclubdesaubergistes.fr\/es\/wp-json\/wp\/v2\/pages\/2979\/revisions"}],"predecessor-version":[{"id":8030,"href":"https:\/\/www.leclubdesaubergistes.fr\/es\/wp-json\/wp\/v2\/pages\/2979\/revisions\/8030"}],"wp:attachment":[{"href":"https:\/\/www.leclubdesaubergistes.fr\/es\/wp-json\/wp\/v2\/media?parent=2979"}],"curies":[{"name":"wp","href":"https:\/\/api.w.org\/{rel}","templated":true}]}}