{"id":3119,"date":"2025-04-16T17:40:08","date_gmt":"2025-04-16T15:40:08","guid":{"rendered":"https:\/\/www.leclubdesaubergistes.fr\/ofertas-actuales\/"},"modified":"2026-02-16T17:31:54","modified_gmt":"2026-02-16T16:31:54","slug":"nuestras-formulas-actuales","status":"publish","type":"page","link":"https:\/\/www.leclubdesaubergistes.fr\/es\/nuestras-formulas-actuales\/","title":{"rendered":"Nuestras f\u00f3rmulas actuales"},"content":{"rendered":"\n<section class=\"heading wp-elements-f30108f9b732db75c9630c1739a45cf8 wp-elements-f30108f9b732db75c9630c1739a45cf8 wp-block-acf-heading has-text-color has-primary-color has-background has-white-100-background-color\">\n\t<div class=\"heading__container\">\n\t\t\t\t\t<div class=\"heading__background-picture\">\n\t\t\t\t<img decoding=\"async\" width=\"1024\" height=\"683\" src=\"https:\/\/www.leclubdesaubergistes.fr\/wp-content\/uploads\/sites\/7\/2025\/06\/cocktail-entreprise-lyon3.jpg\" class=\"attachment-full size-full\" alt=\"cocktail entreprise lyon3\" fetchpriority=\"high\" srcset=\"https:\/\/www.leclubdesaubergistes.fr\/wp-content\/uploads\/sites\/7\/2025\/06\/cocktail-entreprise-lyon3.jpg 1024w, https:\/\/www.leclubdesaubergistes.fr\/wp-content\/uploads\/sites\/7\/2025\/06\/cocktail-entreprise-lyon3-600x400.jpg 600w, https:\/\/www.leclubdesaubergistes.fr\/wp-content\/uploads\/sites\/7\/2025\/06\/cocktail-entreprise-lyon3-768x512.jpg 768w\" sizes=\"(max-width: 1024px) 100vw, 1024px\" \/>\t\t\t<\/div>\n\t\t\t\t<div class=\"heading__layout\">\n\t\t\t<div class=\"heading__content-wrapper has-white-100-background-color\">\n\t\t\t\t<div class=\"heading__content has-white-100-background-color\">\n\t\t\t\t\t\t\t\t\t<p id=\"breadcrumbs\"><span><span><a href=\"https:\/\/www.leclubdesaubergistes.fr\/es\/\">Accueil<\/a><\/span><\/span><\/p>\t\t\t\t\t\t\t\t\t<div class=\"acf-innerblocks-container\">\n\n<div class=\"wp-block-group heading-content-group is-layout-grid wp-container-core-group-is-layout-96b258e4 wp-block-group-is-layout-grid\">\n<h1 class=\"wp-block-heading has-text-align-left heading__title has-primary-color has-text-color has-xx-large-font-size\">En este momento, te traemos&#8230;<\/h1>\n<\/div>\n\n<\/div>\n\t\t\t\t<\/div>\n\t\t\t\t\t\t\t<\/div>\n\t\t<\/div>\n\t<\/div>\n<\/section>\n\n\n\t<section\n\t\tstyle=\"padding-top:var(--wp--preset--spacing--theme-default);padding-bottom:var(--wp--preset--spacing--theme-m);\" class=\"block-illustration block-illustration--bottom-right alignfull wp-block-acf-block-illustration has-background has-white-background-color has-global-padding is-layout-constrained wp-block-acf-block-illustration-is-layout-constrained\"\t>\n\n\t<div class=\"block-illustration__wrapper alignwide\">\n\t<img decoding=\"async\" width=\"350\" height=\"350\" src=\"https:\/\/www.leclubdesaubergistes.fr\/wp-content\/uploads\/sites\/7\/2025\/04\/MAIN.png\" class=\"block-illustration__image illustration-with-parallax\" alt=\"MAIN\" srcset=\"https:\/\/www.leclubdesaubergistes.fr\/wp-content\/uploads\/sites\/7\/2025\/04\/MAIN.png 350w, https:\/\/www.leclubdesaubergistes.fr\/wp-content\/uploads\/sites\/7\/2025\/04\/MAIN-300x300.png 300w\" sizes=\"(max-width: 350px) 100vw, 350px\" \/>\t\t<div class=\"block-illustration__innerblocks\">\n\n<div class=\"wp-block-group is-layout-flow wp-container-core-group-is-layout-dce2e9c8 wp-block-group-is-layout-flow\" style=\"padding-top:0;padding-right:0;padding-bottom:0;padding-left:0\">\n<h2 class=\"wp-block-heading has-text-align-center\">De momento&#8230;<\/h2>\n\n\n\n<div class=\"stacked-card-grid align wp-block-acf-stacked-card-grid\">\n\n<div\n\tclass=\"stacked-card wp-block-acf-stacked-card\"\tstyle = \"--stacked-card-hover-bg-color: #e5c800;\"\n\t>\n\t\t\t\n\n<figure class=\"wp-block-image size-full stacked-card__image\"><img decoding=\"async\" width=\"2048\" height=\"1536\" src=\"https:\/\/www.leclubdesaubergistes.fr\/wp-content\/uploads\/sites\/7\/2026\/02\/pexels-gabby-k-20419201-edited-2-scaled.jpg\" alt=\"Creaci&#xF3;n de perfume en equipo\" class=\"wp-image-8727\" style=\"aspect-ratio:16\/9;object-fit:cover\" srcset=\"https:\/\/www.leclubdesaubergistes.fr\/wp-content\/uploads\/sites\/7\/2026\/02\/pexels-gabby-k-20419201-edited-2-scaled.jpg 2048w, https:\/\/www.leclubdesaubergistes.fr\/wp-content\/uploads\/sites\/7\/2026\/02\/pexels-gabby-k-20419201-edited-2-600x450.jpg 600w, https:\/\/www.leclubdesaubergistes.fr\/wp-content\/uploads\/sites\/7\/2026\/02\/pexels-gabby-k-20419201-edited-2-1400x1050.jpg 1400w, https:\/\/www.leclubdesaubergistes.fr\/wp-content\/uploads\/sites\/7\/2026\/02\/pexels-gabby-k-20419201-edited-2-768x576.jpg 768w, https:\/\/www.leclubdesaubergistes.fr\/wp-content\/uploads\/sites\/7\/2026\/02\/pexels-gabby-k-20419201-edited-2-1536x1152.jpg 1536w\" sizes=\"(max-width: 2048px) 100vw, 2048px\" \/><\/figure>\n\n\n\n<h3 class=\"wp-block-heading stacked-card__title\">1.creaci\u00f3n de perfumes en equipo<\/h3>\n\n\n\n<p class=\"stacked-card__text has-large-font-size\">Imagina, compone, encarna.<br\/>A partir de 70 euros sin IVA\/persona.<\/p>\n\n\n\t<\/div>\n\n\n\n<div\n\tclass=\"stacked-card wp-block-acf-stacked-card\"\tstyle = \"--stacked-card-hover-bg-color: #e5c800;\"\n\t>\n\t\t\t\n\n<figure class=\"wp-block-image size-full stacked-card__image\"><img decoding=\"async\" width=\"1500\" height=\"1000\" src=\"https:\/\/www.leclubdesaubergistes.fr\/wp-content\/uploads\/sites\/7\/2026\/01\/offre-site.jpg\" alt=\"sitio de ofertas\" class=\"wp-image-8687\" style=\"aspect-ratio:16\/9;object-fit:cover\" srcset=\"https:\/\/www.leclubdesaubergistes.fr\/wp-content\/uploads\/sites\/7\/2026\/01\/offre-site.jpg 1500w, https:\/\/www.leclubdesaubergistes.fr\/wp-content\/uploads\/sites\/7\/2026\/01\/offre-site-600x400.jpg 600w, https:\/\/www.leclubdesaubergistes.fr\/wp-content\/uploads\/sites\/7\/2026\/01\/offre-site-1400x933.jpg 1400w, https:\/\/www.leclubdesaubergistes.fr\/wp-content\/uploads\/sites\/7\/2026\/01\/offre-site-768x512.jpg 768w\" sizes=\"(max-width: 1500px) 100vw, 1500px\" \/><\/figure>\n\n\n\n<h3 class=\"wp-block-heading stacked-card__title\">2. \u00abEl taller como un aparte<\/h3>\n\n\n\n<p class=\"stacked-card__text has-large-font-size\">Tu jornada de estudio llave en mano &#8211; desde 65 \u20ac\/persona*.<\/p>\n\n\n\t<\/div>\n\n<\/div>\n<\/div>\n\n<\/div>\n\t<\/div>\n<\/section>\n\n\t<section\n\t\tstyle=\"padding-top:var(--wp--preset--spacing--theme-default);padding-bottom:var(--wp--preset--spacing--theme-default);\" class=\"block-container align wp-block-acf-block-container has-background has-white-100-background-color has-global-padding is-layout-constrained wp-container-acf-block-container-is-layout-afcd3024 wp-block-acf-block-container-is-layout-constrained\"\t>\n\n\t\n\n<h3 class=\"wp-block-heading has-text-align-center\">1. Imagina y crea tu propia fragancia con <mark class=\"has-inline-color has-secondary-color\">Le Sourceur<\/mark><\/h3>\n\n\n\n<p class=\"has-text-align-left\">Junto a Le <strong>Sourceur<\/strong>, proveedores de materias primas para la perfumer\u00eda desde hace m\u00e1s de 25 a\u00f1os y creadores de aceites esenciales 100% puros y naturales, \u00a1invita a tus equipos a explorar el mundo del perfume y a componer su propio perfume juntos o individualmente!<\/p>\n\n\n\n<p class=\"has-text-align-left\">Con una gu\u00eda paso a paso, descubre las distintas familias olfativas, experimenta con acordes y ensambla tus propias notas para crear una creaci\u00f3n \u00fanica que refleje tu personalidad.<\/p>\n\n\n\n<p class=\"has-text-align-left\">Una actividad sensorial y unificadora, ideal para concluir una jornada de estudio, realzar un seminario o puntuar un acto en una de nuestras casas de Lyon.<\/p>\n\n\n\n<p><strong>A partir de 70 euros (sin IVA) por persona*.<\/strong><\/p>\n\n\n\n<p><em>*excluidas las zonas privatizadas y los servicios de restauraci\u00f3n<\/em><\/p>\n\n\n\n<div class=\"wp-block-buttons is-content-justification-center is-layout-flex wp-container-core-buttons-is-layout-a89b3969 wp-block-buttons-is-layout-flex\">\n<div class=\"wp-block-button is-style-label-button is-style-label-button--1\"><a class=\"wp-block-button__link wp-element-button\" href=\"https:\/\/www.leclubdesaubergistes.fr\/es\/presupuesto-gratuito\/\">Contacta con nosotros<\/a><\/div>\n<\/div>\n\n\n\n<\/section>\n\n\t<section\n\t\tstyle=\"padding-top:var(--wp--preset--spacing--theme-default);padding-bottom:var(--wp--preset--spacing--theme-default);\" class=\"block-container align wp-block-acf-block-container has-background has-white-background-color has-global-padding is-layout-constrained wp-container-acf-block-container-is-layout-afcd3024 wp-block-acf-block-container-is-layout-constrained\"\t>\n\n\t\n\n<h3 class=\"wp-block-heading has-text-align-center\">2. Oferta: <mark class=\"has-inline-color has-secondary-color\">L&#8217;atelier en appart\u00e9<\/mark><\/h3>\n\n\n\n<p><strong>Tu reuni\u00f3n. Nuestra hospitalidad. Cero log\u00edstica para ti.  <\/strong><\/p>\n\n\n\n<p>L&#8217;Atelier en Apart\u00e9 es un servicio de alquiler de locales llave en mano pensado para profesionales que quieren ir directamente al grano, sin renunciar a la comodidad ni a la calidad de la acogida.<\/p>\n\n\n\n<p><strong>LA OFERTA INCLUYE :<\/strong><\/p>\n\n\n\n<ul class=\"wp-block-list\">\n<li><strong>Uso privado de la sala <\/strong>(15m2 &#8211; capacidad 6 personas)<\/li>\n\n\n\n<li><strong>Pausas gastron\u00f3micas <\/strong>(1 media jornada, 2 jornadas completas: caf\u00e9, t\u00e9, zumo de frutas + delicias del Chef)<\/li>\n\n\n\n<li><strong>Acceso a nuestro equipo profesional<\/strong> (TV de pantalla plana, retroproyector, sistema de sonido, c\u00e1mara gran angular, etc.)<\/li>\n\n\n\n<li><strong>Comida en el Comptoir Ph\u00e9nix<\/strong> (plato principal, postre, agua, caf\u00e9<br\/>)<\/li>\n\n\n\n<li><strong>Profesionales a tu servicio<\/strong><\/li>\n<\/ul>\n\n\n\n<p><\/p>\n\n\n\n<p><strong>65\u20ac \/ persona (medio d\u00eda)  <\/strong><\/p>\n\n\n\n<p><strong>72\u20ac \/ persona (d\u00eda)<\/strong><\/p>\n\n\n\n<div class=\"wp-block-buttons is-content-justification-center is-layout-flex wp-container-core-buttons-is-layout-a89b3969 wp-block-buttons-is-layout-flex\">\n<div class=\"wp-block-button is-style-label-button is-style-label-button--2\"><a class=\"wp-block-button__link wp-element-button\" href=\"https:\/\/www.leclubdesaubergistes.fr\/es\/presupuesto-gratuito\/\">Contacta con nosotros<\/a><\/div>\n<\/div>\n\n\n\n<\/section>\n","protected":false},"excerpt":{"rendered":"","protected":false},"author":2,"featured_media":0,"parent":0,"menu_order":0,"comment_status":"closed","ping_status":"closed","template":"","meta":{"_acf_changed":false,"inline_featured_image":false,"footnotes":""},"class_list":["post-3119","page","type-page","status-publish","hentry"],"acf":[],"yoast_head":"<!-- This site is optimized with the Yoast SEO plugin v27.4 - https:\/\/yoast.com\/product\/yoast-seo-wordpress\/ -->\n<title>Eventos especiales en Lyon - Idea para empresas y particulares<\/title>\n<meta name=\"description\" content=\"Le Club des Aubergistes - \u00bfBuscas una idea para un evento de empresa o entre amigos? Nuestras f\u00f3rmulas actuales.\" \/>\n<meta name=\"robots\" content=\"index, follow, max-snippet:-1, max-image-preview:large, max-video-preview:-1\" \/>\n<link rel=\"canonical\" href=\"https:\/\/www.leclubdesaubergistes.fr\/es\/nuestras-formulas-actuales\/\" \/>\n<meta property=\"og:locale\" content=\"es_ES\" \/>\n<meta property=\"og:type\" content=\"article\" \/>\n<meta property=\"og:title\" content=\"Eventos especiales en Lyon - Idea para empresas y particulares\" \/>\n<meta property=\"og:description\" content=\"Le Club des Aubergistes - \u00bfBuscas una idea para un evento de empresa o entre amigos? Nuestras f\u00f3rmulas actuales.\" \/>\n<meta property=\"og:url\" content=\"https:\/\/www.leclubdesaubergistes.fr\/es\/nuestras-formulas-actuales\/\" \/>\n<meta property=\"og:site_name\" content=\"Le Club des Aubergistes\" \/>\n<meta property=\"article:modified_time\" content=\"2026-02-16T16:31:54+00:00\" \/>\n<meta property=\"og:image\" content=\"https:\/\/www.leclubdesaubergistes.fr\/wp-content\/uploads\/sites\/7\/2026\/02\/pexels-gabby-k-20419201-edited-2-scaled.jpg\" \/>\n<meta name=\"twitter:card\" content=\"summary_large_image\" \/>\n<meta name=\"twitter:label1\" content=\"Tiempo de lectura\" \/>\n\t<meta name=\"twitter:data1\" content=\"1 minuto\" \/>\n<script type=\"application\/ld+json\" class=\"yoast-schema-graph\">{\"@context\":\"https:\\\/\\\/schema.org\",\"@graph\":[{\"@type\":\"WebPage\",\"@id\":\"https:\\\/\\\/www.leclubdesaubergistes.fr\\\/es\\\/nuestras-formulas-actuales\\\/\",\"url\":\"https:\\\/\\\/www.leclubdesaubergistes.fr\\\/es\\\/nuestras-formulas-actuales\\\/\",\"name\":\"Eventos especiales en Lyon - Idea para empresas y particulares\",\"isPartOf\":{\"@id\":\"https:\\\/\\\/www.leclubdesaubergistes.fr\\\/es\\\/#website\"},\"primaryImageOfPage\":{\"@id\":\"https:\\\/\\\/www.leclubdesaubergistes.fr\\\/es\\\/nuestras-formulas-actuales\\\/#primaryimage\"},\"image\":{\"@id\":\"https:\\\/\\\/www.leclubdesaubergistes.fr\\\/es\\\/nuestras-formulas-actuales\\\/#primaryimage\"},\"thumbnailUrl\":\"https:\\\/\\\/www.leclubdesaubergistes.fr\\\/wp-content\\\/uploads\\\/sites\\\/7\\\/2026\\\/02\\\/pexels-gabby-k-20419201-edited-2-scaled.jpg\",\"datePublished\":\"2025-04-16T15:40:08+00:00\",\"dateModified\":\"2026-02-16T16:31:54+00:00\",\"description\":\"Le Club des Aubergistes - \u00bfBuscas una idea para un evento de empresa o entre amigos? Nuestras f\u00f3rmulas actuales.\",\"breadcrumb\":{\"@id\":\"https:\\\/\\\/www.leclubdesaubergistes.fr\\\/es\\\/nuestras-formulas-actuales\\\/#breadcrumb\"},\"inLanguage\":\"es\",\"potentialAction\":[{\"@type\":\"ReadAction\",\"target\":[\"https:\\\/\\\/www.leclubdesaubergistes.fr\\\/es\\\/nuestras-formulas-actuales\\\/\"]}]},{\"@type\":\"ImageObject\",\"inLanguage\":\"es\",\"@id\":\"https:\\\/\\\/www.leclubdesaubergistes.fr\\\/es\\\/nuestras-formulas-actuales\\\/#primaryimage\",\"url\":\"https:\\\/\\\/www.leclubdesaubergistes.fr\\\/wp-content\\\/uploads\\\/sites\\\/7\\\/2026\\\/02\\\/pexels-gabby-k-20419201-edited-2-scaled.jpg\",\"contentUrl\":\"https:\\\/\\\/www.leclubdesaubergistes.fr\\\/wp-content\\\/uploads\\\/sites\\\/7\\\/2026\\\/02\\\/pexels-gabby-k-20419201-edited-2-scaled.jpg\"},{\"@type\":\"BreadcrumbList\",\"@id\":\"https:\\\/\\\/www.leclubdesaubergistes.fr\\\/es\\\/nuestras-formulas-actuales\\\/#breadcrumb\",\"itemListElement\":[{\"@type\":\"ListItem\",\"position\":1,\"name\":\"Accueil\",\"item\":\"https:\\\/\\\/www.leclubdesaubergistes.fr\\\/es\\\/\"},{\"@type\":\"ListItem\",\"position\":2,\"name\":\"Nuestras f\u00f3rmulas actuales\"}]},{\"@type\":\"WebSite\",\"@id\":\"https:\\\/\\\/www.leclubdesaubergistes.fr\\\/es\\\/#website\",\"url\":\"https:\\\/\\\/www.leclubdesaubergistes.fr\\\/es\\\/\",\"name\":\"Globe Cecil\",\"description\":\"\",\"publisher\":{\"@id\":\"https:\\\/\\\/www.leclubdesaubergistes.fr\\\/es\\\/#organization\"},\"potentialAction\":[{\"@type\":\"SearchAction\",\"target\":{\"@type\":\"EntryPoint\",\"urlTemplate\":\"https:\\\/\\\/www.leclubdesaubergistes.fr\\\/es\\\/?s={search_term_string}\"},\"query-input\":{\"@type\":\"PropertyValueSpecification\",\"valueRequired\":true,\"valueName\":\"search_term_string\"}}],\"inLanguage\":\"es\"},{\"@type\":\"Organization\",\"@id\":\"https:\\\/\\\/www.leclubdesaubergistes.fr\\\/es\\\/#organization\",\"name\":\"Globe Cecil\",\"url\":\"https:\\\/\\\/www.leclubdesaubergistes.fr\\\/es\\\/\",\"logo\":{\"@type\":\"ImageObject\",\"inLanguage\":\"es\",\"@id\":\"https:\\\/\\\/www.leclubdesaubergistes.fr\\\/es\\\/#\\\/schema\\\/logo\\\/image\\\/\",\"url\":\"https:\\\/\\\/www.leclubdesaubergistes.fr\\\/wp-content\\\/uploads\\\/sites\\\/7\\\/2025\\\/05\\\/LOGO-Club-des-Aubergistes-White.svg\",\"contentUrl\":\"https:\\\/\\\/www.leclubdesaubergistes.fr\\\/wp-content\\\/uploads\\\/sites\\\/7\\\/2025\\\/05\\\/LOGO-Club-des-Aubergistes-White.svg\",\"width\":459,\"height\":128,\"caption\":\"Globe Cecil\"},\"image\":{\"@id\":\"https:\\\/\\\/www.leclubdesaubergistes.fr\\\/es\\\/#\\\/schema\\\/logo\\\/image\\\/\"}}]}<\/script>\n<!-- \/ Yoast SEO plugin. -->","yoast_head_json":{"title":"Eventos especiales en Lyon - Idea para empresas y particulares","description":"Le Club des Aubergistes - \u00bfBuscas una idea para un evento de empresa o entre amigos? Nuestras f\u00f3rmulas actuales.","robots":{"index":"index","follow":"follow","max-snippet":"max-snippet:-1","max-image-preview":"max-image-preview:large","max-video-preview":"max-video-preview:-1"},"canonical":"https:\/\/www.leclubdesaubergistes.fr\/es\/nuestras-formulas-actuales\/","og_locale":"es_ES","og_type":"article","og_title":"Eventos especiales en Lyon - Idea para empresas y particulares","og_description":"Le Club des Aubergistes - \u00bfBuscas una idea para un evento de empresa o entre amigos? Nuestras f\u00f3rmulas actuales.","og_url":"https:\/\/www.leclubdesaubergistes.fr\/es\/nuestras-formulas-actuales\/","og_site_name":"Le Club des Aubergistes","article_modified_time":"2026-02-16T16:31:54+00:00","og_image":[{"url":"https:\/\/www.leclubdesaubergistes.fr\/wp-content\/uploads\/sites\/7\/2026\/02\/pexels-gabby-k-20419201-edited-2-scaled.jpg","type":"","width":"","height":""}],"twitter_card":"summary_large_image","twitter_misc":{"Tiempo de lectura":"1 minuto"},"schema":{"@context":"https:\/\/schema.org","@graph":[{"@type":"WebPage","@id":"https:\/\/www.leclubdesaubergistes.fr\/es\/nuestras-formulas-actuales\/","url":"https:\/\/www.leclubdesaubergistes.fr\/es\/nuestras-formulas-actuales\/","name":"Eventos especiales en Lyon - Idea para empresas y particulares","isPartOf":{"@id":"https:\/\/www.leclubdesaubergistes.fr\/es\/#website"},"primaryImageOfPage":{"@id":"https:\/\/www.leclubdesaubergistes.fr\/es\/nuestras-formulas-actuales\/#primaryimage"},"image":{"@id":"https:\/\/www.leclubdesaubergistes.fr\/es\/nuestras-formulas-actuales\/#primaryimage"},"thumbnailUrl":"https:\/\/www.leclubdesaubergistes.fr\/wp-content\/uploads\/sites\/7\/2026\/02\/pexels-gabby-k-20419201-edited-2-scaled.jpg","datePublished":"2025-04-16T15:40:08+00:00","dateModified":"2026-02-16T16:31:54+00:00","description":"Le Club des Aubergistes - \u00bfBuscas una idea para un evento de empresa o entre amigos? Nuestras f\u00f3rmulas actuales.","breadcrumb":{"@id":"https:\/\/www.leclubdesaubergistes.fr\/es\/nuestras-formulas-actuales\/#breadcrumb"},"inLanguage":"es","potentialAction":[{"@type":"ReadAction","target":["https:\/\/www.leclubdesaubergistes.fr\/es\/nuestras-formulas-actuales\/"]}]},{"@type":"ImageObject","inLanguage":"es","@id":"https:\/\/www.leclubdesaubergistes.fr\/es\/nuestras-formulas-actuales\/#primaryimage","url":"https:\/\/www.leclubdesaubergistes.fr\/wp-content\/uploads\/sites\/7\/2026\/02\/pexels-gabby-k-20419201-edited-2-scaled.jpg","contentUrl":"https:\/\/www.leclubdesaubergistes.fr\/wp-content\/uploads\/sites\/7\/2026\/02\/pexels-gabby-k-20419201-edited-2-scaled.jpg"},{"@type":"BreadcrumbList","@id":"https:\/\/www.leclubdesaubergistes.fr\/es\/nuestras-formulas-actuales\/#breadcrumb","itemListElement":[{"@type":"ListItem","position":1,"name":"Accueil","item":"https:\/\/www.leclubdesaubergistes.fr\/es\/"},{"@type":"ListItem","position":2,"name":"Nuestras f\u00f3rmulas actuales"}]},{"@type":"WebSite","@id":"https:\/\/www.leclubdesaubergistes.fr\/es\/#website","url":"https:\/\/www.leclubdesaubergistes.fr\/es\/","name":"Globe Cecil","description":"","publisher":{"@id":"https:\/\/www.leclubdesaubergistes.fr\/es\/#organization"},"potentialAction":[{"@type":"SearchAction","target":{"@type":"EntryPoint","urlTemplate":"https:\/\/www.leclubdesaubergistes.fr\/es\/?s={search_term_string}"},"query-input":{"@type":"PropertyValueSpecification","valueRequired":true,"valueName":"search_term_string"}}],"inLanguage":"es"},{"@type":"Organization","@id":"https:\/\/www.leclubdesaubergistes.fr\/es\/#organization","name":"Globe Cecil","url":"https:\/\/www.leclubdesaubergistes.fr\/es\/","logo":{"@type":"ImageObject","inLanguage":"es","@id":"https:\/\/www.leclubdesaubergistes.fr\/es\/#\/schema\/logo\/image\/","url":"https:\/\/www.leclubdesaubergistes.fr\/wp-content\/uploads\/sites\/7\/2025\/05\/LOGO-Club-des-Aubergistes-White.svg","contentUrl":"https:\/\/www.leclubdesaubergistes.fr\/wp-content\/uploads\/sites\/7\/2025\/05\/LOGO-Club-des-Aubergistes-White.svg","width":459,"height":128,"caption":"Globe Cecil"},"image":{"@id":"https:\/\/www.leclubdesaubergistes.fr\/es\/#\/schema\/logo\/image\/"}}]}},"_links":{"self":[{"href":"https:\/\/www.leclubdesaubergistes.fr\/es\/wp-json\/wp\/v2\/pages\/3119","targetHints":{"allow":["GET"]}}],"collection":[{"href":"https:\/\/www.leclubdesaubergistes.fr\/es\/wp-json\/wp\/v2\/pages"}],"about":[{"href":"https:\/\/www.leclubdesaubergistes.fr\/es\/wp-json\/wp\/v2\/types\/page"}],"author":[{"embeddable":true,"href":"https:\/\/www.leclubdesaubergistes.fr\/es\/wp-json\/wp\/v2\/users\/2"}],"replies":[{"embeddable":true,"href":"https:\/\/www.leclubdesaubergistes.fr\/es\/wp-json\/wp\/v2\/comments?post=3119"}],"version-history":[{"count":21,"href":"https:\/\/www.leclubdesaubergistes.fr\/es\/wp-json\/wp\/v2\/pages\/3119\/revisions"}],"predecessor-version":[{"id":8734,"href":"https:\/\/www.leclubdesaubergistes.fr\/es\/wp-json\/wp\/v2\/pages\/3119\/revisions\/8734"}],"wp:attachment":[{"href":"https:\/\/www.leclubdesaubergistes.fr\/es\/wp-json\/wp\/v2\/media?parent=3119"}],"curies":[{"name":"wp","href":"https:\/\/api.w.org\/{rel}","templated":true}]}}