{"id":6716,"date":"2025-06-16T16:40:35","date_gmt":"2025-06-16T14:40:35","guid":{"rendered":"https:\/\/www.leclubdesaubergistes.fr\/habitaciones-hotel-4-estrellas\/boda\/"},"modified":"2025-10-21T15:09:57","modified_gmt":"2025-10-21T13:09:57","slug":"boda","status":"publish","type":"page","link":"https:\/\/www.leclubdesaubergistes.fr\/es\/eventos-privados\/boda\/","title":{"rendered":"Boda"},"content":{"rendered":"\n<section class=\"heading wp-elements-630936b0e64261ab34c03c12608d7bc7 wp-elements-630936b0e64261ab34c03c12608d7bc7 wp-block-acf-heading has-text-color has-primary-color has-background has-white-100-background-color\">\n\t<div class=\"heading__container\">\n\t\t\t\t\t<div class=\"heading__background-picture\">\n\t\t\t\t<img decoding=\"async\" width=\"1500\" height=\"1000\" src=\"https:\/\/www.leclubdesaubergistes.fr\/wp-content\/uploads\/sites\/7\/2025\/06\/mariage-a-lyon-lieu7.jpg\" class=\"attachment-full size-full\" alt=\"mariage a lyon lieu7\" fetchpriority=\"high\" srcset=\"https:\/\/www.leclubdesaubergistes.fr\/wp-content\/uploads\/sites\/7\/2025\/06\/mariage-a-lyon-lieu7.jpg 1500w, https:\/\/www.leclubdesaubergistes.fr\/wp-content\/uploads\/sites\/7\/2025\/06\/mariage-a-lyon-lieu7-600x400.jpg 600w, https:\/\/www.leclubdesaubergistes.fr\/wp-content\/uploads\/sites\/7\/2025\/06\/mariage-a-lyon-lieu7-1400x933.jpg 1400w, https:\/\/www.leclubdesaubergistes.fr\/wp-content\/uploads\/sites\/7\/2025\/06\/mariage-a-lyon-lieu7-768x512.jpg 768w\" sizes=\"(max-width: 1500px) 100vw, 1500px\" \/>\t\t\t<\/div>\n\t\t\t\t<div class=\"heading__layout\">\n\t\t\t<div class=\"heading__content-wrapper has-white-100-background-color\">\n\t\t\t\t<div class=\"heading__content has-white-100-background-color\">\n\t\t\t\t\t\t\t\t\t<p id=\"breadcrumbs\"><span><span><a href=\"https:\/\/www.leclubdesaubergistes.fr\/es\/\">Accueil<\/a><\/span><\/span><\/p>\t\t\t\t\t\t\t\t\t<div class=\"acf-innerblocks-container\">\n\n<div class=\"wp-block-group heading-content-group is-layout-grid wp-container-core-group-is-layout-96b258e4 wp-block-group-is-layout-grid\">\n<h1 class=\"wp-block-heading has-text-align-left heading__title has-primary-color has-text-color has-xx-large-font-size wp-container-content-32a3e683\">Tu boda en Lyon<\/h1>\n<\/div>\n\n<\/div>\n\t\t\t\t<\/div>\n\t\t\t\t\t\t\t<\/div>\n\t\t<\/div>\n\t<\/div>\n<\/section>\n\n\n\t<section\n\t\tstyle=\"padding-top:var(--wp--preset--spacing--theme-default);padding-bottom:var(--wp--preset--spacing--theme-default);\" class=\"block-container align wp-block-acf-block-container has-background has-white-background-color is-layout-flow wp-block-acf-block-container-is-layout-flow\"\t>\n\n\t\n\n<div class=\"wp-block-group has-global-padding is-layout-constrained wp-block-group-is-layout-constrained\">\n<h2 class=\"wp-block-heading has-text-align-left\">\u00bfTe casas en Lyon? S\u00ed. <\/h2>\n\n\n\n<p>Sabemos lo \u00fanico que es este momento. Tu lugar de celebraci\u00f3n tambi\u00e9n debe ser \u00fanico. Los castillos son demasiado grandes, las fincas est\u00e1n demasiado lejos, las salas de pueblo son demasiado impersonales&#8230; En resumen, quieres una boda sencilla pero bonita, con un grupo reducido. Te ofrecemos espacios \u00edntimos y elegantes.    <\/p>\n<\/div>\n\n\n\n<\/section>\n\n\t<section\n\t\tstyle=\"padding-top:var(--wp--preset--spacing--theme-default);padding-bottom:0;\" class=\"block-container align wp-block-acf-block-container has-background has-white-100-background-color has-global-padding is-layout-constrained wp-container-acf-block-container-is-layout-5cc36a5e wp-block-acf-block-container-is-layout-constrained\"\t>\n\n\t\n\n<div class=\"wp-block-group has-global-padding is-layout-constrained wp-container-core-group-is-layout-30cbf03a wp-block-group-is-layout-constrained\">\n<h2 class=\"wp-block-heading has-text-align-center\">Privatizar el Comptoir Ph\u00e9nix<\/h2>\n\n\n\n<p class=\"has-text-align-left\">Encontrar el lugar perfecto para celebrar una boda en Lyon puede ser todo un reto. Te ofrecemos un espacio \u00fanico que se adapta a cada estado de \u00e1nimo: elegancia cl\u00e1sica, decoraci\u00f3n at\u00edpica, boda bohemia o banquete chic en el coraz\u00f3n de Lyon. \u00bfNecesitas alquilar un local para bodas en Lyon a un precio asequible? Tenemos opciones que se adaptan a diferentes presupuestos, con servicios a medida para satisfacer todas tus expectativas.   <\/p>\n<\/div>\n\n\n\n<div\n\tstyle=\"padding-top:var(--wp--preset--spacing--theme-s);padding-bottom:0;\" class=\"key-figures aligncenter wp-block-acf-key-figures\">\n\t\n\t\t\t\t<div class=\"key-figure\">\n\t\t\t\t\t<span class=\"key-figure__number\" number=\"50\">\n\t\t\t\t\t\t0\n\t\t\t\t\t<\/span>\n\t\t\t\t\t<span class=\"key-figure__text\">\n\t\t\t\t\t\tm2\t\t\t\t\t<\/span>\n\t\t\t\t<\/div>\n\t\t\t\t<div class=\"separator\"><\/div>\t\t\t\n\t\t\t\t<div class=\"key-figure\">\n\t\t\t\t\t<span class=\"key-figure__number\" number=\"70\">\n\t\t\t\t\t\t0\n\t\t\t\t\t<\/span>\n\t\t\t\t\t<span class=\"key-figure__text\">\n\t\t\t\t\t\tgente\t\t\t\t\t<\/span>\n\t\t\t\t<\/div>\n\t\t\t\t<div class=\"separator\"><\/div>\t\t\t\n\t\t\t\t<div class=\"key-figure\">\n\t\t\t\t\t<span class=\"key-figure__number\" number=\"1\">\n\t\t\t\t\t\t0\n\t\t\t\t\t<\/span>\n\t\t\t\t\t<span class=\"key-figure__text\">\n\t\t\t\t\t\tterraza\t\t\t\t\t<\/span>\n\t\t\t\t<\/div>\n\t\t\t\t\t\t\t<\/div>\n\n\n\n<\/section>\n\n\t<section\n\t\tstyle=\"padding-top:var(--wp--preset--spacing--theme-default);padding-bottom:var(--wp--preset--spacing--theme-default);\" class=\"block-container align wp-block-acf-block-container has-background has-white-100-background-color has-global-padding is-layout-constrained wp-container-acf-block-container-is-layout-470cc8b1 wp-block-acf-block-container-is-layout-constrained\"\t>\n\n\t\n\n<div\nclass=\"slider slider__is-gallery alignfull wp-block-acf-slider\" id=\"slider-id-1\" data-gallery-id=\"gallery-slider-id-1\">\n\t<div class=\"wp-block-group\n\t\t\tswiper\">\n\t\t<div class=\"swiper-wrapper slider__innerblocks\">\n\n\n\t\t\t<div\n\t\tclass=\"card swiper-slide wp-block-acf-card\" id=\"card-id--2\"\t\t>\n\t\n\t\t\t\t\t\t<a href=\"https:\/\/www.leclubdesaubergistes.fr\/wp-content\/uploads\/sites\/7\/2025\/06\/cocktail-dentreprise-lyon-centre-ville1.jpg\" data-fancybox=\"gallery\" data-caption=\"cocktail dentreprise lyon centre ville1\"\n\t\t\t>\n\t\t\t\t<img decoding=\"async\" width=\"683\" height=\"1024\" src=\"https:\/\/www.leclubdesaubergistes.fr\/wp-content\/uploads\/sites\/7\/2025\/06\/cocktail-dentreprise-lyon-centre-ville1.jpg\" class=\"card__image\" alt=\"cocktail dentreprise lyon centre ville1\" srcset=\"https:\/\/www.leclubdesaubergistes.fr\/wp-content\/uploads\/sites\/7\/2025\/06\/cocktail-dentreprise-lyon-centre-ville1.jpg 683w, https:\/\/www.leclubdesaubergistes.fr\/wp-content\/uploads\/sites\/7\/2025\/06\/cocktail-dentreprise-lyon-centre-ville1-400x600.jpg 400w\" sizes=\"(max-width: 683px) 100vw, 683px\" \/>\t\t\t\t\t<\/a>\n\t\t\t\n\t\t<\/div>\n\t\n\n\t\t\t<div\n\t\tclass=\"card swiper-slide wp-block-acf-card\" id=\"card-id--3\"\t\t>\n\t\n\t\t\t\t\t\t<a href=\"https:\/\/www.leclubdesaubergistes.fr\/wp-content\/uploads\/sites\/7\/2025\/06\/mariage-a-lyon-lieu8.jpg\" data-fancybox=\"gallery\" data-caption=\"mariage a lyon lieu8\"\n\t\t\t>\n\t\t\t\t<img decoding=\"async\" width=\"426\" height=\"640\" src=\"https:\/\/www.leclubdesaubergistes.fr\/wp-content\/uploads\/sites\/7\/2025\/06\/mariage-a-lyon-lieu8.jpg\" class=\"card__image\" alt=\"mariage a lyon lieu8\" srcset=\"https:\/\/www.leclubdesaubergistes.fr\/wp-content\/uploads\/sites\/7\/2025\/06\/mariage-a-lyon-lieu8.jpg 426w, https:\/\/www.leclubdesaubergistes.fr\/wp-content\/uploads\/sites\/7\/2025\/06\/mariage-a-lyon-lieu8-399x600.jpg 399w\" sizes=\"(max-width: 426px) 100vw, 426px\" \/>\t\t\t\t\t<\/a>\n\t\t\t\n\t\t<\/div>\n\t\n\n\t\t\t<div\n\t\tclass=\"card swiper-slide wp-block-acf-card\" id=\"card-id--4\"\t\t>\n\t\n\t\t\t\t\t\t<a href=\"https:\/\/www.leclubdesaubergistes.fr\/wp-content\/uploads\/sites\/7\/2025\/06\/mariage-a-lyon-lieu2.jpg\" data-fancybox=\"gallery\" data-caption=\"mariage a lyon lieu2\"\n\t\t\t>\n\t\t\t\t<img decoding=\"async\" width=\"503\" height=\"756\" src=\"https:\/\/www.leclubdesaubergistes.fr\/wp-content\/uploads\/sites\/7\/2025\/06\/mariage-a-lyon-lieu2.jpg\" class=\"card__image\" alt=\"mariage a lyon lieu2\" srcset=\"https:\/\/www.leclubdesaubergistes.fr\/wp-content\/uploads\/sites\/7\/2025\/06\/mariage-a-lyon-lieu2.jpg 503w, https:\/\/www.leclubdesaubergistes.fr\/wp-content\/uploads\/sites\/7\/2025\/06\/mariage-a-lyon-lieu2-399x600.jpg 399w\" sizes=\"(max-width: 503px) 100vw, 503px\" \/>\t\t\t\t\t<\/a>\n\t\t\t\n\t\t<\/div>\n\t\n\n\t\t\t<div\n\t\tclass=\"card swiper-slide wp-block-acf-card\" id=\"card-id--5\"\t\t>\n\t\n\t\t\t\t\t\t<a href=\"https:\/\/www.leclubdesaubergistes.fr\/wp-content\/uploads\/sites\/7\/2025\/10\/mariage-a-lyon.jpg\" data-fancybox=\"gallery\" data-caption=\"Oph\u00e9lie &amp; Guillaume\"\n\t\t\t>\n\t\t\t\t<img decoding=\"async\" width=\"720\" height=\"1080\" src=\"https:\/\/www.leclubdesaubergistes.fr\/wp-content\/uploads\/sites\/7\/2025\/10\/mariage-a-lyon.jpg\" class=\"card__image\" alt=\"Oph\u00e9lie &amp; Guillaume\" srcset=\"https:\/\/www.leclubdesaubergistes.fr\/wp-content\/uploads\/sites\/7\/2025\/10\/mariage-a-lyon.jpg 720w, https:\/\/www.leclubdesaubergistes.fr\/wp-content\/uploads\/sites\/7\/2025\/10\/mariage-a-lyon-400x600.jpg 400w\" sizes=\"(max-width: 720px) 100vw, 720px\" \/>\t\t\t\t\t<\/a>\n\t\t\t\n\t\t<\/div>\n\t\n\n\t\t\t<div\n\t\tclass=\"card swiper-slide wp-block-acf-card\" id=\"card-id--6\"\t\t>\n\t\n\t\t\t\t\t\t<a href=\"https:\/\/www.leclubdesaubergistes.fr\/wp-content\/uploads\/sites\/7\/2025\/06\/mariage-a-lyon-lieu3.jpg\" data-fancybox=\"gallery\" data-caption=\"mariage a lyon lieu3\"\n\t\t\t>\n\t\t\t\t<img decoding=\"async\" width=\"493\" height=\"741\" src=\"https:\/\/www.leclubdesaubergistes.fr\/wp-content\/uploads\/sites\/7\/2025\/06\/mariage-a-lyon-lieu3.jpg\" class=\"card__image\" alt=\"mariage a lyon lieu3\" srcset=\"https:\/\/www.leclubdesaubergistes.fr\/wp-content\/uploads\/sites\/7\/2025\/06\/mariage-a-lyon-lieu3.jpg 493w, https:\/\/www.leclubdesaubergistes.fr\/wp-content\/uploads\/sites\/7\/2025\/06\/mariage-a-lyon-lieu3-399x600.jpg 399w\" sizes=\"(max-width: 493px) 100vw, 493px\" \/>\t\t\t\t\t<\/a>\n\t\t\t\n\t\t<\/div>\n\t\n\n\t\t\t<div\n\t\tclass=\"card swiper-slide wp-block-acf-card\" id=\"card-id--7\"\t\t>\n\t\n\t\t\t\t\t\t<a href=\"https:\/\/www.leclubdesaubergistes.fr\/wp-content\/uploads\/sites\/7\/2025\/06\/mariage-a-lyon-lieu1.jpg\" data-fancybox=\"gallery\" data-caption=\"mariage a lyon lieu1\"\n\t\t\t>\n\t\t\t\t<img decoding=\"async\" width=\"432\" height=\"649\" src=\"https:\/\/www.leclubdesaubergistes.fr\/wp-content\/uploads\/sites\/7\/2025\/06\/mariage-a-lyon-lieu1.jpg\" class=\"card__image\" alt=\"mariage a lyon lieu1\" srcset=\"https:\/\/www.leclubdesaubergistes.fr\/wp-content\/uploads\/sites\/7\/2025\/06\/mariage-a-lyon-lieu1.jpg 432w, https:\/\/www.leclubdesaubergistes.fr\/wp-content\/uploads\/sites\/7\/2025\/06\/mariage-a-lyon-lieu1-399x600.jpg 399w\" sizes=\"(max-width: 432px) 100vw, 432px\" \/>\t\t\t\t\t<\/a>\n\t\t\t\n\t\t<\/div>\n\t\n<\/div>\n\t\t\t\t<div class=\"button-prev\">\n\t\t\t<svg xmlns=\"http:\/\/www.w3.org\/2000\/svg\" viewBox=\"0 0 448 512\">\n\t\t\t\t<path\n\t\t\t\t\td=\"M12.7 244.7L1.4 256l11.3 11.3 168 168L192 446.6 214.6 424l-11.3-11.3L62.6 272 432 272l16 0 0-32-16 0L62.6 240 203.3 99.3 214.6 88 192 65.4 180.7 76.7l-168 168z\" \/>\n\t\t\t<\/svg>\n\t\t<\/div>\n\t\t<div class=\"button-next\">\n\t\t\t<svg xmlns=\"http:\/\/www.w3.org\/2000\/svg\" viewBox=\"0 0 448 512\">\n\t\t\t\t<path\n\t\t\t\t\td=\"M435.3 267.3L446.6 256l-11.3-11.3-168-168L256 65.4 233.4 88l11.3 11.3L385.4 240 16 240 0 240l0 32 16 0 369.4 0L244.7 412.7 233.4 424 256 446.6l11.3-11.3 168-168z\" \/>\n\t\t\t<\/svg>\n\t\t<\/div>\n\t\t\t<\/div><!-- .swiper -->\n\n\t\t<div id=\"slider__gallery-button--slider-id-1\"\n\t\tclass=\"slider__gallery-button wp-block-button is-style-label-button is-style-label-button--5\"\n\t\tdata-gallery-trigger=\"gallery-slider-id-1\">\n\t\t<a class=\"wp-block-button__link wp-element-button\">Abrir la galer\u00eda de fotos<\/a>\n\t<\/div>\n\t<\/div>\n\n\n\n<\/section>\n\n\t<section\n\t\tstyle=\"padding-top:var(--wp--preset--spacing--theme-default);padding-bottom:var(--wp--preset--spacing--theme-default);\" class=\"block-container align wp-block-acf-block-container has-background has-white-background-color has-global-padding is-content-justification-center is-layout-constrained wp-container-acf-block-container-is-layout-f593cb3c wp-block-acf-block-container-is-layout-constrained\"\t>\n\n\t\n\n<div class=\"wp-block-group has-global-padding is-layout-constrained wp-container-core-group-is-layout-30cbf03a wp-block-group-is-layout-constrained\">\n<h3 class=\"wp-block-heading has-text-align-left\">\u00bfNecesitas una oferta de catering?<\/h3>\n\n\n\n<p class=\"has-text-align-left\">\u00bfSe merecen tus invitados lo mejor el d\u00eda de tu boda? Le Comptoir Ph\u00e9nix te ofrece un ambiente c\u00e1lido, una cocina refinada y un servicio atento. Sin preselecci\u00f3n, elaboraremos juntos tu men\u00fa.  <\/p>\n\n\n\n<p class=\"has-text-align-left\">Muchas personas buscan un<strong> <\/strong>hotel-restaurante para su boda en Lyon. Les Aubergistes Lyonnais promete una experiencia lejos de la norma. <\/p>\n<\/div>\n\n\n\n<\/section>\n\n\t<section\n\t\tstyle=\"padding-top:0%;padding-bottom:0%;\" class=\"block-container align wp-block-acf-block-container has-background has-white-100-background-color has-global-padding is-layout-constrained wp-container-acf-block-container-is-layout-4eed1cba wp-block-acf-block-container-is-layout-constrained\"\t>\n\n\t\n\n<div class=\"wp-block-group has-global-padding is-layout-constrained wp-container-core-group-is-layout-2dcfafcc wp-block-group-is-layout-constrained\" style=\"padding-top:var(--wp--preset--spacing--theme-default);padding-right:0;padding-bottom:var(--wp--preset--spacing--theme-default);padding-left:0\">\n<h3 class=\"wp-block-heading has-text-align-center\">Ponte en contacto con nosotros para celebrar una boda en Lyon que dejar\u00e1 una huella imborrable.<\/h3>\n\n\n\n<div class=\"wp-block-buttons is-content-justification-center is-layout-flex wp-container-core-buttons-is-layout-a89b3969 wp-block-buttons-is-layout-flex\">\n<div class=\"wp-block-button is-style-label-button is-style-label-button--1\"><a class=\"wp-block-button__link wp-element-button\" href=\"https:\/\/www.leclubdesaubergistes.fr\/es\/presupuesto-gratuito\/\">presupuesto gratuito<\/a><\/div>\n<\/div>\n<\/div>\n\n\n\n<div\nclass=\"slider alignfull wp-block-acf-slider\" id=\"slider-id-2\" data-gallery-id=\"gallery-slider-id-2\">\n\t<div class=\"wp-block-group\n\t\t\tswiper\">\n\t\t<div class=\"swiper-wrapper slider__innerblocks\">\n\n<\/div>\n\t\t\t\t<div class=\"button-prev\">\n\t\t\t<svg xmlns=\"http:\/\/www.w3.org\/2000\/svg\" viewBox=\"0 0 448 512\">\n\t\t\t\t<path\n\t\t\t\t\td=\"M12.7 244.7L1.4 256l11.3 11.3 168 168L192 446.6 214.6 424l-11.3-11.3L62.6 272 432 272l16 0 0-32-16 0L62.6 240 203.3 99.3 214.6 88 192 65.4 180.7 76.7l-168 168z\" \/>\n\t\t\t<\/svg>\n\t\t<\/div>\n\t\t<div class=\"button-next\">\n\t\t\t<svg xmlns=\"http:\/\/www.w3.org\/2000\/svg\" viewBox=\"0 0 448 512\">\n\t\t\t\t<path\n\t\t\t\t\td=\"M435.3 267.3L446.6 256l-11.3-11.3-168-168L256 65.4 233.4 88l11.3 11.3L385.4 240 16 240 0 240l0 32 16 0 369.4 0L244.7 412.7 233.4 424 256 446.6l11.3-11.3 168-168z\" \/>\n\t\t\t<\/svg>\n\t\t<\/div>\n\t\t\t<\/div><!-- .swiper -->\n\n\t<\/div>\n\n\n\n<\/section>\n","protected":false},"excerpt":{"rendered":"","protected":false},"author":2,"featured_media":5996,"parent":3131,"menu_order":0,"comment_status":"closed","ping_status":"closed","template":"","meta":{"_acf_changed":false,"inline_featured_image":false,"footnotes":""},"class_list":["post-6716","page","type-page","status-publish","has-post-thumbnail","hentry"],"acf":[],"yoast_head":"<!-- This site is optimized with the Yoast SEO plugin v27.4 - https:\/\/yoast.com\/product\/yoast-seo-wordpress\/ -->\n<title>Alquiler Lugar Boda, recepci\u00f3n + Restaurante Lyon Centre<\/title>\n<meta name=\"description\" content=\"Le Club des Aubergistes Lyonnais - Un lugar excepcional para tu boda y recepci\u00f3n con restaurante en el coraz\u00f3n de Lyon.\" \/>\n<meta name=\"robots\" content=\"index, follow, max-snippet:-1, max-image-preview:large, max-video-preview:-1\" \/>\n<link rel=\"canonical\" href=\"https:\/\/www.leclubdesaubergistes.fr\/es\/eventos-privados\/boda\/\" \/>\n<meta property=\"og:locale\" content=\"es_ES\" \/>\n<meta property=\"og:type\" content=\"article\" \/>\n<meta property=\"og:title\" content=\"Alquiler Lugar Boda, recepci\u00f3n + Restaurante Lyon Centre\" \/>\n<meta property=\"og:description\" content=\"Le Club des Aubergistes Lyonnais - Un lugar excepcional para tu boda y recepci\u00f3n con restaurante en el coraz\u00f3n de Lyon.\" \/>\n<meta property=\"og:url\" content=\"https:\/\/www.leclubdesaubergistes.fr\/es\/eventos-privados\/boda\/\" \/>\n<meta property=\"og:site_name\" content=\"Le Club des Aubergistes\" \/>\n<meta property=\"article:modified_time\" content=\"2025-10-21T13:09:57+00:00\" \/>\n<meta property=\"og:image\" content=\"https:\/\/www.leclubdesaubergistes.fr\/wp-content\/uploads\/sites\/7\/2025\/06\/mariage-a-lyon-lieu7.jpg\" \/>\n\t<meta property=\"og:image:width\" content=\"1500\" \/>\n\t<meta property=\"og:image:height\" content=\"1000\" \/>\n\t<meta property=\"og:image:type\" content=\"image\/jpeg\" \/>\n<meta name=\"twitter:card\" content=\"summary_large_image\" \/>\n<meta name=\"twitter:label1\" content=\"Tiempo de lectura\" \/>\n\t<meta name=\"twitter:data1\" content=\"2 minuto\" \/>\n<script type=\"application\/ld+json\" class=\"yoast-schema-graph\">{\"@context\":\"https:\\\/\\\/schema.org\",\"@graph\":[{\"@type\":\"WebPage\",\"@id\":\"https:\\\/\\\/www.leclubdesaubergistes.fr\\\/es\\\/eventos-privados\\\/boda\\\/\",\"url\":\"https:\\\/\\\/www.leclubdesaubergistes.fr\\\/es\\\/eventos-privados\\\/boda\\\/\",\"name\":\"Alquiler Lugar Boda, recepci\u00f3n + Restaurante Lyon Centre\",\"isPartOf\":{\"@id\":\"https:\\\/\\\/www.leclubdesaubergistes.fr\\\/es\\\/#website\"},\"primaryImageOfPage\":{\"@id\":\"https:\\\/\\\/www.leclubdesaubergistes.fr\\\/es\\\/eventos-privados\\\/boda\\\/#primaryimage\"},\"image\":{\"@id\":\"https:\\\/\\\/www.leclubdesaubergistes.fr\\\/es\\\/eventos-privados\\\/boda\\\/#primaryimage\"},\"thumbnailUrl\":\"https:\\\/\\\/www.leclubdesaubergistes.fr\\\/wp-content\\\/uploads\\\/sites\\\/7\\\/2025\\\/06\\\/mariage-a-lyon-lieu7.jpg\",\"datePublished\":\"2025-06-16T14:40:35+00:00\",\"dateModified\":\"2025-10-21T13:09:57+00:00\",\"description\":\"Le Club des Aubergistes Lyonnais - Un lugar excepcional para tu boda y recepci\u00f3n con restaurante en el coraz\u00f3n de Lyon.\",\"breadcrumb\":{\"@id\":\"https:\\\/\\\/www.leclubdesaubergistes.fr\\\/es\\\/eventos-privados\\\/boda\\\/#breadcrumb\"},\"inLanguage\":\"es\",\"potentialAction\":[{\"@type\":\"ReadAction\",\"target\":[\"https:\\\/\\\/www.leclubdesaubergistes.fr\\\/es\\\/eventos-privados\\\/boda\\\/\"]}]},{\"@type\":\"ImageObject\",\"inLanguage\":\"es\",\"@id\":\"https:\\\/\\\/www.leclubdesaubergistes.fr\\\/es\\\/eventos-privados\\\/boda\\\/#primaryimage\",\"url\":\"https:\\\/\\\/www.leclubdesaubergistes.fr\\\/wp-content\\\/uploads\\\/sites\\\/7\\\/2025\\\/06\\\/mariage-a-lyon-lieu7.jpg\",\"contentUrl\":\"https:\\\/\\\/www.leclubdesaubergistes.fr\\\/wp-content\\\/uploads\\\/sites\\\/7\\\/2025\\\/06\\\/mariage-a-lyon-lieu7.jpg\",\"width\":1500,\"height\":1000,\"caption\":\"mariage a lyon lieu7\"},{\"@type\":\"BreadcrumbList\",\"@id\":\"https:\\\/\\\/www.leclubdesaubergistes.fr\\\/es\\\/eventos-privados\\\/boda\\\/#breadcrumb\",\"itemListElement\":[{\"@type\":\"ListItem\",\"position\":1,\"name\":\"Accueil\",\"item\":\"https:\\\/\\\/www.leclubdesaubergistes.fr\\\/es\\\/\"},{\"@type\":\"ListItem\",\"position\":2,\"name\":\"Actos privados\",\"item\":\"https:\\\/\\\/www.leclubdesaubergistes.fr\\\/es\\\/eventos-privados\\\/\"},{\"@type\":\"ListItem\",\"position\":3,\"name\":\"Boda\"}]},{\"@type\":\"WebSite\",\"@id\":\"https:\\\/\\\/www.leclubdesaubergistes.fr\\\/es\\\/#website\",\"url\":\"https:\\\/\\\/www.leclubdesaubergistes.fr\\\/es\\\/\",\"name\":\"Globe Cecil\",\"description\":\"\",\"publisher\":{\"@id\":\"https:\\\/\\\/www.leclubdesaubergistes.fr\\\/es\\\/#organization\"},\"potentialAction\":[{\"@type\":\"SearchAction\",\"target\":{\"@type\":\"EntryPoint\",\"urlTemplate\":\"https:\\\/\\\/www.leclubdesaubergistes.fr\\\/es\\\/?s={search_term_string}\"},\"query-input\":{\"@type\":\"PropertyValueSpecification\",\"valueRequired\":true,\"valueName\":\"search_term_string\"}}],\"inLanguage\":\"es\"},{\"@type\":\"Organization\",\"@id\":\"https:\\\/\\\/www.leclubdesaubergistes.fr\\\/es\\\/#organization\",\"name\":\"Globe Cecil\",\"url\":\"https:\\\/\\\/www.leclubdesaubergistes.fr\\\/es\\\/\",\"logo\":{\"@type\":\"ImageObject\",\"inLanguage\":\"es\",\"@id\":\"https:\\\/\\\/www.leclubdesaubergistes.fr\\\/es\\\/#\\\/schema\\\/logo\\\/image\\\/\",\"url\":\"https:\\\/\\\/www.leclubdesaubergistes.fr\\\/wp-content\\\/uploads\\\/sites\\\/7\\\/2025\\\/05\\\/LOGO-Club-des-Aubergistes-White.svg\",\"contentUrl\":\"https:\\\/\\\/www.leclubdesaubergistes.fr\\\/wp-content\\\/uploads\\\/sites\\\/7\\\/2025\\\/05\\\/LOGO-Club-des-Aubergistes-White.svg\",\"width\":459,\"height\":128,\"caption\":\"Globe Cecil\"},\"image\":{\"@id\":\"https:\\\/\\\/www.leclubdesaubergistes.fr\\\/es\\\/#\\\/schema\\\/logo\\\/image\\\/\"}}]}<\/script>\n<!-- \/ Yoast SEO plugin. -->","yoast_head_json":{"title":"Alquiler Lugar Boda, recepci\u00f3n + Restaurante Lyon Centre","description":"Le Club des Aubergistes Lyonnais - Un lugar excepcional para tu boda y recepci\u00f3n con restaurante en el coraz\u00f3n de Lyon.","robots":{"index":"index","follow":"follow","max-snippet":"max-snippet:-1","max-image-preview":"max-image-preview:large","max-video-preview":"max-video-preview:-1"},"canonical":"https:\/\/www.leclubdesaubergistes.fr\/es\/eventos-privados\/boda\/","og_locale":"es_ES","og_type":"article","og_title":"Alquiler Lugar Boda, recepci\u00f3n + Restaurante Lyon Centre","og_description":"Le Club des Aubergistes Lyonnais - Un lugar excepcional para tu boda y recepci\u00f3n con restaurante en el coraz\u00f3n de Lyon.","og_url":"https:\/\/www.leclubdesaubergistes.fr\/es\/eventos-privados\/boda\/","og_site_name":"Le Club des Aubergistes","article_modified_time":"2025-10-21T13:09:57+00:00","og_image":[{"width":1500,"height":1000,"url":"https:\/\/www.leclubdesaubergistes.fr\/wp-content\/uploads\/sites\/7\/2025\/06\/mariage-a-lyon-lieu7.jpg","type":"image\/jpeg"}],"twitter_card":"summary_large_image","twitter_misc":{"Tiempo de lectura":"2 minuto"},"schema":{"@context":"https:\/\/schema.org","@graph":[{"@type":"WebPage","@id":"https:\/\/www.leclubdesaubergistes.fr\/es\/eventos-privados\/boda\/","url":"https:\/\/www.leclubdesaubergistes.fr\/es\/eventos-privados\/boda\/","name":"Alquiler Lugar Boda, recepci\u00f3n + Restaurante Lyon Centre","isPartOf":{"@id":"https:\/\/www.leclubdesaubergistes.fr\/es\/#website"},"primaryImageOfPage":{"@id":"https:\/\/www.leclubdesaubergistes.fr\/es\/eventos-privados\/boda\/#primaryimage"},"image":{"@id":"https:\/\/www.leclubdesaubergistes.fr\/es\/eventos-privados\/boda\/#primaryimage"},"thumbnailUrl":"https:\/\/www.leclubdesaubergistes.fr\/wp-content\/uploads\/sites\/7\/2025\/06\/mariage-a-lyon-lieu7.jpg","datePublished":"2025-06-16T14:40:35+00:00","dateModified":"2025-10-21T13:09:57+00:00","description":"Le Club des Aubergistes Lyonnais - Un lugar excepcional para tu boda y recepci\u00f3n con restaurante en el coraz\u00f3n de Lyon.","breadcrumb":{"@id":"https:\/\/www.leclubdesaubergistes.fr\/es\/eventos-privados\/boda\/#breadcrumb"},"inLanguage":"es","potentialAction":[{"@type":"ReadAction","target":["https:\/\/www.leclubdesaubergistes.fr\/es\/eventos-privados\/boda\/"]}]},{"@type":"ImageObject","inLanguage":"es","@id":"https:\/\/www.leclubdesaubergistes.fr\/es\/eventos-privados\/boda\/#primaryimage","url":"https:\/\/www.leclubdesaubergistes.fr\/wp-content\/uploads\/sites\/7\/2025\/06\/mariage-a-lyon-lieu7.jpg","contentUrl":"https:\/\/www.leclubdesaubergistes.fr\/wp-content\/uploads\/sites\/7\/2025\/06\/mariage-a-lyon-lieu7.jpg","width":1500,"height":1000,"caption":"mariage a lyon lieu7"},{"@type":"BreadcrumbList","@id":"https:\/\/www.leclubdesaubergistes.fr\/es\/eventos-privados\/boda\/#breadcrumb","itemListElement":[{"@type":"ListItem","position":1,"name":"Accueil","item":"https:\/\/www.leclubdesaubergistes.fr\/es\/"},{"@type":"ListItem","position":2,"name":"Actos privados","item":"https:\/\/www.leclubdesaubergistes.fr\/es\/eventos-privados\/"},{"@type":"ListItem","position":3,"name":"Boda"}]},{"@type":"WebSite","@id":"https:\/\/www.leclubdesaubergistes.fr\/es\/#website","url":"https:\/\/www.leclubdesaubergistes.fr\/es\/","name":"Globe Cecil","description":"","publisher":{"@id":"https:\/\/www.leclubdesaubergistes.fr\/es\/#organization"},"potentialAction":[{"@type":"SearchAction","target":{"@type":"EntryPoint","urlTemplate":"https:\/\/www.leclubdesaubergistes.fr\/es\/?s={search_term_string}"},"query-input":{"@type":"PropertyValueSpecification","valueRequired":true,"valueName":"search_term_string"}}],"inLanguage":"es"},{"@type":"Organization","@id":"https:\/\/www.leclubdesaubergistes.fr\/es\/#organization","name":"Globe Cecil","url":"https:\/\/www.leclubdesaubergistes.fr\/es\/","logo":{"@type":"ImageObject","inLanguage":"es","@id":"https:\/\/www.leclubdesaubergistes.fr\/es\/#\/schema\/logo\/image\/","url":"https:\/\/www.leclubdesaubergistes.fr\/wp-content\/uploads\/sites\/7\/2025\/05\/LOGO-Club-des-Aubergistes-White.svg","contentUrl":"https:\/\/www.leclubdesaubergistes.fr\/wp-content\/uploads\/sites\/7\/2025\/05\/LOGO-Club-des-Aubergistes-White.svg","width":459,"height":128,"caption":"Globe Cecil"},"image":{"@id":"https:\/\/www.leclubdesaubergistes.fr\/es\/#\/schema\/logo\/image\/"}}]}},"_links":{"self":[{"href":"https:\/\/www.leclubdesaubergistes.fr\/es\/wp-json\/wp\/v2\/pages\/6716","targetHints":{"allow":["GET"]}}],"collection":[{"href":"https:\/\/www.leclubdesaubergistes.fr\/es\/wp-json\/wp\/v2\/pages"}],"about":[{"href":"https:\/\/www.leclubdesaubergistes.fr\/es\/wp-json\/wp\/v2\/types\/page"}],"author":[{"embeddable":true,"href":"https:\/\/www.leclubdesaubergistes.fr\/es\/wp-json\/wp\/v2\/users\/2"}],"replies":[{"embeddable":true,"href":"https:\/\/www.leclubdesaubergistes.fr\/es\/wp-json\/wp\/v2\/comments?post=6716"}],"version-history":[{"count":4,"href":"https:\/\/www.leclubdesaubergistes.fr\/es\/wp-json\/wp\/v2\/pages\/6716\/revisions"}],"predecessor-version":[{"id":8484,"href":"https:\/\/www.leclubdesaubergistes.fr\/es\/wp-json\/wp\/v2\/pages\/6716\/revisions\/8484"}],"up":[{"embeddable":true,"href":"https:\/\/www.leclubdesaubergistes.fr\/es\/wp-json\/wp\/v2\/pages\/3131"}],"wp:featuredmedia":[{"embeddable":true,"href":"https:\/\/www.leclubdesaubergistes.fr\/es\/wp-json\/wp\/v2\/media\/5996"}],"wp:attachment":[{"href":"https:\/\/www.leclubdesaubergistes.fr\/es\/wp-json\/wp\/v2\/media?parent=6716"}],"curies":[{"name":"wp","href":"https:\/\/api.w.org\/{rel}","templated":true}]}}