{"id":3375,"date":"2025-04-16T17:40:08","date_gmt":"2025-04-16T15:40:08","guid":{"rendered":"https:\/\/www.leclubdesaubergistes.fr\/offerte-attuali\/"},"modified":"2026-02-16T17:31:54","modified_gmt":"2026-02-16T16:31:54","slug":"le-nostre-formule-attuali","status":"publish","type":"page","link":"https:\/\/www.leclubdesaubergistes.fr\/it\/le-nostre-formule-attuali\/","title":{"rendered":"Le nostre formule attuali"},"content":{"rendered":"\n<section class=\"heading wp-elements-04f8141d36e5f408581a51662249cad5 wp-elements-04f8141d36e5f408581a51662249cad5 wp-block-acf-heading has-text-color has-primary-color has-background has-white-100-background-color\">\n\t<div class=\"heading__container\">\n\t\t\t\t\t<div class=\"heading__background-picture\">\n\t\t\t\t<img decoding=\"async\" width=\"1024\" height=\"683\" src=\"https:\/\/www.leclubdesaubergistes.fr\/wp-content\/uploads\/sites\/7\/2025\/06\/cocktail-entreprise-lyon3.jpg\" class=\"attachment-full size-full\" alt=\"cocktail entreprise lyon3\" fetchpriority=\"high\" srcset=\"https:\/\/www.leclubdesaubergistes.fr\/wp-content\/uploads\/sites\/7\/2025\/06\/cocktail-entreprise-lyon3.jpg 1024w, https:\/\/www.leclubdesaubergistes.fr\/wp-content\/uploads\/sites\/7\/2025\/06\/cocktail-entreprise-lyon3-600x400.jpg 600w, https:\/\/www.leclubdesaubergistes.fr\/wp-content\/uploads\/sites\/7\/2025\/06\/cocktail-entreprise-lyon3-768x512.jpg 768w\" sizes=\"(max-width: 1024px) 100vw, 1024px\" \/>\t\t\t<\/div>\n\t\t\t\t<div class=\"heading__layout\">\n\t\t\t<div class=\"heading__content-wrapper has-white-100-background-color\">\n\t\t\t\t<div class=\"heading__content has-white-100-background-color\">\n\t\t\t\t\t\t\t\t\t<p id=\"breadcrumbs\"><span><span><a href=\"https:\/\/www.leclubdesaubergistes.fr\/it\/\">Accueil<\/a><\/span><\/span><\/p>\t\t\t\t\t\t\t\t\t<div class=\"acf-innerblocks-container\">\n\n<div class=\"wp-block-group heading-content-group is-layout-grid wp-container-core-group-is-layout-96b258e4 wp-block-group-is-layout-grid\">\n<h1 class=\"wp-block-heading has-text-align-left heading__title has-primary-color has-text-color has-xx-large-font-size\">In questo momento, ti portiamo&#8230;<\/h1>\n<\/div>\n\n<\/div>\n\t\t\t\t<\/div>\n\t\t\t\t\t\t\t<\/div>\n\t\t<\/div>\n\t<\/div>\n<\/section>\n\n\n\t<section\n\t\tstyle=\"padding-top:var(--wp--preset--spacing--theme-default);padding-bottom:var(--wp--preset--spacing--theme-m);\" class=\"block-illustration block-illustration--bottom-right alignfull wp-block-acf-block-illustration has-background has-white-background-color has-global-padding is-layout-constrained wp-block-acf-block-illustration-is-layout-constrained\"\t>\n\n\t<div class=\"block-illustration__wrapper alignwide\">\n\t<img decoding=\"async\" width=\"350\" height=\"350\" src=\"https:\/\/www.leclubdesaubergistes.fr\/wp-content\/uploads\/sites\/7\/2025\/04\/MAIN.png\" class=\"block-illustration__image illustration-with-parallax\" alt=\"MAIN\" srcset=\"https:\/\/www.leclubdesaubergistes.fr\/wp-content\/uploads\/sites\/7\/2025\/04\/MAIN.png 350w, https:\/\/www.leclubdesaubergistes.fr\/wp-content\/uploads\/sites\/7\/2025\/04\/MAIN-300x300.png 300w\" sizes=\"(max-width: 350px) 100vw, 350px\" \/>\t\t<div class=\"block-illustration__innerblocks\">\n\n<div class=\"wp-block-group is-layout-flow wp-container-core-group-is-layout-dce2e9c8 wp-block-group-is-layout-flow\" style=\"padding-top:0;padding-right:0;padding-bottom:0;padding-left:0\">\n<h2 class=\"wp-block-heading has-text-align-center\">Al momento&#8230;<\/h2>\n\n\n\n<div class=\"stacked-card-grid align wp-block-acf-stacked-card-grid\">\n\n<div\n\tclass=\"stacked-card wp-block-acf-stacked-card\"\tstyle = \"--stacked-card-hover-bg-color: #e5c800;\"\n\t>\n\t\t\t\n\n<figure class=\"wp-block-image size-full stacked-card__image\"><img decoding=\"async\" width=\"2048\" height=\"1536\" src=\"https:\/\/www.leclubdesaubergistes.fr\/wp-content\/uploads\/sites\/7\/2026\/02\/pexels-gabby-k-20419201-edited-2-scaled.jpg\" alt=\"Creazione di profumi per il team building\" class=\"wp-image-8727\" style=\"aspect-ratio:16\/9;object-fit:cover\" srcset=\"https:\/\/www.leclubdesaubergistes.fr\/wp-content\/uploads\/sites\/7\/2026\/02\/pexels-gabby-k-20419201-edited-2-scaled.jpg 2048w, https:\/\/www.leclubdesaubergistes.fr\/wp-content\/uploads\/sites\/7\/2026\/02\/pexels-gabby-k-20419201-edited-2-600x450.jpg 600w, https:\/\/www.leclubdesaubergistes.fr\/wp-content\/uploads\/sites\/7\/2026\/02\/pexels-gabby-k-20419201-edited-2-1400x1050.jpg 1400w, https:\/\/www.leclubdesaubergistes.fr\/wp-content\/uploads\/sites\/7\/2026\/02\/pexels-gabby-k-20419201-edited-2-768x576.jpg 768w, https:\/\/www.leclubdesaubergistes.fr\/wp-content\/uploads\/sites\/7\/2026\/02\/pexels-gabby-k-20419201-edited-2-1536x1152.jpg 1536w\" sizes=\"(max-width: 2048px) 100vw, 2048px\" \/><\/figure>\n\n\n\n<h3 class=\"wp-block-heading stacked-card__title\">1.creazione di profumi per il teambuilding<\/h3>\n\n\n\n<p class=\"stacked-card__text has-large-font-size\">Immagina, componi, incarna.<br\/>A partire da 70\u20ac tasse escluse\/persona.<\/p>\n\n\n\t<\/div>\n\n\n\n<div\n\tclass=\"stacked-card wp-block-acf-stacked-card\"\tstyle = \"--stacked-card-hover-bg-color: #e5c800;\"\n\t>\n\t\t\t\n\n<figure class=\"wp-block-image size-full stacked-card__image\"><img decoding=\"async\" width=\"1500\" height=\"1000\" src=\"https:\/\/www.leclubdesaubergistes.fr\/wp-content\/uploads\/sites\/7\/2026\/01\/offre-site.jpg\" alt=\"sito dell'offerta\" class=\"wp-image-8687\" style=\"aspect-ratio:16\/9;object-fit:cover\" srcset=\"https:\/\/www.leclubdesaubergistes.fr\/wp-content\/uploads\/sites\/7\/2026\/01\/offre-site.jpg 1500w, https:\/\/www.leclubdesaubergistes.fr\/wp-content\/uploads\/sites\/7\/2026\/01\/offre-site-600x400.jpg 600w, https:\/\/www.leclubdesaubergistes.fr\/wp-content\/uploads\/sites\/7\/2026\/01\/offre-site-1400x933.jpg 1400w, https:\/\/www.leclubdesaubergistes.fr\/wp-content\/uploads\/sites\/7\/2026\/01\/offre-site-768x512.jpg 768w\" sizes=\"(max-width: 1500px) 100vw, 1500px\" \/><\/figure>\n\n\n\n<h3 class=\"wp-block-heading stacked-card__title\">2. &#8220;Il workshop come un&#8217;eccezione<\/h3>\n\n\n\n<p class=\"stacked-card__text has-large-font-size\">La tua giornata di studio chiavi in mano &#8211; a partire da 65\u20ac\/persona*.<\/p>\n\n\n\t<\/div>\n\n<\/div>\n<\/div>\n\n<\/div>\n\t<\/div>\n<\/section>\n\n\t<section\n\t\tstyle=\"padding-top:var(--wp--preset--spacing--theme-default);padding-bottom:var(--wp--preset--spacing--theme-default);\" class=\"block-container align wp-block-acf-block-container has-background has-white-100-background-color has-global-padding is-layout-constrained wp-container-acf-block-container-is-layout-afcd3024 wp-block-acf-block-container-is-layout-constrained\"\t>\n\n\t\n\n<h3 class=\"wp-block-heading has-text-align-center\">1. Immagina e crea la tua fragranza con <mark class=\"has-inline-color has-secondary-color\">Le Sourceur<\/mark><\/h3>\n\n\n\n<p class=\"has-text-align-left\">Insieme a Le <strong>Sourceur<\/strong>, fornitori di materie prime per l&#8217;industria profumiera da oltre 25 anni e creatori di oli essenziali puri e naturali al 100%, invita i tuoi team a esplorare il mondo del profumo e a comporre il proprio profumo insieme o individualmente!<\/p>\n\n\n\n<p class=\"has-text-align-left\">Con una guida passo passo, scopri le diverse famiglie olfattive, sperimenta gli accordi e assembla le tue note per creare una creazione unica che rifletta la tua personalit\u00e0.<\/p>\n\n\n\n<p class=\"has-text-align-left\">Un&#8217;attivit\u00e0 sensoriale e unificante, ideale per concludere una giornata di studio, arricchire un seminario o punteggiare un evento in una delle nostre case di Lione.<\/p>\n\n\n\n<p><strong>A partire da 70\u20ac (IVA esclusa) a persona*.<\/strong><\/p>\n\n\n\n<p><em>*escludendo le aree privatizzate e i servizi di ristorazione<\/em><\/p>\n\n\n\n<div class=\"wp-block-buttons is-content-justification-center is-layout-flex wp-container-core-buttons-is-layout-a89b3969 wp-block-buttons-is-layout-flex\">\n<div class=\"wp-block-button is-style-label-button is-style-label-button--1\"><a class=\"wp-block-button__link wp-element-button\" href=\"https:\/\/www.leclubdesaubergistes.fr\/it\/preventivo-gratuito\/\">Contattaci<\/a><\/div>\n<\/div>\n\n\n\n<\/section>\n\n\t<section\n\t\tstyle=\"padding-top:var(--wp--preset--spacing--theme-default);padding-bottom:var(--wp--preset--spacing--theme-default);\" class=\"block-container align wp-block-acf-block-container has-background has-white-background-color has-global-padding is-layout-constrained wp-container-acf-block-container-is-layout-afcd3024 wp-block-acf-block-container-is-layout-constrained\"\t>\n\n\t\n\n<h3 class=\"wp-block-heading has-text-align-center\">2. Offerta: <mark class=\"has-inline-color has-secondary-color\">L&#8217;atelier en appart\u00e9<\/mark><\/h3>\n\n\n\n<p><strong>Il tuo incontro. La nostra ospitalit\u00e0. Zero logistica per te.  <\/strong><\/p>\n\n\n\n<p>L&#8217;Atelier en Apart\u00e9 \u00e8 un servizio di noleggio di locali chiavi in mano pensato per i professionisti che vogliono andare subito al sodo, senza rinunciare al comfort o alla qualit\u00e0 dell&#8217;accoglienza.<\/p>\n\n\n\n<p><strong>L&#8217;OFFERTA INCLUDE :<\/strong><\/p>\n\n\n\n<ul class=\"wp-block-list\">\n<li><strong>Uso privato della sala <\/strong>(15m2 &#8211; capacit\u00e0 6 persone)<\/li>\n\n\n\n<li><strong>Pause gourmet <\/strong>(1 mezza giornata, 2 giornate intere: caff\u00e8, t\u00e8, succhi di frutta + specialit\u00e0 dello chef)<\/li>\n\n\n\n<li><strong>Accesso alle nostre attrezzature professionali<\/strong> (TV a schermo piatto, lavagna luminosa, impianto audio, telecamera grandangolare, ecc.)<\/li>\n\n\n\n<li><strong>Pranzo al Comptoir Ph\u00e9nix<\/strong> (piatto principale, dessert, acqua, caff\u00e8<br\/>)<\/li>\n\n\n\n<li><strong>Professionisti al tuo servizio<\/strong><\/li>\n<\/ul>\n\n\n\n<p><\/p>\n\n\n\n<p><strong>65\u20ac \/ persona (mezza giornata)  <\/strong><\/p>\n\n\n\n<p><strong>72\u20ac \/ persona (giorno)<\/strong><\/p>\n\n\n\n<div class=\"wp-block-buttons is-content-justification-center is-layout-flex wp-container-core-buttons-is-layout-a89b3969 wp-block-buttons-is-layout-flex\">\n<div class=\"wp-block-button is-style-label-button is-style-label-button--2\"><a class=\"wp-block-button__link wp-element-button\" href=\"https:\/\/www.leclubdesaubergistes.fr\/it\/preventivo-gratuito\/\">Contattaci<\/a><\/div>\n<\/div>\n\n\n\n<\/section>\n","protected":false},"excerpt":{"rendered":"","protected":false},"author":2,"featured_media":0,"parent":0,"menu_order":0,"comment_status":"closed","ping_status":"closed","template":"","meta":{"_acf_changed":false,"inline_featured_image":false,"footnotes":""},"class_list":["post-3375","page","type-page","status-publish","hentry"],"acf":[],"yoast_head":"<!-- This site is optimized with the Yoast SEO plugin v27.4 - https:\/\/yoast.com\/product\/yoast-seo-wordpress\/ -->\n<title>Eventi speciali a Lione - Idee per aziende e privati<\/title>\n<meta name=\"description\" content=\"Le Club des Aubergistes - Cerchi un&#039;idea per un evento in azienda o con gli amici? Le nostre formule attuali.\" \/>\n<meta name=\"robots\" content=\"index, follow, max-snippet:-1, max-image-preview:large, max-video-preview:-1\" \/>\n<link rel=\"canonical\" href=\"https:\/\/www.leclubdesaubergistes.fr\/it\/le-nostre-formule-attuali\/\" \/>\n<meta property=\"og:locale\" content=\"it_IT\" \/>\n<meta property=\"og:type\" content=\"article\" \/>\n<meta property=\"og:title\" content=\"Eventi speciali a Lione - Idee per aziende e privati\" \/>\n<meta property=\"og:description\" content=\"Le Club des Aubergistes - Cerchi un&#039;idea per un evento in azienda o con gli amici? Le nostre formule attuali.\" \/>\n<meta property=\"og:url\" content=\"https:\/\/www.leclubdesaubergistes.fr\/it\/le-nostre-formule-attuali\/\" \/>\n<meta property=\"og:site_name\" content=\"Le Club des Aubergistes\" \/>\n<meta property=\"article:modified_time\" content=\"2026-02-16T16:31:54+00:00\" \/>\n<meta property=\"og:image\" content=\"https:\/\/www.leclubdesaubergistes.fr\/wp-content\/uploads\/sites\/7\/2026\/02\/pexels-gabby-k-20419201-edited-2-scaled.jpg\" \/>\n<meta name=\"twitter:card\" content=\"summary_large_image\" \/>\n<meta name=\"twitter:label1\" content=\"Tempo di lettura stimato\" \/>\n\t<meta name=\"twitter:data1\" content=\"1 minuto\" \/>\n<script type=\"application\/ld+json\" class=\"yoast-schema-graph\">{\"@context\":\"https:\\\/\\\/schema.org\",\"@graph\":[{\"@type\":\"WebPage\",\"@id\":\"https:\\\/\\\/www.leclubdesaubergistes.fr\\\/it\\\/le-nostre-formule-attuali\\\/\",\"url\":\"https:\\\/\\\/www.leclubdesaubergistes.fr\\\/it\\\/le-nostre-formule-attuali\\\/\",\"name\":\"Eventi speciali a Lione - Idee per aziende e privati\",\"isPartOf\":{\"@id\":\"https:\\\/\\\/www.leclubdesaubergistes.fr\\\/it\\\/#website\"},\"primaryImageOfPage\":{\"@id\":\"https:\\\/\\\/www.leclubdesaubergistes.fr\\\/it\\\/le-nostre-formule-attuali\\\/#primaryimage\"},\"image\":{\"@id\":\"https:\\\/\\\/www.leclubdesaubergistes.fr\\\/it\\\/le-nostre-formule-attuali\\\/#primaryimage\"},\"thumbnailUrl\":\"https:\\\/\\\/www.leclubdesaubergistes.fr\\\/wp-content\\\/uploads\\\/sites\\\/7\\\/2026\\\/02\\\/pexels-gabby-k-20419201-edited-2-scaled.jpg\",\"datePublished\":\"2025-04-16T15:40:08+00:00\",\"dateModified\":\"2026-02-16T16:31:54+00:00\",\"description\":\"Le Club des Aubergistes - Cerchi un'idea per un evento in azienda o con gli amici? Le nostre formule attuali.\",\"breadcrumb\":{\"@id\":\"https:\\\/\\\/www.leclubdesaubergistes.fr\\\/it\\\/le-nostre-formule-attuali\\\/#breadcrumb\"},\"inLanguage\":\"it-IT\",\"potentialAction\":[{\"@type\":\"ReadAction\",\"target\":[\"https:\\\/\\\/www.leclubdesaubergistes.fr\\\/it\\\/le-nostre-formule-attuali\\\/\"]}]},{\"@type\":\"ImageObject\",\"inLanguage\":\"it-IT\",\"@id\":\"https:\\\/\\\/www.leclubdesaubergistes.fr\\\/it\\\/le-nostre-formule-attuali\\\/#primaryimage\",\"url\":\"https:\\\/\\\/www.leclubdesaubergistes.fr\\\/wp-content\\\/uploads\\\/sites\\\/7\\\/2026\\\/02\\\/pexels-gabby-k-20419201-edited-2-scaled.jpg\",\"contentUrl\":\"https:\\\/\\\/www.leclubdesaubergistes.fr\\\/wp-content\\\/uploads\\\/sites\\\/7\\\/2026\\\/02\\\/pexels-gabby-k-20419201-edited-2-scaled.jpg\"},{\"@type\":\"BreadcrumbList\",\"@id\":\"https:\\\/\\\/www.leclubdesaubergistes.fr\\\/it\\\/le-nostre-formule-attuali\\\/#breadcrumb\",\"itemListElement\":[{\"@type\":\"ListItem\",\"position\":1,\"name\":\"Accueil\",\"item\":\"https:\\\/\\\/www.leclubdesaubergistes.fr\\\/it\\\/\"},{\"@type\":\"ListItem\",\"position\":2,\"name\":\"Le nostre formule attuali\"}]},{\"@type\":\"WebSite\",\"@id\":\"https:\\\/\\\/www.leclubdesaubergistes.fr\\\/it\\\/#website\",\"url\":\"https:\\\/\\\/www.leclubdesaubergistes.fr\\\/it\\\/\",\"name\":\"Globe Cecil\",\"description\":\"\",\"publisher\":{\"@id\":\"https:\\\/\\\/www.leclubdesaubergistes.fr\\\/it\\\/#organization\"},\"potentialAction\":[{\"@type\":\"SearchAction\",\"target\":{\"@type\":\"EntryPoint\",\"urlTemplate\":\"https:\\\/\\\/www.leclubdesaubergistes.fr\\\/it\\\/?s={search_term_string}\"},\"query-input\":{\"@type\":\"PropertyValueSpecification\",\"valueRequired\":true,\"valueName\":\"search_term_string\"}}],\"inLanguage\":\"it-IT\"},{\"@type\":\"Organization\",\"@id\":\"https:\\\/\\\/www.leclubdesaubergistes.fr\\\/it\\\/#organization\",\"name\":\"Globe Cecil\",\"url\":\"https:\\\/\\\/www.leclubdesaubergistes.fr\\\/it\\\/\",\"logo\":{\"@type\":\"ImageObject\",\"inLanguage\":\"it-IT\",\"@id\":\"https:\\\/\\\/www.leclubdesaubergistes.fr\\\/it\\\/#\\\/schema\\\/logo\\\/image\\\/\",\"url\":\"https:\\\/\\\/www.leclubdesaubergistes.fr\\\/wp-content\\\/uploads\\\/sites\\\/7\\\/2025\\\/05\\\/LOGO-Club-des-Aubergistes-White.svg\",\"contentUrl\":\"https:\\\/\\\/www.leclubdesaubergistes.fr\\\/wp-content\\\/uploads\\\/sites\\\/7\\\/2025\\\/05\\\/LOGO-Club-des-Aubergistes-White.svg\",\"width\":459,\"height\":128,\"caption\":\"Globe Cecil\"},\"image\":{\"@id\":\"https:\\\/\\\/www.leclubdesaubergistes.fr\\\/it\\\/#\\\/schema\\\/logo\\\/image\\\/\"}}]}<\/script>\n<!-- \/ Yoast SEO plugin. -->","yoast_head_json":{"title":"Eventi speciali a Lione - Idee per aziende e privati","description":"Le Club des Aubergistes - Cerchi un'idea per un evento in azienda o con gli amici? Le nostre formule attuali.","robots":{"index":"index","follow":"follow","max-snippet":"max-snippet:-1","max-image-preview":"max-image-preview:large","max-video-preview":"max-video-preview:-1"},"canonical":"https:\/\/www.leclubdesaubergistes.fr\/it\/le-nostre-formule-attuali\/","og_locale":"it_IT","og_type":"article","og_title":"Eventi speciali a Lione - Idee per aziende e privati","og_description":"Le Club des Aubergistes - Cerchi un'idea per un evento in azienda o con gli amici? Le nostre formule attuali.","og_url":"https:\/\/www.leclubdesaubergistes.fr\/it\/le-nostre-formule-attuali\/","og_site_name":"Le Club des Aubergistes","article_modified_time":"2026-02-16T16:31:54+00:00","og_image":[{"url":"https:\/\/www.leclubdesaubergistes.fr\/wp-content\/uploads\/sites\/7\/2026\/02\/pexels-gabby-k-20419201-edited-2-scaled.jpg","type":"","width":"","height":""}],"twitter_card":"summary_large_image","twitter_misc":{"Tempo di lettura stimato":"1 minuto"},"schema":{"@context":"https:\/\/schema.org","@graph":[{"@type":"WebPage","@id":"https:\/\/www.leclubdesaubergistes.fr\/it\/le-nostre-formule-attuali\/","url":"https:\/\/www.leclubdesaubergistes.fr\/it\/le-nostre-formule-attuali\/","name":"Eventi speciali a Lione - Idee per aziende e privati","isPartOf":{"@id":"https:\/\/www.leclubdesaubergistes.fr\/it\/#website"},"primaryImageOfPage":{"@id":"https:\/\/www.leclubdesaubergistes.fr\/it\/le-nostre-formule-attuali\/#primaryimage"},"image":{"@id":"https:\/\/www.leclubdesaubergistes.fr\/it\/le-nostre-formule-attuali\/#primaryimage"},"thumbnailUrl":"https:\/\/www.leclubdesaubergistes.fr\/wp-content\/uploads\/sites\/7\/2026\/02\/pexels-gabby-k-20419201-edited-2-scaled.jpg","datePublished":"2025-04-16T15:40:08+00:00","dateModified":"2026-02-16T16:31:54+00:00","description":"Le Club des Aubergistes - Cerchi un'idea per un evento in azienda o con gli amici? Le nostre formule attuali.","breadcrumb":{"@id":"https:\/\/www.leclubdesaubergistes.fr\/it\/le-nostre-formule-attuali\/#breadcrumb"},"inLanguage":"it-IT","potentialAction":[{"@type":"ReadAction","target":["https:\/\/www.leclubdesaubergistes.fr\/it\/le-nostre-formule-attuali\/"]}]},{"@type":"ImageObject","inLanguage":"it-IT","@id":"https:\/\/www.leclubdesaubergistes.fr\/it\/le-nostre-formule-attuali\/#primaryimage","url":"https:\/\/www.leclubdesaubergistes.fr\/wp-content\/uploads\/sites\/7\/2026\/02\/pexels-gabby-k-20419201-edited-2-scaled.jpg","contentUrl":"https:\/\/www.leclubdesaubergistes.fr\/wp-content\/uploads\/sites\/7\/2026\/02\/pexels-gabby-k-20419201-edited-2-scaled.jpg"},{"@type":"BreadcrumbList","@id":"https:\/\/www.leclubdesaubergistes.fr\/it\/le-nostre-formule-attuali\/#breadcrumb","itemListElement":[{"@type":"ListItem","position":1,"name":"Accueil","item":"https:\/\/www.leclubdesaubergistes.fr\/it\/"},{"@type":"ListItem","position":2,"name":"Le nostre formule attuali"}]},{"@type":"WebSite","@id":"https:\/\/www.leclubdesaubergistes.fr\/it\/#website","url":"https:\/\/www.leclubdesaubergistes.fr\/it\/","name":"Globe Cecil","description":"","publisher":{"@id":"https:\/\/www.leclubdesaubergistes.fr\/it\/#organization"},"potentialAction":[{"@type":"SearchAction","target":{"@type":"EntryPoint","urlTemplate":"https:\/\/www.leclubdesaubergistes.fr\/it\/?s={search_term_string}"},"query-input":{"@type":"PropertyValueSpecification","valueRequired":true,"valueName":"search_term_string"}}],"inLanguage":"it-IT"},{"@type":"Organization","@id":"https:\/\/www.leclubdesaubergistes.fr\/it\/#organization","name":"Globe Cecil","url":"https:\/\/www.leclubdesaubergistes.fr\/it\/","logo":{"@type":"ImageObject","inLanguage":"it-IT","@id":"https:\/\/www.leclubdesaubergistes.fr\/it\/#\/schema\/logo\/image\/","url":"https:\/\/www.leclubdesaubergistes.fr\/wp-content\/uploads\/sites\/7\/2025\/05\/LOGO-Club-des-Aubergistes-White.svg","contentUrl":"https:\/\/www.leclubdesaubergistes.fr\/wp-content\/uploads\/sites\/7\/2025\/05\/LOGO-Club-des-Aubergistes-White.svg","width":459,"height":128,"caption":"Globe Cecil"},"image":{"@id":"https:\/\/www.leclubdesaubergistes.fr\/it\/#\/schema\/logo\/image\/"}}]}},"_links":{"self":[{"href":"https:\/\/www.leclubdesaubergistes.fr\/it\/wp-json\/wp\/v2\/pages\/3375","targetHints":{"allow":["GET"]}}],"collection":[{"href":"https:\/\/www.leclubdesaubergistes.fr\/it\/wp-json\/wp\/v2\/pages"}],"about":[{"href":"https:\/\/www.leclubdesaubergistes.fr\/it\/wp-json\/wp\/v2\/types\/page"}],"author":[{"embeddable":true,"href":"https:\/\/www.leclubdesaubergistes.fr\/it\/wp-json\/wp\/v2\/users\/2"}],"replies":[{"embeddable":true,"href":"https:\/\/www.leclubdesaubergistes.fr\/it\/wp-json\/wp\/v2\/comments?post=3375"}],"version-history":[{"count":21,"href":"https:\/\/www.leclubdesaubergistes.fr\/it\/wp-json\/wp\/v2\/pages\/3375\/revisions"}],"predecessor-version":[{"id":8735,"href":"https:\/\/www.leclubdesaubergistes.fr\/it\/wp-json\/wp\/v2\/pages\/3375\/revisions\/8735"}],"wp:attachment":[{"href":"https:\/\/www.leclubdesaubergistes.fr\/it\/wp-json\/wp\/v2\/media?parent=3375"}],"curies":[{"name":"wp","href":"https:\/\/api.w.org\/{rel}","templated":true}]}}