{"id":3567,"date":"2025-04-16T17:40:05","date_gmt":"2025-04-16T15:40:05","guid":{"rendered":"https:\/\/www.leclubdesaubergistes.fr\/domande-frequenti\/"},"modified":"2025-09-09T10:48:34","modified_gmt":"2025-09-09T08:48:34","slug":"domande-frequenti","status":"publish","type":"page","link":"https:\/\/www.leclubdesaubergistes.fr\/it\/domande-frequenti\/","title":{"rendered":"Domande frequenti"},"content":{"rendered":"\n<section class=\"heading wp-elements-9e22e81640df55a11804744a88deb844 wp-elements-9e22e81640df55a11804744a88deb844 wp-block-acf-heading has-text-color has-primary-color has-background has-white-100-background-color\">\n\t<div class=\"heading__container\">\n\t\t\t\t\t<div class=\"heading__background-picture\">\n\t\t\t\t<img decoding=\"async\" width=\"1920\" height=\"1280\" src=\"https:\/\/www.leclubdesaubergistes.fr\/wp-content\/uploads\/sites\/7\/2025\/03\/hotel-lyon-Bellecour-4.jpg\" class=\"attachment-full size-full\" alt=\"hotel lyon Bellecour 4\" fetchpriority=\"high\" srcset=\"https:\/\/www.leclubdesaubergistes.fr\/wp-content\/uploads\/sites\/7\/2025\/03\/hotel-lyon-Bellecour-4.jpg 1920w, https:\/\/www.leclubdesaubergistes.fr\/wp-content\/uploads\/sites\/7\/2025\/03\/hotel-lyon-Bellecour-4-300x200.jpg 300w, https:\/\/www.leclubdesaubergistes.fr\/wp-content\/uploads\/sites\/7\/2025\/03\/hotel-lyon-Bellecour-4-1024x683.jpg 1024w, https:\/\/www.leclubdesaubergistes.fr\/wp-content\/uploads\/sites\/7\/2025\/03\/hotel-lyon-Bellecour-4-768x512.jpg 768w, https:\/\/www.leclubdesaubergistes.fr\/wp-content\/uploads\/sites\/7\/2025\/03\/hotel-lyon-Bellecour-4-1536x1024.jpg 1536w\" sizes=\"(max-width: 1920px) 100vw, 1920px\" \/>\t\t\t<\/div>\n\t\t\t\t<div class=\"heading__layout\">\n\t\t\t<div class=\"heading__content-wrapper has-white-100-background-color\">\n\t\t\t\t<div class=\"heading__content has-white-100-background-color\">\n\t\t\t\t\t\t\t\t\t<p id=\"breadcrumbs\"><span><span><a href=\"https:\/\/www.leclubdesaubergistes.fr\/it\/\">Accueil<\/a><\/span><\/span><\/p>\t\t\t\t\t\t\t\t\t<div class=\"acf-innerblocks-container\">\n\n<div class=\"wp-block-group heading-content-group is-layout-grid wp-container-core-group-is-layout-96b258e4 wp-block-group-is-layout-grid\">\n<h1 class=\"wp-block-heading has-text-align-left heading__title has-primary-color has-text-color has-xx-large-font-size\">Domande frequenti<\/h1>\n<\/div>\n\n<\/div>\n\t\t\t\t<\/div>\n\t\t\t\t\t\t\t\t<div class=\"heading__illustration illustration-with-parallax desktop-only\">\n\t\t\t\t\t<img decoding=\"async\" width=\"350\" height=\"350\" src=\"https:\/\/www.leclubdesaubergistes.fr\/wp-content\/uploads\/sites\/7\/2025\/04\/AMPOULE-LUMIERE.png\" class=\"attachment-full size-full\" alt=\"AMPOULE LUMIERE\" fetchpriority=\"high\" srcset=\"https:\/\/www.leclubdesaubergistes.fr\/wp-content\/uploads\/sites\/7\/2025\/04\/AMPOULE-LUMIERE.png 350w, https:\/\/www.leclubdesaubergistes.fr\/wp-content\/uploads\/sites\/7\/2025\/04\/AMPOULE-LUMIERE-300x300.png 300w\" sizes=\"(max-width: 350px) 100vw, 350px\" \/>\t\t\t\t<\/div>\n\t\t\t\t\t\t\t<\/div>\n\t\t<\/div>\n\t<\/div>\n<\/section>\n\n\n\t<section\n\t\tstyle=\"padding-top:var(--wp--preset--spacing--theme-default);padding-bottom:var(--wp--preset--spacing--theme-default);\" class=\"block-container align wp-block-acf-block-container has-background has-white-background-color has-global-padding is-layout-constrained wp-container-acf-block-container-is-layout-41c2f41c wp-block-acf-block-container-is-layout-constrained\"\t>\n\n\t\n\n<section id=\"\" class=\"align wp-block-acf-faq\">\n\t\n\t\t<div class=\"faq\">\n\t\t\t\t<div class=\"faq__item\">\n\t\t\t<div class=\"faq__question\" data-index=\"0\">\n\t\t\t\t<span class=\"faq__question-text \">L&#039;hotel dispone di connessione Wi-Fi gratuita?<\/span>\n\t\t\t<\/div>\n\t\t\t<div class=\"faq__answer\">\n\t\t\t\t<p>S\u00ec, l&#8217;hotel offre la connessione WI-FI gratuita in tutte le camere e le aree comuni.<\/p>\n\t\t\t<\/div>\n\t\t\t<svg class=\"faq__toggle-icon\" xmlns=\"http:\/\/www.w3.org\/2000\/svg\" width=\"16\" height=\"10\" viewBox=\"0 0 16 10\"\n\t\t\t\tfill=\"none\">\n\t\t\t\t<path d=\"M15 1L8 8L1 0.999999\" stroke=\"#3C3B3A\" stroke-width=\"2\" \/>\n\t\t\t<\/svg>\n\t\t<\/div>\n\t\t\t\t<div class=\"faq__item\">\n\t\t\t<div class=\"faq__question\" data-index=\"1\">\n\t\t\t\t<span class=\"faq__question-text \">L&#039;hotel Globe &amp; Cecil dispone di un ristorante?<\/span>\n\t\t\t<\/div>\n\t\t\t<div class=\"faq__answer\">\n\t\t\t\t<p>Il nostro ristorante, Comptoir Cecil, \u00e8 aperto dal luned\u00ec al venerd\u00ec. Offre una cucina casalinga creativa che utilizza prodotti locali e di stagione. <\/p>\n\t\t\t<\/div>\n\t\t\t<svg class=\"faq__toggle-icon\" xmlns=\"http:\/\/www.w3.org\/2000\/svg\" width=\"16\" height=\"10\" viewBox=\"0 0 16 10\"\n\t\t\t\tfill=\"none\">\n\t\t\t\t<path d=\"M15 1L8 8L1 0.999999\" stroke=\"#3C3B3A\" stroke-width=\"2\" \/>\n\t\t\t<\/svg>\n\t\t<\/div>\n\t\t\t\t<div class=\"faq__item\">\n\t\t\t<div class=\"faq__question\" data-index=\"2\">\n\t\t\t\t<span class=\"faq__question-text \">La colazione pu\u00f2 essere servita in camera?<\/span>\n\t\t\t<\/div>\n\t\t\t<div class=\"faq__answer\">\n\t\t\t\t<p>S\u00ec, il servizio in camera \u00e8 disponibile senza costi aggiuntivi.<\/p>\n\t\t\t<\/div>\n\t\t\t<svg class=\"faq__toggle-icon\" xmlns=\"http:\/\/www.w3.org\/2000\/svg\" width=\"16\" height=\"10\" viewBox=\"0 0 16 10\"\n\t\t\t\tfill=\"none\">\n\t\t\t\t<path d=\"M15 1L8 8L1 0.999999\" stroke=\"#3C3B3A\" stroke-width=\"2\" \/>\n\t\t\t<\/svg>\n\t\t<\/div>\n\t\t\t\t<div class=\"faq__item\">\n\t\t\t<div class=\"faq__question\" data-index=\"3\">\n\t\t\t\t<span class=\"faq__question-text \">Quali sono le condizioni per cancellare una prenotazione?<\/span>\n\t\t\t<\/div>\n\t\t\t<div class=\"faq__answer\">\n\t\t\t\t<p>Tutte le prenotazioni a tariffa giornaliera possono essere cancellate gratuitamente fino alle 18:00 prima dell&#8217;arrivo. Queste condizioni non si applicano alle tariffe speciali &#8220;non cancellabili e non rimborsabili&#8221;. <\/p>\n\t\t\t<\/div>\n\t\t\t<svg class=\"faq__toggle-icon\" xmlns=\"http:\/\/www.w3.org\/2000\/svg\" width=\"16\" height=\"10\" viewBox=\"0 0 16 10\"\n\t\t\t\tfill=\"none\">\n\t\t\t\t<path d=\"M15 1L8 8L1 0.999999\" stroke=\"#3C3B3A\" stroke-width=\"2\" \/>\n\t\t\t<\/svg>\n\t\t<\/div>\n\t\t\t\t<div class=\"faq__item\">\n\t\t\t<div class=\"faq__question\" data-index=\"4\">\n\t\t\t\t<span class=\"faq__question-text \">Gli animali domestici sono ammessi?<\/span>\n\t\t\t<\/div>\n\t\t\t<div class=\"faq__answer\">\n\t\t\t\t<p>I vostri animali domestici sono i benvenuti. I prezzi sono disponibili nella pagina dei servizi. <\/p>\n\t\t\t<\/div>\n\t\t\t<svg class=\"faq__toggle-icon\" xmlns=\"http:\/\/www.w3.org\/2000\/svg\" width=\"16\" height=\"10\" viewBox=\"0 0 16 10\"\n\t\t\t\tfill=\"none\">\n\t\t\t\t<path d=\"M15 1L8 8L1 0.999999\" stroke=\"#3C3B3A\" stroke-width=\"2\" \/>\n\t\t\t<\/svg>\n\t\t<\/div>\n\t\t\t\t<div class=\"faq__item\">\n\t\t\t<div class=\"faq__question\" data-index=\"5\">\n\t\t\t\t<span class=\"faq__question-text \">L&#039;hotel dispone di un parcheggio?<\/span>\n\t\t\t<\/div>\n\t\t\t<div class=\"faq__answer\">\n\t\t\t\t<p>No, ma il Globe et Cecil \u00e8 situato in una posizione ideale nel centro della citt\u00e0, a due passi dai parcheggi LPA C\u00e9lestins e Bellecour.<\/p>\n\t\t\t<\/div>\n\t\t\t<svg class=\"faq__toggle-icon\" xmlns=\"http:\/\/www.w3.org\/2000\/svg\" width=\"16\" height=\"10\" viewBox=\"0 0 16 10\"\n\t\t\t\tfill=\"none\">\n\t\t\t\t<path d=\"M15 1L8 8L1 0.999999\" stroke=\"#3C3B3A\" stroke-width=\"2\" \/>\n\t\t\t<\/svg>\n\t\t<\/div>\n\t\t\t<\/div>\n\t\t<\/section>\n\n\n\n<\/section>\n","protected":false},"excerpt":{"rendered":"","protected":false},"author":2,"featured_media":0,"parent":0,"menu_order":0,"comment_status":"closed","ping_status":"closed","template":"","meta":{"_acf_changed":false,"inline_featured_image":false,"footnotes":""},"class_list":["post-3567","page","type-page","status-publish","hentry"],"acf":[],"yoast_head":"<!-- This site is optimized with the Yoast SEO plugin v27.4 - https:\/\/yoast.com\/product\/yoast-seo-wordpress\/ -->\n<title>FAQ Club des Aubergistes, organizzazione eventi a Lione<\/title>\n<meta name=\"description\" content=\"Trovate tutte le risposte alle vostre domande sul Globe &amp; Cecil, un hotel a 4 stelle nel centro di Lione. Servizi, strutture, accesso...\" \/>\n<meta name=\"robots\" content=\"index, follow, max-snippet:-1, max-image-preview:large, max-video-preview:-1\" \/>\n<link rel=\"canonical\" href=\"https:\/\/www.leclubdesaubergistes.fr\/it\/domande-frequenti\/\" \/>\n<meta property=\"og:locale\" content=\"it_IT\" \/>\n<meta property=\"og:type\" content=\"article\" \/>\n<meta property=\"og:title\" content=\"FAQ Club des Aubergistes, organizzazione eventi a Lione\" \/>\n<meta property=\"og:description\" content=\"Trovate tutte le risposte alle vostre domande sul Globe &amp; Cecil, un hotel a 4 stelle nel centro di Lione. Servizi, strutture, accesso...\" \/>\n<meta property=\"og:url\" content=\"https:\/\/www.leclubdesaubergistes.fr\/it\/domande-frequenti\/\" \/>\n<meta property=\"og:site_name\" content=\"Le Club des Aubergistes\" \/>\n<meta property=\"article:modified_time\" content=\"2025-09-09T08:48:34+00:00\" \/>\n<meta name=\"twitter:card\" content=\"summary_large_image\" \/>\n<meta name=\"twitter:label1\" content=\"Tempo di lettura stimato\" \/>\n\t<meta name=\"twitter:data1\" content=\"1 minuto\" \/>\n<script type=\"application\/ld+json\" class=\"yoast-schema-graph\">{\"@context\":\"https:\\\/\\\/schema.org\",\"@graph\":[{\"@type\":\"WebPage\",\"@id\":\"https:\\\/\\\/www.leclubdesaubergistes.fr\\\/it\\\/domande-frequenti\\\/\",\"url\":\"https:\\\/\\\/www.leclubdesaubergistes.fr\\\/it\\\/domande-frequenti\\\/\",\"name\":\"FAQ Club des Aubergistes, organizzazione eventi a Lione\",\"isPartOf\":{\"@id\":\"https:\\\/\\\/www.leclubdesaubergistes.fr\\\/it\\\/#website\"},\"datePublished\":\"2025-04-16T15:40:05+00:00\",\"dateModified\":\"2025-09-09T08:48:34+00:00\",\"description\":\"Trovate tutte le risposte alle vostre domande sul Globe & Cecil, un hotel a 4 stelle nel centro di Lione. Servizi, strutture, accesso...\",\"breadcrumb\":{\"@id\":\"https:\\\/\\\/www.leclubdesaubergistes.fr\\\/it\\\/domande-frequenti\\\/#breadcrumb\"},\"inLanguage\":\"it-IT\",\"potentialAction\":[{\"@type\":\"ReadAction\",\"target\":[\"https:\\\/\\\/www.leclubdesaubergistes.fr\\\/it\\\/domande-frequenti\\\/\"]}]},{\"@type\":\"BreadcrumbList\",\"@id\":\"https:\\\/\\\/www.leclubdesaubergistes.fr\\\/it\\\/domande-frequenti\\\/#breadcrumb\",\"itemListElement\":[{\"@type\":\"ListItem\",\"position\":1,\"name\":\"Accueil\",\"item\":\"https:\\\/\\\/www.leclubdesaubergistes.fr\\\/it\\\/\"},{\"@type\":\"ListItem\",\"position\":2,\"name\":\"Domande frequenti\"}]},{\"@type\":\"WebSite\",\"@id\":\"https:\\\/\\\/www.leclubdesaubergistes.fr\\\/it\\\/#website\",\"url\":\"https:\\\/\\\/www.leclubdesaubergistes.fr\\\/it\\\/\",\"name\":\"Globe Cecil\",\"description\":\"\",\"publisher\":{\"@id\":\"https:\\\/\\\/www.leclubdesaubergistes.fr\\\/it\\\/#organization\"},\"potentialAction\":[{\"@type\":\"SearchAction\",\"target\":{\"@type\":\"EntryPoint\",\"urlTemplate\":\"https:\\\/\\\/www.leclubdesaubergistes.fr\\\/it\\\/?s={search_term_string}\"},\"query-input\":{\"@type\":\"PropertyValueSpecification\",\"valueRequired\":true,\"valueName\":\"search_term_string\"}}],\"inLanguage\":\"it-IT\"},{\"@type\":\"Organization\",\"@id\":\"https:\\\/\\\/www.leclubdesaubergistes.fr\\\/it\\\/#organization\",\"name\":\"Globe Cecil\",\"url\":\"https:\\\/\\\/www.leclubdesaubergistes.fr\\\/it\\\/\",\"logo\":{\"@type\":\"ImageObject\",\"inLanguage\":\"it-IT\",\"@id\":\"https:\\\/\\\/www.leclubdesaubergistes.fr\\\/it\\\/#\\\/schema\\\/logo\\\/image\\\/\",\"url\":\"https:\\\/\\\/www.leclubdesaubergistes.fr\\\/wp-content\\\/uploads\\\/sites\\\/7\\\/2025\\\/05\\\/LOGO-Club-des-Aubergistes-White.svg\",\"contentUrl\":\"https:\\\/\\\/www.leclubdesaubergistes.fr\\\/wp-content\\\/uploads\\\/sites\\\/7\\\/2025\\\/05\\\/LOGO-Club-des-Aubergistes-White.svg\",\"width\":459,\"height\":128,\"caption\":\"Globe Cecil\"},\"image\":{\"@id\":\"https:\\\/\\\/www.leclubdesaubergistes.fr\\\/it\\\/#\\\/schema\\\/logo\\\/image\\\/\"}}]}<\/script>\n<!-- \/ Yoast SEO plugin. -->","yoast_head_json":{"title":"FAQ Club des Aubergistes, organizzazione eventi a Lione","description":"Trovate tutte le risposte alle vostre domande sul Globe & Cecil, un hotel a 4 stelle nel centro di Lione. Servizi, strutture, accesso...","robots":{"index":"index","follow":"follow","max-snippet":"max-snippet:-1","max-image-preview":"max-image-preview:large","max-video-preview":"max-video-preview:-1"},"canonical":"https:\/\/www.leclubdesaubergistes.fr\/it\/domande-frequenti\/","og_locale":"it_IT","og_type":"article","og_title":"FAQ Club des Aubergistes, organizzazione eventi a Lione","og_description":"Trovate tutte le risposte alle vostre domande sul Globe & Cecil, un hotel a 4 stelle nel centro di Lione. Servizi, strutture, accesso...","og_url":"https:\/\/www.leclubdesaubergistes.fr\/it\/domande-frequenti\/","og_site_name":"Le Club des Aubergistes","article_modified_time":"2025-09-09T08:48:34+00:00","twitter_card":"summary_large_image","twitter_misc":{"Tempo di lettura stimato":"1 minuto"},"schema":{"@context":"https:\/\/schema.org","@graph":[{"@type":"WebPage","@id":"https:\/\/www.leclubdesaubergistes.fr\/it\/domande-frequenti\/","url":"https:\/\/www.leclubdesaubergistes.fr\/it\/domande-frequenti\/","name":"FAQ Club des Aubergistes, organizzazione eventi a Lione","isPartOf":{"@id":"https:\/\/www.leclubdesaubergistes.fr\/it\/#website"},"datePublished":"2025-04-16T15:40:05+00:00","dateModified":"2025-09-09T08:48:34+00:00","description":"Trovate tutte le risposte alle vostre domande sul Globe & Cecil, un hotel a 4 stelle nel centro di Lione. Servizi, strutture, accesso...","breadcrumb":{"@id":"https:\/\/www.leclubdesaubergistes.fr\/it\/domande-frequenti\/#breadcrumb"},"inLanguage":"it-IT","potentialAction":[{"@type":"ReadAction","target":["https:\/\/www.leclubdesaubergistes.fr\/it\/domande-frequenti\/"]}]},{"@type":"BreadcrumbList","@id":"https:\/\/www.leclubdesaubergistes.fr\/it\/domande-frequenti\/#breadcrumb","itemListElement":[{"@type":"ListItem","position":1,"name":"Accueil","item":"https:\/\/www.leclubdesaubergistes.fr\/it\/"},{"@type":"ListItem","position":2,"name":"Domande frequenti"}]},{"@type":"WebSite","@id":"https:\/\/www.leclubdesaubergistes.fr\/it\/#website","url":"https:\/\/www.leclubdesaubergistes.fr\/it\/","name":"Globe Cecil","description":"","publisher":{"@id":"https:\/\/www.leclubdesaubergistes.fr\/it\/#organization"},"potentialAction":[{"@type":"SearchAction","target":{"@type":"EntryPoint","urlTemplate":"https:\/\/www.leclubdesaubergistes.fr\/it\/?s={search_term_string}"},"query-input":{"@type":"PropertyValueSpecification","valueRequired":true,"valueName":"search_term_string"}}],"inLanguage":"it-IT"},{"@type":"Organization","@id":"https:\/\/www.leclubdesaubergistes.fr\/it\/#organization","name":"Globe Cecil","url":"https:\/\/www.leclubdesaubergistes.fr\/it\/","logo":{"@type":"ImageObject","inLanguage":"it-IT","@id":"https:\/\/www.leclubdesaubergistes.fr\/it\/#\/schema\/logo\/image\/","url":"https:\/\/www.leclubdesaubergistes.fr\/wp-content\/uploads\/sites\/7\/2025\/05\/LOGO-Club-des-Aubergistes-White.svg","contentUrl":"https:\/\/www.leclubdesaubergistes.fr\/wp-content\/uploads\/sites\/7\/2025\/05\/LOGO-Club-des-Aubergistes-White.svg","width":459,"height":128,"caption":"Globe Cecil"},"image":{"@id":"https:\/\/www.leclubdesaubergistes.fr\/it\/#\/schema\/logo\/image\/"}}]}},"_links":{"self":[{"href":"https:\/\/www.leclubdesaubergistes.fr\/it\/wp-json\/wp\/v2\/pages\/3567","targetHints":{"allow":["GET"]}}],"collection":[{"href":"https:\/\/www.leclubdesaubergistes.fr\/it\/wp-json\/wp\/v2\/pages"}],"about":[{"href":"https:\/\/www.leclubdesaubergistes.fr\/it\/wp-json\/wp\/v2\/types\/page"}],"author":[{"embeddable":true,"href":"https:\/\/www.leclubdesaubergistes.fr\/it\/wp-json\/wp\/v2\/users\/2"}],"replies":[{"embeddable":true,"href":"https:\/\/www.leclubdesaubergistes.fr\/it\/wp-json\/wp\/v2\/comments?post=3567"}],"version-history":[{"count":3,"href":"https:\/\/www.leclubdesaubergistes.fr\/it\/wp-json\/wp\/v2\/pages\/3567\/revisions"}],"predecessor-version":[{"id":8083,"href":"https:\/\/www.leclubdesaubergistes.fr\/it\/wp-json\/wp\/v2\/pages\/3567\/revisions\/8083"}],"wp:attachment":[{"href":"https:\/\/www.leclubdesaubergistes.fr\/it\/wp-json\/wp\/v2\/media?parent=3567"}],"curies":[{"name":"wp","href":"https:\/\/api.w.org\/{rel}","templated":true}]}}